{"id":68289,"date":"2024-06-25T18:07:00","date_gmt":"2024-06-25T16:07:00","guid":{"rendered":"https:\/\/www.cryptvice.com\/shop\/pixel-6a-protecao-de-ecras\/"},"modified":"2024-06-25T18:07:00","modified_gmt":"2024-06-25T16:07:00","slug":"pixel-6a-protecao-de-ecras","status":"publish","type":"product","link":"https:\/\/www.cryptvice.com\/pt-pt\/shop\/pixel-6a-protecao-de-ecras\/","title":{"rendered":"Pixel 6a &#8211; Prote\u00e7\u00e3o de ecr\u00e3s"},"content":{"rendered":"","protected":false},"excerpt":{"rendered":"<p>A tela do Google Pixel 6a bloqueia a luz de fundo do ecr\u00e3 com a ajuda da tecnologia Mikro-Lamellen. O teu ecr\u00e3 de ecr\u00e3 \u00e9 limpo por fora e est\u00e1 afundado por dentro. Funciona com o toque do dedo no ecr\u00e3 &#8211; n\u00e3o h\u00e1 problemas com o Desbloqueio facial ou com a facilidade de utiliza\u00e7\u00e3o.    <\/p>\n<p>\u2713 9H geh\u00e4rtetes Glas mit Anti-Spion-Filter (~28\u00b0 Betrachtungswinkel)<br \/>\n\u2713 Fingerabdruckleser und Face Unlock kompatibel<br \/>\n\u2713 Oleophobe Beschichtung &#8211; widersteht Fingerabdr\u00fccken und Flecken<br \/>\n\u2713 Blasenfreie Installation, Case-freundliche Passform<br \/>\n\u2713 Pr\u00e4zisionsschnitt f\u00fcr das Google Pixel 6a<\/p>\n","protected":false},"featured_media":0,"comment_status":"closed","ping_status":"closed","template":"","meta":[],"product_brand":[],"product_cat":[108],"product_tag":[],"class_list":{"0":"post-68289","1":"product","2":"type-product","3":"status-publish","5":"product_cat-accessoires","7":"first","8":"instock","9":"taxable","10":"shipping-taxable","11":"product-type-simple"},"_links":{"self":[{"href":"https:\/\/www.cryptvice.com\/pt-pt\/wp-json\/wp\/v2\/product\/68289","targetHints":{"allow":["GET"]}}],"collection":[{"href":"https:\/\/www.cryptvice.com\/pt-pt\/wp-json\/wp\/v2\/product"}],"about":[{"href":"https:\/\/www.cryptvice.com\/pt-pt\/wp-json\/wp\/v2\/types\/product"}],"replies":[{"embeddable":true,"href":"https:\/\/www.cryptvice.com\/pt-pt\/wp-json\/wp\/v2\/comments?post=68289"}],"version-history":[{"count":0,"href":"https:\/\/www.cryptvice.com\/pt-pt\/wp-json\/wp\/v2\/product\/68289\/revisions"}],"wp:attachment":[{"href":"https:\/\/www.cryptvice.com\/pt-pt\/wp-json\/wp\/v2\/media?parent=68289"}],"wp:term":[{"taxonomy":"product_brand","embeddable":true,"href":"https:\/\/www.cryptvice.com\/pt-pt\/wp-json\/wp\/v2\/product_brand?post=68289"},{"taxonomy":"product_cat","embeddable":true,"href":"https:\/\/www.cryptvice.com\/pt-pt\/wp-json\/wp\/v2\/product_cat?post=68289"},{"taxonomy":"product_tag","embeddable":true,"href":"https:\/\/www.cryptvice.com\/pt-pt\/wp-json\/wp\/v2\/product_tag?post=68289"}],"curies":[{"name":"wp","href":"https:\/\/api.w.org\/{rel}","templated":true}]}}