{"id":68350,"date":"2026-03-16T13:32:15","date_gmt":"2026-03-16T11:32:15","guid":{"rendered":"https:\/\/www.cryptvice.com\/?post_type=product&#038;p=68350"},"modified":"2026-04-24T20:59:21","modified_gmt":"2026-04-24T18:59:21","slug":"google-pixel-9a-grapheneos-vpn-encriptada","status":"publish","type":"product","link":"https:\/\/www.cryptvice.com\/pt-pt\/shop\/google-pixel-9a-grapheneos-vpn-encriptada\/","title":{"rendered":"Google Pixel 10a GrapheneOS VPN encriptada"},"content":{"rendered":"\t\t<div data-elementor-type=\"product-post\" data-elementor-id=\"68350\" class=\"elementor elementor-68350 elementor-68302\" data-elementor-post-type=\"product\">\n\t\t\t\t<div class=\"wd-negative-gap elementor-element elementor-element-3cda95f6 e-flex e-con-boxed e-con e-parent\" data-id=\"3cda95f6\" data-element_type=\"container\" data-e-type=\"container\">\n\t\t\t\t\t<div class=\"e-con-inner\">\n\t\t\t\t\t\t\t<h2 \n\t\tdata-interaction-id=\"65471633\" \n\t\tclass=\"text-balance e-65471633-a1dbfa1 e-heading-base\" \n\t\t \n\t\tdata-e-type=\"widget\" data-id=\"65471633\"\n\t>\n\t\n\t\t\tA quem se destina o Google Pixel 10a GrapheneOS?\n\t\t<\/h2>\n\t\t\t\t\t\t\t\t<p class=\"paragraph-small e-paragraph-base\" data-interaction-id=\"f7f7851\"  data-e-type=\"widget\" data-id=\"f7f7851\">\n\t\t\t\t\t\t\t\tO Google Pixel 10a GrapheneOS VPN Encrypted foi concebido para utilizadores que querem privacidade a s\u00e9rio sem o pre\u00e7o de um carro-chefe:<br><br>- Utilizadores de GrapheneOS pela primeira vez que mudam do Android stock<br>- Estudantes, freelancers e profissionais independentes que lidam com trabalho sens\u00edvel<br>- Indiv\u00edduos preocupados com a privacidade que querem o mesmo SO e pilha de seguran\u00e7a que os nossos dispositivos de topo<br>- Qualquer pessoa que entenda que o n\u00edvel de hardware n\u00e3o muda o que o GrapheneOS protege<br><br>O Pixel 10a tem o mesmo processador Tensor G5 e o chip de seguran\u00e7a Titan M2 que o Pixel 10. A prote\u00e7\u00e3o que aplicamos \u00e9 id\u00eantica. O pre\u00e7o \u00e9 mais baixo porque o sistema de c\u00e2maras \u00e9 mais simples - n\u00e3o porque a seguran\u00e7a o seja.  \n\t\t\t\t\t<\/p>\n\t\t\t\t\t\t\t<h2 \n\t\tdata-interaction-id=\"67c46f93\" \n\t\tclass=\"text-balance e-67c46f93-1bdd616 e-heading-base\" \n\t\t \n\t\tdata-e-type=\"widget\" data-id=\"67c46f93\"\n\t>\n\t\n\t\t\tGrapheneOS no Pixel 10a\n\t\t<\/h2>\n\t\t\t\t\t\t\t\t<p class=\"paragraph-small e-paragraph-base\" data-interaction-id=\"3169cfd2\"  data-e-type=\"widget\" data-id=\"3169cfd2\">\n\t\t\t\t\t\t\t\tA instala\u00e7\u00e3o \u00e9 id\u00eantica \u00e0 de qualquer outro dispositivo da nossa gama:<br><br>- Compila\u00e7\u00e3o GrapheneOS verificada a partir de fontes oficiais assinadas criptograficamente<br>- Bloqueio do carregador de arranque ap\u00f3s a instala\u00e7\u00e3o para um arranque verificado for\u00e7ado por hardware<br>- Remo\u00e7\u00e3o de todos os servi\u00e7os Google - sem Play Services, sem telemetria, sem excep\u00e7\u00f5es<br>- Sistema refor\u00e7ado contra vectores de ataque m\u00f3veis documentados<br>- Configurado para um desempenho est\u00e1vel e eficiente no hardware Tensor G5<br><br>O Pixel 10a \u00e9 suportado com actualiza\u00e7\u00f5es de seguran\u00e7a at\u00e9 2032.\n\t\t\t\t\t<\/p>\n\t\t\t\t\t\t\t<h2 \n\t\tdata-interaction-id=\"7596d27f\" \n\t\tclass=\"text-balance e-7596d27f-841ab4e e-heading-base\" \n\t\t \n\t\tdata-e-type=\"widget\" data-id=\"7596d27f\"\n\t>\n\t\n\t\t\tEndurecimento da aplica\u00e7\u00e3o no Pixel 10a\n\t\t<\/h2>\n\t\t\t\t\t\t\t\t<p class=\"paragraph-small e-paragraph-base\" data-interaction-id=\"29655ed6\"  data-e-type=\"widget\" data-id=\"29655ed6\">\n\t\t\t\t\t\t\t\tCada aplica\u00e7\u00e3o \u00e9 configurada individualmente - o mesmo padr\u00e3o aplicado ao nosso dispositivo mais caro:<br><br>- Permiss\u00f5es reduzidas ao m\u00ednimo funcional por aplica\u00e7\u00e3o<br>- Processos em segundo plano restritos para evitar a transmiss\u00e3o silenciosa de dados<br>- Acesso \u00e0 rede delimitado por aplica\u00e7\u00e3o - n\u00e3o concedido globalmente<br>- Aplica\u00e7\u00e3o de sandboxing GrapheneOS entre todas as aplica\u00e7\u00f5es instaladas<br>- Acesso ao armazenamento isolado para evitar a exposi\u00e7\u00e3o de dados entre aplica\u00e7\u00f5es\n\t\t\t\t\t<\/p>\n\t\t\t\t\t\t\t<h2 \n\t\tdata-interaction-id=\"724c0e34\" \n\t\tclass=\"text-balance e-724c0e34-b526a74 e-heading-base\" \n\t\t \n\t\tdata-e-type=\"widget\" data-id=\"724c0e34\"\n\t>\n\t\n\t\t\tConectividade VPN encriptada\n\t\t<\/h2>\n\t\t\t\t\t\t\t\t<p class=\"paragraph-small e-paragraph-base\" data-interaction-id=\"3f3ebf6\"  data-e-type=\"widget\" data-id=\"3f3ebf6\">\n\t\t\t\t\t\t\t\tSeleciona o teu fornecedor durante o checkout - instalado, configurado e testado antes do envio:<br><br>- Mullvad - n\u00e3o necessita de conta, pagamento an\u00f3nimo, jurisdi\u00e7\u00e3o sueca<br>- iVPN - cliente auditado de fonte aberta, encaminhamento multi-hop,<br>baseado em Gibraltar - ProtonVPN - prote\u00e7\u00e3o jur\u00eddica su\u00ed\u00e7a, encaminhamento do servidor Secure Core<br><br>A VPN est\u00e1 ativa a partir do momento em que a ligas. N\u00e3o precisas de configurar. \n\t\t\t\t\t<\/p>\n\t\t\t\t\t\t\t<h2 \n\t\tdata-interaction-id=\"11f53c5f\" \n\t\tclass=\"text-balance e-11f53c5f-af4afa2 e-heading-base\" \n\t\t \n\t\tdata-e-type=\"widget\" data-id=\"11f53c5f\"\n\t>\n\t\n\t\t\tFerramentas de privacidade pr\u00e9-instaladas no Google Pixel 10a\n\t\t<\/h2>\n\t\t\t\t\t\t\t\t<p class=\"paragraph-small e-paragraph-base\" data-interaction-id=\"43be036f\"  data-e-type=\"widget\" data-id=\"43be036f\">\n\t\t\t\t\t\t\t\tRede segura<br>- Orbot - Encaminhamento de rede Tor para casos de utiliza\u00e7\u00e3o de elevado anonimato<br>- VPN Premium - o teu fornecedor selecionado, pr\u00e9-configurado e testado<br><br>Navega\u00e7\u00e3o privada<br>- Firefox Focus - sem localizadores, sem hist\u00f3rico de sess\u00f5es persistente<br><br>Acesso a aplica\u00e7\u00f5es<br>- Aurora Store - Aplica\u00e7\u00f5es da Play Store sem uma conta Google<br>- F-Droid - reposit\u00f3rio de aplica\u00e7\u00f5es de c\u00f3digo aberto<br><br>Comunica\u00e7\u00e3o segura<br>- Molly - fork refor\u00e7ado do Signal com uma arquitetura de seguran\u00e7a refor\u00e7ada<br>- Threema - mensagens encriptadas de ponta a ponta desenvolvidas na Su\u00ed\u00e7a, em conformidade com o RGPD<br>- SimpleX - descentralizado, sem n\u00famero de telefone, sem ID de utilizador<br><br>Produtividade<br>- Standard Notes - encriptado de ponta a ponta, n\u00e3o necessita de nuvem<br>- eM Client - correio eletr\u00f3nico sem rastreio ou monetiza\u00e7\u00e3o de dados\n\t\t\t\t\t<\/p>\n\t\t\t\t\t\t\t<h2 \n\t\tdata-interaction-id=\"474c4def\" \n\t\tclass=\"text-balance e-474c4def-b0b5a73 e-heading-base\" \n\t\t \n\t\tdata-e-type=\"widget\" data-id=\"474c4def\"\n\t>\n\t\n\t\t\tO que torna a Cryptvice diferente\n\t\t<\/h2>\n\t\t\t\t\t\t\t\t<p class=\"paragraph-small e-paragraph-base\" data-interaction-id=\"529eb46\"  data-e-type=\"widget\" data-id=\"529eb46\">\n\t\t\t\t\t\t\t\t- Configura\u00e7\u00e3o individual - cada dispositivo \u00e9 preparado \u00e0 m\u00e3o antes do envio<br>- Verifica\u00e7\u00e3o pr\u00e9-embarque - seguran\u00e7a verificada em cada encomenda<br>- Embalagem discreta - neutra, sem marca vis\u00edvel na entrega<br>- Pagamentos em criptomoeda - op\u00e7\u00f5es de compra an\u00f3nimas dispon\u00edveis<br>- Opera\u00e7\u00f5es baseadas na UE - envios a partir de Marbella, Espanha, com rastreio completo<br>- Apoio especializado - 30 dias de utilizadores di\u00e1rios de GrapheneOS\n\t\t\t\t\t<\/p>\n\t\t\t\t\t\t\t<h2 \n\t\tdata-interaction-id=\"5f61cf8a\" \n\t\tclass=\"text-balance e-5f61cf8a-28a75e6 e-heading-base\" \n\t\t \n\t\tdata-e-type=\"widget\" data-id=\"5f61cf8a\"\n\t>\n\t\n\t\t\tEnvio e garantia\n\t\t<\/h2>\n\t\t\t\t\t\t\t\t<p class=\"paragraph-small e-paragraph-base\" data-interaction-id=\"79aa73cf\"  data-e-type=\"widget\" data-id=\"79aa73cf\">\n\t\t\t\t\t\t\t\tAs encomendas s\u00e3o enviadas no prazo de 1 dia \u00fatil. Os detalhes de rastreio s\u00e3o fornecidos aquando do envio. <br><br>Aceitam-se devolu\u00e7\u00f5es de aparelhos com defeito em Espanha. As devolu\u00e7\u00f5es n\u00e3o defeituosas est\u00e3o sujeitas a custos de envio. Aplica-se a garantia padr\u00e3o de hardware da Google. Configura\u00e7\u00e3o de software inclu\u00edda como servi\u00e7o profissional.   \n\t\t\t\t\t<\/p>\n\t\t\t\t\t\t\t\t<p class=\"paragraph-small button-dark-icon e-12b64e54-10faba0 e-paragraph-base\" data-interaction-id=\"12b64e54\"  data-e-type=\"widget\" data-id=\"12b64e54\">\n\t\t\t\t\t\t\t<a\n\t\t\t\t\thref=\"https:\/\/www.cryptvice.com\/pt-pt\/help-and-support\/\" target=\"_self\"\n\t\t\t\t\tclass=\"e-paragraph-link-base\"\n\t\t\t\t>\n\t\t\t\t\t\tTens d\u00favidas? V\u00ea as nossas FAQs de Ajuda e Suporte \n\t\t\t\t<\/a>\n\t\t\t\t\t<\/p>\n\t\t\t\t\t<\/div>\n\t\t\t\t<\/div>\n\t\t\t\t<\/div>\n\t\t","protected":false},"excerpt":{"rendered":"<p>O Google Pixel 10a GrapheneOS tem o mesmo processador Tensor G5 e o mesmo chip de seguran\u00e7a Titan M2 do Pixel 10 &#8211; a um pre\u00e7o mais acess\u00edvel, sem economizar na prote\u00e7\u00e3o.<\/p>\n<p>\u2713 Pr\u00e9-instalado com GrapheneOS &#8211; sem Google, sem rastreamento<br \/>\n\u2713 Sinal, Molly e Threema ativados com n\u00famero virtual<br \/>\n\u2713 VPN Premium + perfil duplo com prote\u00e7\u00e3o total<br \/>\n\u2713 Bloqueador de dados USB e limpeza de coa\u00e7\u00e3o ativados<\/p>\n","protected":false},"featured_media":73589,"comment_status":"closed","ping_status":"closed","template":"","meta":[],"product_brand":[],"product_cat":[6648],"product_tag":[],"class_list":{"0":"post-68350","1":"product","2":"type-product","3":"status-publish","4":"has-post-thumbnail","6":"product_cat-cryptphones-2","7":"pa_audio-connection-no","8":"pa_battery-capacity-5100-mah","9":"pa_bluetooth-5-3","10":"pa_brand-google","11":"pa_camera-back-13-mp-f-2-2-120-ultrawide","12":"pa_camera-back-48-mp-f-1-7-25mm-wide","13":"pa_camera-front-13-mp-f-2-2-20mm-ultrawide","14":"pa_color-black","15":"pa_graphics-series-arm-mali-g715-mp7","16":"pa_guaranteed-security-updates-01-apr-2032","17":"pa_manufacturer-guarantee-12-months","18":"pa_model-pixel-10a","19":"pa_operating-system-grapheneos","20":"pa_processor-octa-core-3-1-ghz","21":"pa_ram-size-8-gb","22":"pa_release-years-10-apr-2025","23":"pa_resolution-1080-x-2424-pixels","24":"pa_screen-diagonal-6-3","25":"pa_screen-ppi-422-ppi","26":"pa_screen-ratio-209-ratio","27":"pa_screen-refresh-rate-120hz","28":"pa_screen-type-p-oled","29":"pa_security-features-oem-unlock","30":"pa_security-features-vpn-encrypted","31":"pa_storage-128-gb","32":"pa_system-chip-google-tensor-g4","33":"pa_vpn-cover-ivpn-12m","34":"pa_vpn-cover-ivpn-6m","35":"pa_vpn-cover-mullvad-12m","36":"pa_vpn-cover-mullvad-6m","37":"pa_vpn-cover-protonvpn-12m","39":"first","40":"instock","41":"featured","42":"taxable","43":"shipping-taxable","44":"purchasable","45":"product-type-variable"},"_links":{"self":[{"href":"https:\/\/www.cryptvice.com\/pt-pt\/wp-json\/wp\/v2\/product\/68350","targetHints":{"allow":["GET"]}}],"collection":[{"href":"https:\/\/www.cryptvice.com\/pt-pt\/wp-json\/wp\/v2\/product"}],"about":[{"href":"https:\/\/www.cryptvice.com\/pt-pt\/wp-json\/wp\/v2\/types\/product"}],"replies":[{"embeddable":true,"href":"https:\/\/www.cryptvice.com\/pt-pt\/wp-json\/wp\/v2\/comments?post=68350"}],"version-history":[{"count":3,"href":"https:\/\/www.cryptvice.com\/pt-pt\/wp-json\/wp\/v2\/product\/68350\/revisions"}],"predecessor-version":[{"id":73600,"href":"https:\/\/www.cryptvice.com\/pt-pt\/wp-json\/wp\/v2\/product\/68350\/revisions\/73600"}],"wp:featuredmedia":[{"embeddable":true,"href":"https:\/\/www.cryptvice.com\/pt-pt\/wp-json\/wp\/v2\/media\/73589"}],"wp:attachment":[{"href":"https:\/\/www.cryptvice.com\/pt-pt\/wp-json\/wp\/v2\/media?parent=68350"}],"wp:term":[{"taxonomy":"product_brand","embeddable":true,"href":"https:\/\/www.cryptvice.com\/pt-pt\/wp-json\/wp\/v2\/product_brand?post=68350"},{"taxonomy":"product_cat","embeddable":true,"href":"https:\/\/www.cryptvice.com\/pt-pt\/wp-json\/wp\/v2\/product_cat?post=68350"},{"taxonomy":"product_tag","embeddable":true,"href":"https:\/\/www.cryptvice.com\/pt-pt\/wp-json\/wp\/v2\/product_tag?post=68350"}],"curies":[{"name":"wp","href":"https:\/\/api.w.org\/{rel}","templated":true}]}}