{"id":68999,"date":"2026-03-17T20:34:36","date_gmt":"2026-03-17T18:34:36","guid":{"rendered":"https:\/\/www.cryptvice.com\/?post_type=product&#038;p=68999"},"modified":"2026-04-26T11:36:22","modified_gmt":"2026-04-26T09:36:22","slug":"google-pixel-10-grapheneos-vpn-encriptada","status":"publish","type":"product","link":"https:\/\/www.cryptvice.com\/pt-pt\/shop\/google-pixel-10-grapheneos-vpn-encriptada\/","title":{"rendered":"Google Pixel 10 Pro GrapheneOS VPN encriptada"},"content":{"rendered":"\t\t<div data-elementor-type=\"product-post\" data-elementor-id=\"68999\" class=\"elementor elementor-68999 elementor-68951\" data-elementor-post-type=\"product\">\n\t\t\t\t<div class=\"wd-negative-gap elementor-element elementor-element-e874f86 e-flex e-con-boxed e-con e-parent\" data-id=\"e874f86\" data-element_type=\"container\" data-e-type=\"container\">\n\t\t\t\t\t<div class=\"e-con-inner\">\n\t\t\t\t\t\t\t<h2 \n\t\tdata-interaction-id=\"30d21933\" \n\t\tclass=\"text-balance e-30d21933-6d90722 e-heading-base\" \n\t\t \n\t\tdata-e-type=\"widget\" data-id=\"30d21933\"\n\t>\n\t\n\t\t\tA quem se destina o Google Pixel 10 Pro GrapheneOS?\n\t\t<\/h2>\n\t\t\t\t\t\t\t\t<p class=\"paragraph-small e-paragraph-base\" data-interaction-id=\"5b35ff8d\"  data-e-type=\"widget\" data-id=\"5b35ff8d\">\n\t\t\t\t\t\t\t\tO Google Pixel 10 Pro GrapheneOS VPN Encrypted foi concebido para utilizadores que operam em ambientes onde tanto o desempenho como a privacidade n\u00e3o s\u00e3o negoci\u00e1veis:<br><br>\u2713 Jornalistas que gerem a prote\u00e7\u00e3o de fontes atrav\u00e9s de fronteiras internacionais<br>\u2713 Executivos que lidam com comunica\u00e7\u00f5es confidenciais ao n\u00edvel do conselho de administra\u00e7\u00e3o<br>\u2713 Ativistas que trabalham sob condi\u00e7\u00f5es de vigil\u00e2ncia ativa<br>\u2713 Profissionais jur\u00eddicos vinculados a obriga\u00e7\u00f5es estritas de confidencialidade do cliente<br>\u2713 Investigadores de seguran\u00e7a que requerem uma plataforma m\u00f3vel totalmente audit\u00e1vel<br><br>O Pixel 10 Pro traz processamento Tensor G5, 16GB de RAM e um sistema de c\u00e2mara tripla - tudo a funcionar num sistema operativo completamente des-Googled sem telemetria, sem liga\u00e7\u00f5es em segundo plano e sem exce\u00e7\u00f5es.\n\t\t\t\t\t<\/p>\n\t\t\t\t\t\t\t<h2 \n\t\tdata-interaction-id=\"7ce4edfd\" \n\t\tclass=\"text-balance e-7ce4edfd-3f440f4 e-heading-base\" \n\t\t \n\t\tdata-e-type=\"widget\" data-id=\"7ce4edfd\"\n\t>\n\t\n\t\t\tGrapheneOS no Pixel 10 Pro\n\t\t<\/h2>\n\t\t\t\t\t\t\t\t<p class=\"paragraph-small e-paragraph-base\" data-interaction-id=\"7a221ae7\"  data-e-type=\"widget\" data-id=\"7a221ae7\">\n\t\t\t\t\t\t\t\tCada Pixel 10 Pro deixa as nossas m\u00e3os ap\u00f3s um processo de instala\u00e7\u00e3o verificado:<br><br>\u2713 Limpa GrapheneOS build a partir de fontes oficiais verificadas<br>\u2713 Bootloader bloqueado ap\u00f3s a instala\u00e7\u00e3o para a imposi\u00e7\u00e3o de inicializa\u00e7\u00e3o verificada<br>\u2713 Todos os servi\u00e7os e telemetria do Google removidos no n\u00edvel do sistema<br>\u2713 Sistema endurecido contra vetores de ataque documentados atuais<br>\u2713 Desempenho de hardware ajustado para a arquitetura Tensor G5<br><br>O Pixel 10 Pro \u00e9 suportado com atualiza\u00e7\u00f5es de seguran\u00e7a at\u00e9 2032 - um dos compromissos de atualiza\u00e7\u00e3o mais longos dispon\u00edveis em qualquer hardware Android.\n\t\t\t\t\t<\/p>\n\t\t\t\t\t\t\t<h2 \n\t\tdata-interaction-id=\"7bbb740\" \n\t\tclass=\"text-balance e-7bbb740-c2203a8 e-heading-base\" \n\t\t \n\t\tdata-e-type=\"widget\" data-id=\"7bbb740\"\n\t>\n\t\n\t\t\tRefor\u00e7o de aplica\u00e7\u00f5es no Pixel 10 Pro\n\t\t<\/h2>\n\t\t\t\t\t\t\t\t<p class=\"paragraph-small e-paragraph-base\" data-interaction-id=\"4feafd63\"  data-e-type=\"widget\" data-id=\"4feafd63\">\n\t\t\t\t\t\t\t\tCada aplica\u00e7\u00e3o no dispositivo \u00e9 configurada individualmente antes do envio:<br><br>\u2713 Permiss\u00f5es reduzidas ao m\u00ednimo necess\u00e1rio para a fun\u00e7\u00e3o<br>\u2713 Atividade em segundo plano restrita para evitar vazamento de dados silenciosos<br>\u2713 Acesso \u00e0 rede controlado por aplica\u00e7\u00e3o - n\u00e3o em todo o sistema<br>\u2713 Sandboxing de aplica\u00e7\u00f5es aplicado com a arquitetura de isolamento GrapheneOS<br>\u2713 Acesso ao armazenamento com escopo e isolado por aplica\u00e7\u00e3o<br><br>Nenhuma aplica\u00e7\u00e3o em um dispositivo Cryptvice tem acesso mais amplo do que precisa.\n\t\t\t\t\t<\/p>\n\t\t\t\t\t\t\t<h2 \n\t\tdata-interaction-id=\"367167d4\" \n\t\tclass=\"text-balance e-367167d4-e5c20ac e-heading-base\" \n\t\t \n\t\tdata-e-type=\"widget\" data-id=\"367167d4\"\n\t>\n\t\n\t\t\tConectividade VPN encriptada\n\t\t<\/h2>\n\t\t\t\t\t\t\t\t<p class=\"paragraph-small e-paragraph-base\" data-interaction-id=\"14f0d131\"  data-e-type=\"widget\" data-id=\"14f0d131\">\n\t\t\t\t\t\t\t\tSeleciona o teu fornecedor no momento da compra - instalado e testado antes da entrega:<br><br>\u2713 Mullvad - n\u00e3o necessita de conta, carregamento an\u00f3nimo, jurisdi\u00e7\u00e3o sueca<br>\u2713 iVPN - liga\u00e7\u00f5es multi-hop, cliente auditado de c\u00f3digo aberto,<br>baseado em Gibraltar \u2713 ProtonVPN - jurisdi\u00e7\u00e3o legal su\u00ed\u00e7a, encaminhamento do servidor Secure Core<br><br>A VPN ativa-se automaticamente. N\u00e3o precisas de configurar \u00e0 chegada. \n\t\t\t\t\t<\/p>\n\t\t\t\t\t\t\t<h2 \n\t\tdata-interaction-id=\"d8d589d\" \n\t\tclass=\"text-balance e-d8d589d-da325db e-heading-base\" \n\t\t \n\t\tdata-e-type=\"widget\" data-id=\"d8d589d\"\n\t>\n\t\n\t\t\tFerramentas de privacidade pr\u00e9-instaladas no Google Pixel 10 Pro\n\t\t<\/h2>\n\t\t\t\t\t\t\t\t<p class=\"paragraph-small e-paragraph-base\" data-interaction-id=\"3656d9e5\"  data-e-type=\"widget\" data-id=\"3656d9e5\">\n\t\t\t\t\t\t\t\tRede segura<br>\u2713 Orbot - Encaminhamento de rede Tor para requisitos de anonimato elevados<br>\u2713 VPN Premium - o teu fornecedor selecionado, pr\u00e9-configurado e verificado<br><br>Navega\u00e7\u00e3o privada<br>\u2713 Firefox Focus - bloqueio de rastreadores por defeito, dados da sess\u00e3o apagados automaticamente<br><br>Acesso a aplica\u00e7\u00f5es<br>\u2713 Aurora Store - biblioteca de aplica\u00e7\u00f5es da Play Store sem uma conta Google<br>\u2713 F-Droid - reposit\u00f3rio de aplica\u00e7\u00f5es de c\u00f3digo aberto<br><br>Comunica\u00e7\u00e3o segura<br>\u2713 Molly - fork refor\u00e7ado do Signal com camadas de seguran\u00e7a adicionais<br>\u2713 Threema - mensagens encriptadas desenvolvidas na Su\u00ed\u00e7a e em conformidade com o RGPD<br>\u2713 SimpleX - mensagens descentralizadas sem necessidade de n\u00famero de telefone ou ID de utilizador<br><br>Produtividade<br>\u2713 Standard Notes - notas encriptadas de ponta a ponta, sem depend\u00eancia da nuvem<br>\u2713 eM Client - e-mail sem rastreio de plataforma ou recolha de dados\n\t\t\t\t\t<\/p>\n\t\t\t\t\t\t\t<h2 \n\t\tdata-interaction-id=\"2ad15cf1\" \n\t\tclass=\"text-balance e-2ad15cf1-5eea5bf e-heading-base\" \n\t\t \n\t\tdata-e-type=\"widget\" data-id=\"2ad15cf1\"\n\t>\n\t\n\t\t\tO que torna a Cryptvice diferente\n\t\t<\/h2>\n\t\t\t\t\t\t\t\t<p class=\"paragraph-small e-paragraph-base\" data-interaction-id=\"66afd520\"  data-e-type=\"widget\" data-id=\"66afd520\">\n\t\t\t\t\t\t\t\t\u2713 Configura\u00e7\u00e3o individual - cada dispositivo \u00e9 preparado \u00e0 m\u00e3o, n\u00e3o em lotes<br>\u2713 Verifica\u00e7\u00e3o pr\u00e9-embarque - seguran\u00e7a testada antes de cada encomenda sair<br>\u2713 Embalagem discreta - sem marcas vis\u00edveis no exterior<br>\u2713 Pagamentos em criptomoeda - op\u00e7\u00f5es de compra an\u00f3nimas dispon\u00edveis<br>\u2713 Opera\u00e7\u00f5es baseadas na UE - navios de Marbella, Espanha, com rastreamento completo<br>\u2713 Suporte especializado - 30 dias de assist\u00eancia de pessoas que usam GrapheneOS diariamente\n\t\t\t\t\t<\/p>\n\t\t\t\t\t\t\t<h2 \n\t\tdata-interaction-id=\"101c5475\" \n\t\tclass=\"text-balance e-101c5475-6cbadb3 e-heading-base\" \n\t\t \n\t\tdata-e-type=\"widget\" data-id=\"101c5475\"\n\t>\n\t\n\t\t\tEnvio e garantia\n\t\t<\/h2>\n\t\t\t\t\t\t\t\t<p class=\"paragraph-small e-paragraph-base\" data-interaction-id=\"490e5a92\"  data-e-type=\"widget\" data-id=\"490e5a92\">\n\t\t\t\t\t\t\t\tAs encomendas s\u00e3o enviadas no prazo de 1 dia \u00fatil. Os detalhes de rastreio s\u00e3o fornecidos aquando do envio. <br><br>Aceitam-se devolu\u00e7\u00f5es de aparelhos com defeito em Espanha. As devolu\u00e7\u00f5es n\u00e3o defeituosas est\u00e3o sujeitas a custos de envio. Aplica-se a garantia padr\u00e3o de hardware da Google. Configura\u00e7\u00e3o de software inclu\u00edda como servi\u00e7o profissional.   \n\t\t\t\t\t<\/p>\n\t\t\t\t\t\t\t\t<p class=\"paragraph-small button-dark-icon e-eb54f00-152a24b e-paragraph-base\" data-interaction-id=\"eb54f00\"  data-e-type=\"widget\" data-id=\"eb54f00\">\n\t\t\t\t\t\t\t<a\n\t\t\t\t\thref=\"https:\/\/www.cryptvice.com\/pt-pt\/help-and-support\/\" target=\"_self\"\n\t\t\t\t\tclass=\"e-paragraph-link-base\"\n\t\t\t\t>\n\t\t\t\t\t\tTens d\u00favidas? V\u00ea as nossas FAQs de Ajuda e Suporte \n\t\t\t\t<\/a>\n\t\t\t\t\t<\/p>\n\t\t\t\t\t<\/div>\n\t\t\t\t<\/div>\n\t\t\t\t<\/div>\n\t\t","protected":false},"excerpt":{"rendered":"<p>A vers\u00e3o GrapheneOS do Google Pixel 10 Pro \u00e9 a nossa configura\u00e7\u00e3o mais poderosa. C\u00e2mara tripla, 16 GB de RAM, Tensor G5 &#8211; e a mesma pilha de prote\u00e7\u00e3o completa que aplicamos a todos os dispositivos que enviamos. Para utilizadores que n\u00e3o querem limites no hardware ou na privacidade.  <\/p>\n<p>\u2713 Pr\u00e9-instalado com GrapheneOS &#8211; sem Google, sem rastreio<br \/>\n\u2713 Signal, Molly e Threema activados com n\u00famero virtual<br \/>\n\u2713 VPN Premium + perfil duplo com endurecimento total<br \/>\n\u2713 Bloqueador de dados USB e limpeza de coa\u00e7\u00e3o activados<\/p>\n","protected":false},"featured_media":73618,"comment_status":"closed","ping_status":"closed","template":"","meta":[],"product_brand":[],"product_cat":[6648],"product_tag":[],"class_list":{"0":"post-68999","1":"product","2":"type-product","3":"status-publish","4":"has-post-thumbnail","6":"product_cat-cryptphones-2","7":"product_shipping_class-pacote-pequeno-telefone-router","8":"pa_audio-connection-nao-2","9":"pa_battery-capacity-5100-mah","10":"pa_camera-back-13-mp-f-2-2-120-ultrawide","11":"pa_camera-back-48-mp-f-1-7-25-mm-grande-angular","12":"pa_camera-front-13-mp-f-2-2-20-mm-ultra-largo","13":"pa_color-preto-2","14":"pa_graphics-series-arm-mali-g715-mp7","15":"pa_guaranteed-security-updates-01-de-abril-de-2032","16":"pa_model-pixel-9a","17":"pa_processor-octa-core-31-ghz","18":"pa_release-years-10-abr-2025","19":"pa_resolution-1080-x-2424-pixeis","20":"pa_screen-diagonal-6-3-2","21":"pa_screen-ppi-422-ppi","22":"pa_screen-ratio-relacao-209-2","23":"pa_screen-type-p-oled","24":"pa_security-features-desbloqueio-oem-2","25":"pa_system-chip-google-tensor-g4","27":"first","28":"instock","29":"featured","30":"taxable","31":"shipping-taxable","32":"purchasable","33":"product-type-variable"},"_links":{"self":[{"href":"https:\/\/www.cryptvice.com\/pt-pt\/wp-json\/wp\/v2\/product\/68999","targetHints":{"allow":["GET"]}}],"collection":[{"href":"https:\/\/www.cryptvice.com\/pt-pt\/wp-json\/wp\/v2\/product"}],"about":[{"href":"https:\/\/www.cryptvice.com\/pt-pt\/wp-json\/wp\/v2\/types\/product"}],"replies":[{"embeddable":true,"href":"https:\/\/www.cryptvice.com\/pt-pt\/wp-json\/wp\/v2\/comments?post=68999"}],"version-history":[{"count":4,"href":"https:\/\/www.cryptvice.com\/pt-pt\/wp-json\/wp\/v2\/product\/68999\/revisions"}],"predecessor-version":[{"id":73629,"href":"https:\/\/www.cryptvice.com\/pt-pt\/wp-json\/wp\/v2\/product\/68999\/revisions\/73629"}],"wp:featuredmedia":[{"embeddable":true,"href":"https:\/\/www.cryptvice.com\/pt-pt\/wp-json\/wp\/v2\/media\/73618"}],"wp:attachment":[{"href":"https:\/\/www.cryptvice.com\/pt-pt\/wp-json\/wp\/v2\/media?parent=68999"}],"wp:term":[{"taxonomy":"product_brand","embeddable":true,"href":"https:\/\/www.cryptvice.com\/pt-pt\/wp-json\/wp\/v2\/product_brand?post=68999"},{"taxonomy":"product_cat","embeddable":true,"href":"https:\/\/www.cryptvice.com\/pt-pt\/wp-json\/wp\/v2\/product_cat?post=68999"},{"taxonomy":"product_tag","embeddable":true,"href":"https:\/\/www.cryptvice.com\/pt-pt\/wp-json\/wp\/v2\/product_tag?post=68999"}],"curies":[{"name":"wp","href":"https:\/\/api.w.org\/{rel}","templated":true}]}}