{"id":59575,"date":"2026-01-11T15:16:15","date_gmt":"2026-01-11T13:16:15","guid":{"rendered":"https:\/\/www.cryptvice.com\/legal\/"},"modified":"2026-03-13T05:40:14","modified_gmt":"2026-03-13T03:40:14","slug":"legal","status":"publish","type":"page","link":"https:\/\/www.cryptvice.com\/sv\/legal\/","title":{"rendered":"Juridisk"},"content":{"rendered":"\t\t<div data-elementor-type=\"wp-page\" data-elementor-id=\"59575\" class=\"elementor elementor-59575 elementor-52231\" data-elementor-post-type=\"page\">\n\t\t\t\t<header class=\"wd-negative-gap elementor-element elementor-element-2c3ef65 wd-section-stretch e-flex e-con-boxed e-con e-parent\" data-id=\"2c3ef65\" data-element_type=\"container\" data-e-type=\"container\" data-settings=\"{&quot;background_background&quot;:&quot;classic&quot;}\">\n\t\t\t\t\t<div class=\"e-con-inner\">\n\t\t\t\t<div class=\"elementor-element elementor-element-5d53cb6 elementor-widget__width-initial elementor-widget-laptop__width-inherit text-balance elementor-widget elementor-widget-heading\" data-id=\"5d53cb6\" data-element_type=\"widget\" data-e-type=\"widget\" data-widget_type=\"heading.default\">\n\t\t\t\t\t<h2 class=\"elementor-heading-title elementor-size-default\">V\u00e5ra juridiska fr\u00e5gor och efterlevnad som kommer med tj\u00e4nster och\/eller produkter<\/h2>\t\t\t\t<\/div>\n\t\t\t\t<div class=\"elementor-element elementor-element-a487c27 elementor-widget-mobile__width-inherit text-balance color-scheme-inherit text-left elementor-widget elementor-widget-text-editor\" data-id=\"a487c27\" data-element_type=\"widget\" data-e-type=\"widget\" data-widget_type=\"text-editor.default\">\n\t\t\t\t\t\t\t\t\t<p>Den h\u00e4r sidan ger tillg\u00e5ng till de juridiska dokument som styr anv\u00e4ndningen av Cryptvices webbplats, produkter och tj\u00e4nster.<br data-start=\"398\" data-end=\"401\">Varje dokument behandlar ett specifikt juridiskt \u00e4mne. Vi rekommenderar att du granskar de avsnitt som \u00e4r relevanta f\u00f6r din interaktion med Cryptvice. <\/p>\t\t\t\t\t\t\t\t<\/div>\n\t\t\t\t\t<\/div>\n\t\t\t\t<\/header>\n\t\t<div class=\"elementor-element elementor-element-ac52a25 wd-section-stretch e-flex e-con-boxed e-con e-parent\" data-id=\"ac52a25\" data-element_type=\"container\" data-e-type=\"container\">\n\t\t\t\t\t<div class=\"e-con-inner\">\n\t\t\t\t<div class=\"elementor-element elementor-element-fb182ce box-shadow color-scheme-inherit text-left elementor-widget elementor-widget-text-editor\" data-id=\"fb182ce\" data-element_type=\"widget\" data-e-type=\"widget\" data-widget_type=\"text-editor.default\">\n\t\t\t\t\t\t\t\t\t<p>\u00d6vers\u00e4ttningar av dessa villkor kan tillhandah\u00e5llas endast av praktiska sk\u00e4l. I h\u00e4ndelse av avvikelser ska den engelska versionen g\u00e4lla. <\/p>\t\t\t\t\t\t\t\t<\/div>\n\t\t\t\t\t<\/div>\n\t\t\t\t<\/div>\n\t\t<div class=\"wd-negative-gap elementor-element elementor-element-b8aabd9 wd-section-stretch e-flex e-con-boxed e-con e-parent\" data-id=\"b8aabd9\" data-element_type=\"container\" data-e-type=\"container\">\n\t\t\t\t\t<div class=\"e-con-inner\">\n\t\t<div class=\"elementor-element elementor-element-983fd03 e-con-full e-grid e-con e-child\" data-id=\"983fd03\" data-element_type=\"container\" data-e-type=\"container\">\n\t\t<div class=\"elementor-element elementor-element-93c98f6 box-shadow e-con-full e-flex e-con e-child\" data-id=\"93c98f6\" data-element_type=\"container\" data-e-type=\"container\" data-settings=\"{&quot;background_background&quot;:&quot;classic&quot;}\">\n\t\t\t\t<div class=\"elementor-element elementor-element-d7558fb elementor-widget elementor-widget-heading\" data-id=\"d7558fb\" data-element_type=\"widget\" data-e-type=\"widget\" data-widget_type=\"heading.default\">\n\t\t\t\t\t<h5 class=\"elementor-heading-title elementor-size-default\">Villkor och anvisningar<\/h5>\t\t\t\t<\/div>\n\t\t\t\t<div class=\"elementor-element elementor-element-ddeba60 color-scheme-inherit text-left elementor-widget elementor-widget-text-editor\" data-id=\"ddeba60\" data-element_type=\"widget\" data-e-type=\"widget\" data-widget_type=\"text-editor.default\">\n\t\t\t\t\t\t\t\t\t<p>Villkoren definierar avtalsf\u00f6rh\u00e5llandet mellan dig och Cryptvice, inklusive k\u00f6pvillkor, betalningsvillkor, leverans, returer, garantier och ansvarsbegr\u00e4nsningar.<\/p><p>L\u00e4s detta avsnitt om du g\u00f6r en best\u00e4llning eller anv\u00e4nder Cryptvices produkter eller tj\u00e4nster.<\/p>\t\t\t\t\t\t\t\t<\/div>\n\t\t\t\t<div class=\"elementor-element elementor-element-778b551 elementor-tablet-align-justify elementor-align-left elementor-widget elementor-widget-button\" data-id=\"778b551\" data-element_type=\"widget\" data-e-type=\"widget\" data-widget_type=\"button.default\">\n\t\t\t\t\t\t\t\t\t\t<a class=\"elementor-button elementor-button-link elementor-size-sm\" href=\"https:\/\/www.cryptvice.com\/legal\/terms-and-conditions\/\" alt=\"download disclaimer as pdf\" id=\"btn\">\n\t\t\t\t\t\t<span class=\"elementor-button-content-wrapper\">\n\t\t\t\t\t\t<span class=\"elementor-button-icon\">\n\t\t\t\t<i aria-hidden=\"true\" class=\"far fa-long-arrow-right\"><\/i>\t\t\t<\/span>\n\t\t\t\t\t\t\t\t\t<span class=\"elementor-button-text\">L\u00e4s mer om detta<\/span>\n\t\t\t\t\t<\/span>\n\t\t\t\t\t<\/a>\n\t\t\t\t\t\t\t\t<\/div>\n\t\t\t\t<\/div>\n\t\t<div class=\"elementor-element elementor-element-2a15397 box-shadow e-con-full e-flex e-con e-child\" data-id=\"2a15397\" data-element_type=\"container\" data-e-type=\"container\" data-settings=\"{&quot;background_background&quot;:&quot;classic&quot;}\">\n\t\t\t\t<div class=\"elementor-element elementor-element-c1be665 elementor-widget elementor-widget-heading\" data-id=\"c1be665\" data-element_type=\"widget\" data-e-type=\"widget\" data-widget_type=\"heading.default\">\n\t\t\t\t\t<h5 class=\"elementor-heading-title elementor-size-default\">Integritetspolicy<\/h5>\t\t\t\t<\/div>\n\t\t\t\t<div class=\"elementor-element elementor-element-f14d243 color-scheme-inherit text-left elementor-widget elementor-widget-text-editor\" data-id=\"f14d243\" data-element_type=\"widget\" data-e-type=\"widget\" data-widget_type=\"text-editor.default\">\n\t\t\t\t\t\t\t\t\t<p>V\u00e5r integritetspolicy f\u00f6rklarar hur Cryptvice behandlar personuppgifter i enlighet med EU:s allm\u00e4nna dataskyddsf\u00f6rordning (GDPR), inklusive vilka uppgifter vi samlar in, varf\u00f6r vi samlar in dem, hur l\u00e4nge de sparas och dina r\u00e4ttigheter som registrerad.<\/p><p>L\u00e4s detta avsnitt f\u00f6r att f\u00f6rst\u00e5 hur dina personuppgifter hanteras.<\/p>\t\t\t\t\t\t\t\t<\/div>\n\t\t\t\t<div class=\"elementor-element elementor-element-071f706 elementor-tablet-align-justify elementor-align-left elementor-widget elementor-widget-button\" data-id=\"071f706\" data-element_type=\"widget\" data-e-type=\"widget\" data-widget_type=\"button.default\">\n\t\t\t\t\t\t\t\t\t\t<a class=\"elementor-button elementor-button-link elementor-size-sm\" href=\"https:\/\/www.cryptvice.com\/legal\/privacy-policy\/\" alt=\"download disclaimer as pdf\" id=\"btn\">\n\t\t\t\t\t\t<span class=\"elementor-button-content-wrapper\">\n\t\t\t\t\t\t<span class=\"elementor-button-icon\">\n\t\t\t\t<i aria-hidden=\"true\" class=\"far fa-long-arrow-right\"><\/i>\t\t\t<\/span>\n\t\t\t\t\t\t\t\t\t<span class=\"elementor-button-text\">L\u00e4s mer om detta<\/span>\n\t\t\t\t\t<\/span>\n\t\t\t\t\t<\/a>\n\t\t\t\t\t\t\t\t<\/div>\n\t\t\t\t<\/div>\n\t\t<div class=\"elementor-element elementor-element-672f47e box-shadow e-con-full e-flex e-con e-child\" data-id=\"672f47e\" data-element_type=\"container\" data-e-type=\"container\" data-settings=\"{&quot;background_background&quot;:&quot;classic&quot;}\">\n\t\t\t\t<div class=\"elementor-element elementor-element-60c97cb elementor-widget elementor-widget-heading\" data-id=\"60c97cb\" data-element_type=\"widget\" data-e-type=\"widget\" data-widget_type=\"heading.default\">\n\t\t\t\t\t<h5 class=\"elementor-heading-title elementor-size-default\">Policy f\u00f6r cookies<\/h5>\t\t\t\t<\/div>\n\t\t\t\t<div class=\"elementor-element elementor-element-65513ac color-scheme-inherit text-left elementor-widget elementor-widget-text-editor\" data-id=\"65513ac\" data-element_type=\"widget\" data-e-type=\"widget\" data-widget_type=\"text-editor.default\">\n\t\t\t\t\t\t\t\t\t<p>Cookiepolicyn f\u00f6rklarar om och hur cookies eller liknande tekniker anv\u00e4nds p\u00e5 Cryptvices webbplats, inklusive strikt n\u00f6dv\u00e4ndiga cookies och dina tillg\u00e4ngliga val.<\/p><p>I det h\u00e4r avsnittet kan du l\u00e4sa mer om hur webbplatsens teknik anv\u00e4nds.<\/p>\t\t\t\t\t\t\t\t<\/div>\n\t\t\t\t<div class=\"elementor-element elementor-element-44df6e8 elementor-tablet-align-justify elementor-align-left elementor-widget elementor-widget-button\" data-id=\"44df6e8\" data-element_type=\"widget\" data-e-type=\"widget\" data-widget_type=\"button.default\">\n\t\t\t\t\t\t\t\t\t\t<a class=\"elementor-button elementor-button-link elementor-size-sm\" href=\"https:\/\/www.cryptvice.com\/legal\/cookie-policy\/\" alt=\"download disclaimer as pdf\" id=\"btn\">\n\t\t\t\t\t\t<span class=\"elementor-button-content-wrapper\">\n\t\t\t\t\t\t<span class=\"elementor-button-icon\">\n\t\t\t\t<i aria-hidden=\"true\" class=\"far fa-long-arrow-right\"><\/i>\t\t\t<\/span>\n\t\t\t\t\t\t\t\t\t<span class=\"elementor-button-text\">L\u00e4s mer om detta<\/span>\n\t\t\t\t\t<\/span>\n\t\t\t\t\t<\/a>\n\t\t\t\t\t\t\t\t<\/div>\n\t\t\t\t<\/div>\n\t\t<div class=\"elementor-element elementor-element-7c01e48 box-shadow e-con-full e-flex e-con e-child\" data-id=\"7c01e48\" data-element_type=\"container\" data-e-type=\"container\" data-settings=\"{&quot;background_background&quot;:&quot;classic&quot;}\">\n\t\t\t\t<div class=\"elementor-element elementor-element-4d9ee29 elementor-widget elementor-widget-heading\" data-id=\"4d9ee29\" data-element_type=\"widget\" data-e-type=\"widget\" data-widget_type=\"heading.default\">\n\t\t\t\t\t<h5 class=\"elementor-heading-title elementor-size-default\">Juridisk ansvarsfriskrivning<\/h5>\t\t\t\t<\/div>\n\t\t\t\t<div class=\"elementor-element elementor-element-c99f8df color-scheme-inherit text-left elementor-widget elementor-widget-text-editor\" data-id=\"c99f8df\" data-element_type=\"widget\" data-e-type=\"widget\" data-widget_type=\"text-editor.default\">\n\t\t\t\t\t\t\t\t\t<p>Ansvarsfriskrivningen reglerar anv\u00e4ndningen av Cryptvices webbplats, inklusive informationsinneh\u00e5ll, immateriella r\u00e4ttigheter, tredjepartsl\u00e4nkar och ansvarsbegr\u00e4nsningar.<\/p><p>Se detta avsnitt f\u00f6r villkor relaterade till \u00e5tkomst till webbplatsen och anv\u00e4ndning av inneh\u00e5ll.<\/p>\t\t\t\t\t\t\t\t<\/div>\n\t\t\t\t<div class=\"elementor-element elementor-element-bdb9e47 elementor-tablet-align-justify elementor-align-left elementor-widget elementor-widget-button\" data-id=\"bdb9e47\" data-element_type=\"widget\" data-e-type=\"widget\" data-widget_type=\"button.default\">\n\t\t\t\t\t\t\t\t\t\t<a class=\"elementor-button elementor-button-link elementor-size-sm\" href=\"https:\/\/www.cryptvice.com\/legal\/disclaimer\/\" alt=\"download disclaimer as pdf\" id=\"btn\">\n\t\t\t\t\t\t<span class=\"elementor-button-content-wrapper\">\n\t\t\t\t\t\t<span class=\"elementor-button-icon\">\n\t\t\t\t<i aria-hidden=\"true\" class=\"far fa-long-arrow-right\"><\/i>\t\t\t<\/span>\n\t\t\t\t\t\t\t\t\t<span class=\"elementor-button-text\">L\u00e4s mer om detta<\/span>\n\t\t\t\t\t<\/span>\n\t\t\t\t\t<\/a>\n\t\t\t\t\t\t\t\t<\/div>\n\t\t\t\t<\/div>\n\t\t\t\t<\/div>\n\t\t\t\t\t<\/div>\n\t\t\t\t<\/div>\n\t\t<div class=\"wd-negative-gap elementor-element elementor-element-ba7c970 wd-section-stretch e-flex e-con-boxed e-con e-parent\" data-id=\"ba7c970\" data-element_type=\"container\" data-e-type=\"container\">\n\t\t\t\t\t<div class=\"e-con-inner\">\n\t\t\t\t<div class=\"elementor-element elementor-element-d36b39f elementor-widget elementor-widget-heading\" data-id=\"d36b39f\" data-element_type=\"widget\" data-e-type=\"widget\" data-widget_type=\"heading.default\">\n\t\t\t\t\t<h3 class=\"elementor-heading-title elementor-size-default\">Fr\u00e5gor eller \u00f6nskem\u00e5l<\/h3>\t\t\t\t<\/div>\n\t\t\t\t<div class=\"elementor-element elementor-element-d4f50ba color-scheme-inherit text-left elementor-widget elementor-widget-text-editor\" data-id=\"d4f50ba\" data-element_type=\"widget\" data-e-type=\"widget\" data-widget_type=\"text-editor.default\">\n\t\t\t\t\t\t\t\t\t<p>Om du har fr\u00e5gor om n\u00e5got juridiskt dokument eller vill ut\u00f6va dina r\u00e4ttigheter enligt till\u00e4mplig lag, v\u00e4nligen kontakta oss via de uppgifter som anges i relevant policy.<\/p>\t\t\t\t\t\t\t\t<\/div>\n\t\t\t\t<div class=\"elementor-element elementor-element-b60cbe1 elementor-widget elementor-widget-n-accordion\" data-id=\"b60cbe1\" data-element_type=\"widget\" data-e-type=\"widget\" data-settings=\"{&quot;default_state&quot;:&quot;all_collapsed&quot;,&quot;max_items_expended&quot;:&quot;one&quot;,&quot;n_accordion_animation_duration&quot;:{&quot;unit&quot;:&quot;ms&quot;,&quot;size&quot;:400,&quot;sizes&quot;:[]}}\" data-widget_type=\"nested-accordion.default\">\n\t\t\t\t\t\t\t<div class=\"e-n-accordion\" aria-label=\"Accordion. Open links with Enter or Space, close with Escape, and navigate with Arrow Keys\">\n\t\t\t\t\t\t<details id=\"e-n-accordion-item-1900\" class=\"e-n-accordion-item\" >\n\t\t\t\t<summary class=\"e-n-accordion-item-title\" data-accordion-index=\"1\" tabindex=\"0\" aria-expanded=\"false\" aria-controls=\"e-n-accordion-item-1900\" >\n\t\t\t\t\t<span class='e-n-accordion-item-title-header'><h3 class=\"e-n-accordion-item-title-text\"> Vad \u00e4r syftet med den juridiska sidan? <\/h3><\/span>\n\t\t\t\t\t\t\t<span class='e-n-accordion-item-title-icon'>\n\t\t\t<span class='e-opened' ><i aria-hidden=\"true\" class=\"far fa-angle-up\"><\/i><\/span>\n\t\t\t<span class='e-closed'><i aria-hidden=\"true\" class=\"far fa-angle-down\"><\/i><\/span>\n\t\t<\/span>\n\n\t\t\t\t\t\t<\/summary>\n\t\t\t\t<div role=\"region\" aria-labelledby=\"e-n-accordion-item-1900\" class=\"elementor-element elementor-element-232e2e8 e-con-full e-flex e-con e-child\" data-id=\"232e2e8\" data-element_type=\"container\" data-e-type=\"container\">\n\t\t\t\t<div class=\"elementor-element elementor-element-f30a22c color-scheme-inherit text-left elementor-widget elementor-widget-text-editor\" data-id=\"f30a22c\" data-element_type=\"widget\" data-e-type=\"widget\" data-widget_type=\"text-editor.default\">\n\t\t\t\t\t\t\t\t\t<p>P\u00e5 sidan Juridik finns tillg\u00e5ng till alla officiella juridiska dokument som styr anv\u00e4ndningen av Cryptvices webbplats, produkter och tj\u00e4nster. Varje dokument t\u00e4cker ett specifikt juridiskt \u00e4mne. <\/p>\t\t\t\t\t\t\t\t<\/div>\n\t\t\t\t<\/div>\n\t\t\t\t\t<\/details>\n\t\t\t\t\t\t<details id=\"e-n-accordion-item-1901\" class=\"e-n-accordion-item\" >\n\t\t\t\t<summary class=\"e-n-accordion-item-title\" data-accordion-index=\"2\" tabindex=\"-1\" aria-expanded=\"false\" aria-controls=\"e-n-accordion-item-1901\" >\n\t\t\t\t\t<span class='e-n-accordion-item-title-header'><h3 class=\"e-n-accordion-item-title-text\"> Vilket juridiskt dokument b\u00f6r jag l\u00e4sa innan jag l\u00e4gger en order? <\/h3><\/span>\n\t\t\t\t\t\t\t<span class='e-n-accordion-item-title-icon'>\n\t\t\t<span class='e-opened' ><i aria-hidden=\"true\" class=\"far fa-angle-up\"><\/i><\/span>\n\t\t\t<span class='e-closed'><i aria-hidden=\"true\" class=\"far fa-angle-down\"><\/i><\/span>\n\t\t<\/span>\n\n\t\t\t\t\t\t<\/summary>\n\t\t\t\t<div role=\"region\" aria-labelledby=\"e-n-accordion-item-1901\" class=\"elementor-element elementor-element-e0df3c6 e-con-full e-flex e-con e-child\" data-id=\"e0df3c6\" data-element_type=\"container\" data-e-type=\"container\">\n\t\t\t\t<div class=\"elementor-element elementor-element-efd80ff color-scheme-inherit text-left elementor-widget elementor-widget-text-editor\" data-id=\"efd80ff\" data-element_type=\"widget\" data-e-type=\"widget\" data-widget_type=\"text-editor.default\">\n\t\t\t\t\t\t\t\t\t<p>Innan du g\u00f6r en best\u00e4llning b\u00f6r du l\u00e4sa igenom v\u00e5ra allm\u00e4nna villkor och v\u00e5r integritetspolicy. D\u00e4r f\u00f6rklaras k\u00f6pvillkor, betalningar, leverans, returer och hur personuppgifter behandlas. <\/p>\t\t\t\t\t\t\t\t<\/div>\n\t\t\t\t<\/div>\n\t\t\t\t\t<\/details>\n\t\t\t\t\t\t<details id=\"e-n-accordion-item-1902\" class=\"e-n-accordion-item\" >\n\t\t\t\t<summary class=\"e-n-accordion-item-title\" data-accordion-index=\"3\" tabindex=\"-1\" aria-expanded=\"false\" aria-controls=\"e-n-accordion-item-1902\" >\n\t\t\t\t\t<span class='e-n-accordion-item-title-header'><h3 class=\"e-n-accordion-item-title-text\"> Var kan jag hitta information om dataskydd och GDPR? <\/h3><\/span>\n\t\t\t\t\t\t\t<span class='e-n-accordion-item-title-icon'>\n\t\t\t<span class='e-opened' ><i aria-hidden=\"true\" class=\"far fa-angle-up\"><\/i><\/span>\n\t\t\t<span class='e-closed'><i aria-hidden=\"true\" class=\"far fa-angle-down\"><\/i><\/span>\n\t\t<\/span>\n\n\t\t\t\t\t\t<\/summary>\n\t\t\t\t<div role=\"region\" aria-labelledby=\"e-n-accordion-item-1902\" class=\"elementor-element elementor-element-5cea1d4 e-con-full e-flex e-con e-child\" data-id=\"5cea1d4\" data-element_type=\"container\" data-e-type=\"container\">\n\t\t\t\t<div class=\"elementor-element elementor-element-17a255a color-scheme-inherit text-left elementor-widget elementor-widget-text-editor\" data-id=\"17a255a\" data-element_type=\"widget\" data-e-type=\"widget\" data-widget_type=\"text-editor.default\">\n\t\t\t\t\t\t\t\t\t<p>All information som r\u00f6r behandling av personuppgifter, efterlevnad av GDPR, lagring av uppgifter och dina r\u00e4ttigheter som registrerad f\u00f6rklaras i integritetspolicyn.<\/p>\t\t\t\t\t\t\t\t<\/div>\n\t\t\t\t<\/div>\n\t\t\t\t\t<\/details>\n\t\t\t\t\t\t<details id=\"e-n-accordion-item-1903\" class=\"e-n-accordion-item\" >\n\t\t\t\t<summary class=\"e-n-accordion-item-title\" data-accordion-index=\"4\" tabindex=\"-1\" aria-expanded=\"false\" aria-controls=\"e-n-accordion-item-1903\" >\n\t\t\t\t\t<span class='e-n-accordion-item-title-header'><h3 class=\"e-n-accordion-item-title-text\"> Vilket dokument f\u00f6rklarar anv\u00e4ndningen av cookies? <\/h3><\/span>\n\t\t\t\t\t\t\t<span class='e-n-accordion-item-title-icon'>\n\t\t\t<span class='e-opened' ><i aria-hidden=\"true\" class=\"far fa-angle-up\"><\/i><\/span>\n\t\t\t<span class='e-closed'><i aria-hidden=\"true\" class=\"far fa-angle-down\"><\/i><\/span>\n\t\t<\/span>\n\n\t\t\t\t\t\t<\/summary>\n\t\t\t\t<div role=\"region\" aria-labelledby=\"e-n-accordion-item-1903\" class=\"elementor-element elementor-element-0fd04f7 e-con-full e-flex e-con e-child\" data-id=\"0fd04f7\" data-element_type=\"container\" data-e-type=\"container\">\n\t\t\t\t<div class=\"elementor-element elementor-element-ed335ec color-scheme-inherit text-left elementor-widget elementor-widget-text-editor\" data-id=\"ed335ec\" data-element_type=\"widget\" data-e-type=\"widget\" data-widget_type=\"text-editor.default\">\n\t\t\t\t\t\t\t\t\t<p>Detaljer om cookies och liknande tekniker som anv\u00e4nds p\u00e5 Cryptvices webbplats beskrivs i Cookie-policyn.<\/p>\t\t\t\t\t\t\t\t<\/div>\n\t\t\t\t<\/div>\n\t\t\t\t\t<\/details>\n\t\t\t\t\t\t<details id=\"e-n-accordion-item-1904\" class=\"e-n-accordion-item\" >\n\t\t\t\t<summary class=\"e-n-accordion-item-title\" data-accordion-index=\"5\" tabindex=\"-1\" aria-expanded=\"false\" aria-controls=\"e-n-accordion-item-1904\" >\n\t\t\t\t\t<span class='e-n-accordion-item-title-header'><h3 class=\"e-n-accordion-item-title-text\"> Vad \u00e4r den juridiska ansvarsfriskrivningen till f\u00f6r? <\/h3><\/span>\n\t\t\t\t\t\t\t<span class='e-n-accordion-item-title-icon'>\n\t\t\t<span class='e-opened' ><i aria-hidden=\"true\" class=\"far fa-angle-up\"><\/i><\/span>\n\t\t\t<span class='e-closed'><i aria-hidden=\"true\" class=\"far fa-angle-down\"><\/i><\/span>\n\t\t<\/span>\n\n\t\t\t\t\t\t<\/summary>\n\t\t\t\t<div role=\"region\" aria-labelledby=\"e-n-accordion-item-1904\" class=\"elementor-element elementor-element-72dc3d4 e-con-full e-flex e-con e-child\" data-id=\"72dc3d4\" data-element_type=\"container\" data-e-type=\"container\">\n\t\t\t\t<div class=\"elementor-element elementor-element-5adb0ce color-scheme-inherit text-left elementor-widget elementor-widget-text-editor\" data-id=\"5adb0ce\" data-element_type=\"widget\" data-e-type=\"widget\" data-widget_type=\"text-editor.default\">\n\t\t\t\t\t\t\t\t\t<p data-start=\"1164\" data-end=\"1351\"><strong data-start=\"1168\" data-end=\"1182\">Ansvarsfriskrivningen<\/strong> f\u00f6rklarar villkoren f\u00f6r anv\u00e4ndning av Cryptvices webbplats, inklusive informationsinneh\u00e5ll, immateriella r\u00e4ttigheter, tredjepartsl\u00e4nkar och ansvarsbegr\u00e4nsningar.<\/p>\t\t\t\t\t\t\t\t<\/div>\n\t\t\t\t<\/div>\n\t\t\t\t\t<\/details>\n\t\t\t\t\t\t<details id=\"e-n-accordion-item-1905\" class=\"e-n-accordion-item\" >\n\t\t\t\t<summary class=\"e-n-accordion-item-title\" data-accordion-index=\"6\" tabindex=\"-1\" aria-expanded=\"false\" aria-controls=\"e-n-accordion-item-1905\" >\n\t\t\t\t\t<span class='e-n-accordion-item-title-header'><h3 class=\"e-n-accordion-item-title-text\"> \u00c4r dessa juridiska dokument r\u00e4ttsligt bindande? <\/h3><\/span>\n\t\t\t\t\t\t\t<span class='e-n-accordion-item-title-icon'>\n\t\t\t<span class='e-opened' ><i aria-hidden=\"true\" class=\"far fa-angle-up\"><\/i><\/span>\n\t\t\t<span class='e-closed'><i aria-hidden=\"true\" class=\"far fa-angle-down\"><\/i><\/span>\n\t\t<\/span>\n\n\t\t\t\t\t\t<\/summary>\n\t\t\t\t<div role=\"region\" aria-labelledby=\"e-n-accordion-item-1905\" class=\"elementor-element elementor-element-238b6f8 e-con-full e-flex e-con e-child\" data-id=\"238b6f8\" data-element_type=\"container\" data-e-type=\"container\">\n\t\t\t\t<div class=\"elementor-element elementor-element-5c6ab05 color-scheme-inherit text-left elementor-widget elementor-widget-text-editor\" data-id=\"5c6ab05\" data-element_type=\"widget\" data-e-type=\"widget\" data-widget_type=\"text-editor.default\">\n\t\t\t\t\t\t\t\t\t<p>Ja. De juridiska dokument som publiceras under avsnittet \/legal\/ utg\u00f6r en del av den avtalsm\u00e4ssiga och juridiska ram som styr din interaktion med Cryptvice. <\/p>\t\t\t\t\t\t\t\t<\/div>\n\t\t\t\t<\/div>\n\t\t\t\t\t<\/details>\n\t\t\t\t\t\t<details id=\"e-n-accordion-item-1906\" class=\"e-n-accordion-item\" >\n\t\t\t\t<summary class=\"e-n-accordion-item-title\" data-accordion-index=\"7\" tabindex=\"-1\" aria-expanded=\"false\" aria-controls=\"e-n-accordion-item-1906\" >\n\t\t\t\t\t<span class='e-n-accordion-item-title-header'><h3 class=\"e-n-accordion-item-title-text\"> Kan Cryptvice uppdatera sina juridiska dokument? <\/h3><\/span>\n\t\t\t\t\t\t\t<span class='e-n-accordion-item-title-icon'>\n\t\t\t<span class='e-opened' ><i aria-hidden=\"true\" class=\"far fa-angle-up\"><\/i><\/span>\n\t\t\t<span class='e-closed'><i aria-hidden=\"true\" class=\"far fa-angle-down\"><\/i><\/span>\n\t\t<\/span>\n\n\t\t\t\t\t\t<\/summary>\n\t\t\t\t<div role=\"region\" aria-labelledby=\"e-n-accordion-item-1906\" class=\"elementor-element elementor-element-0bb3a63 e-con-full e-flex e-con e-child\" data-id=\"0bb3a63\" data-element_type=\"container\" data-e-type=\"container\">\n\t\t\t\t<div class=\"elementor-element elementor-element-c85820f color-scheme-inherit text-left elementor-widget elementor-widget-text-editor\" data-id=\"c85820f\" data-element_type=\"widget\" data-e-type=\"widget\" data-widget_type=\"text-editor.default\">\n\t\t\t\t\t\t\t\t\t<p>Ja, det st\u00e4mmer. Cryptvice kan komma att uppdatera sina juridiska dokument fr\u00e5n tid till annan. Uppdaterade versioner publiceras under avsnittet \/legal\/ och g\u00e4ller fr\u00e5n det angivna ikrafttr\u00e4dandedatumet.  <\/p>\t\t\t\t\t\t\t\t<\/div>\n\t\t\t\t<\/div>\n\t\t\t\t\t<\/details>\n\t\t\t\t\t\t<details id=\"e-n-accordion-item-1907\" class=\"e-n-accordion-item\" >\n\t\t\t\t<summary class=\"e-n-accordion-item-title\" data-accordion-index=\"8\" tabindex=\"-1\" aria-expanded=\"false\" aria-controls=\"e-n-accordion-item-1907\" >\n\t\t\t\t\t<span class='e-n-accordion-item-title-header'><h3 class=\"e-n-accordion-item-title-text\"> Var kan jag ut\u00f6va mina GDPR- eller integritetsr\u00e4ttigheter? <\/h3><\/span>\n\t\t\t\t\t\t\t<span class='e-n-accordion-item-title-icon'>\n\t\t\t<span class='e-opened' ><i aria-hidden=\"true\" class=\"far fa-angle-up\"><\/i><\/span>\n\t\t\t<span class='e-closed'><i aria-hidden=\"true\" class=\"far fa-angle-down\"><\/i><\/span>\n\t\t<\/span>\n\n\t\t\t\t\t\t<\/summary>\n\t\t\t\t<div role=\"region\" aria-labelledby=\"e-n-accordion-item-1907\" class=\"elementor-element elementor-element-c789f18 e-con-full e-flex e-con e-child\" data-id=\"c789f18\" data-element_type=\"container\" data-e-type=\"container\">\n\t\t\t\t<div class=\"elementor-element elementor-element-96de361 color-scheme-inherit text-left elementor-widget elementor-widget-text-editor\" data-id=\"96de361\" data-element_type=\"widget\" data-e-type=\"widget\" data-widget_type=\"text-editor.default\">\n\t\t\t\t\t\t\t\t\t<p>Instruktioner f\u00f6r ut\u00f6vande av integritets- och dataskyddsr\u00e4ttigheter finns i integritetspolicyn, inklusive kontaktuppgifter f\u00f6r datarelaterade f\u00f6rfr\u00e5gningar.<\/p>\t\t\t\t\t\t\t\t<\/div>\n\t\t\t\t<\/div>\n\t\t\t\t\t<\/details>\n\t\t\t\t\t<\/div>\n\t\t\t\t\t\t<\/div>\n\t\t\t\t\t<\/div>\n\t\t\t\t<\/div>\n\t\t\t\t<\/div>\n\t\t","protected":false},"excerpt":{"rendered":"<p>V\u00e5ra juridiska fr\u00e5gor och efterlevnad som kommer med tj\u00e4nster och\/eller produkter Den h\u00e4r sidan ger tillg\u00e5ng till de juridiska dokument<\/p>\n","protected":false},"author":590,"featured_media":0,"parent":0,"menu_order":99,"comment_status":"closed","ping_status":"closed","template":"","meta":{"footnotes":""},"class_list":["post-59575","page","type-page","status-publish","hentry"],"_links":{"self":[{"href":"https:\/\/www.cryptvice.com\/sv\/wp-json\/wp\/v2\/pages\/59575","targetHints":{"allow":["GET"]}}],"collection":[{"href":"https:\/\/www.cryptvice.com\/sv\/wp-json\/wp\/v2\/pages"}],"about":[{"href":"https:\/\/www.cryptvice.com\/sv\/wp-json\/wp\/v2\/types\/page"}],"author":[{"embeddable":true,"href":"https:\/\/www.cryptvice.com\/sv\/wp-json\/wp\/v2\/users\/590"}],"replies":[{"embeddable":true,"href":"https:\/\/www.cryptvice.com\/sv\/wp-json\/wp\/v2\/comments?post=59575"}],"version-history":[{"count":0,"href":"https:\/\/www.cryptvice.com\/sv\/wp-json\/wp\/v2\/pages\/59575\/revisions"}],"wp:attachment":[{"href":"https:\/\/www.cryptvice.com\/sv\/wp-json\/wp\/v2\/media?parent=59575"}],"curies":[{"name":"wp","href":"https:\/\/api.w.org\/{rel}","templated":true}]}}