{"id":59687,"date":"2025-11-24T15:23:13","date_gmt":"2025-11-24T13:23:13","guid":{"rendered":"https:\/\/www.cryptvice.com\/lets-keep-in-touch\/"},"modified":"2025-11-24T15:23:13","modified_gmt":"2025-11-24T13:23:13","slug":"lets-keep-in-touch","status":"publish","type":"page","link":"https:\/\/www.cryptvice.com\/sv\/lets-keep-in-touch\/","title":{"rendered":"L\u00e5t oss h\u00e5lla kontakten"},"content":{"rendered":"<p>Hej  [bwfan_subscriber_name] <\/p>\n<p>Hj\u00e4lp oss att f\u00f6rb\u00e4ttra din upplevelse med oss genom b\u00e4ttre kommunikation. V\u00e4nligen justera dina preferenser f\u00f6r e-post [bwfan_subscriber_recipient].   <\/p>\n<p>[bwfan_unsubscribe_button label=&#8221;Uppdatera mina preferenser&#8221;].<\/p>\n","protected":false},"excerpt":{"rendered":"<p>Hej [bwfan_subscriber_name] Hj\u00e4lp oss att f\u00f6rb\u00e4ttra din upplevelse med oss genom b\u00e4ttre kommunikation. V\u00e4nligen justera dina preferenser f\u00f6r e-post [bwfan_subscriber_recipient].<\/p>\n","protected":false},"author":590,"featured_media":0,"parent":0,"menu_order":99,"comment_status":"closed","ping_status":"closed","template":"","meta":{"footnotes":""},"class_list":["post-59687","page","type-page","status-publish","hentry"],"_links":{"self":[{"href":"https:\/\/www.cryptvice.com\/sv\/wp-json\/wp\/v2\/pages\/59687","targetHints":{"allow":["GET"]}}],"collection":[{"href":"https:\/\/www.cryptvice.com\/sv\/wp-json\/wp\/v2\/pages"}],"about":[{"href":"https:\/\/www.cryptvice.com\/sv\/wp-json\/wp\/v2\/types\/page"}],"author":[{"embeddable":true,"href":"https:\/\/www.cryptvice.com\/sv\/wp-json\/wp\/v2\/users\/590"}],"replies":[{"embeddable":true,"href":"https:\/\/www.cryptvice.com\/sv\/wp-json\/wp\/v2\/comments?post=59687"}],"version-history":[{"count":0,"href":"https:\/\/www.cryptvice.com\/sv\/wp-json\/wp\/v2\/pages\/59687\/revisions"}],"wp:attachment":[{"href":"https:\/\/www.cryptvice.com\/sv\/wp-json\/wp\/v2\/media?parent=59687"}],"curies":[{"name":"wp","href":"https:\/\/api.w.org\/{rel}","templated":true}]}}