{"id":60092,"date":"2025-02-05T22:34:46","date_gmt":"2025-02-05T20:34:46","guid":{"rendered":"https:\/\/www.cryptvice.com\/about-us\/"},"modified":"2026-03-13T10:16:20","modified_gmt":"2026-03-13T08:16:20","slug":"about-us","status":"publish","type":"page","link":"https:\/\/www.cryptvice.com\/sv\/about-us\/","title":{"rendered":"Om oss"},"content":{"rendered":"\t\t<div data-elementor-type=\"wp-page\" data-elementor-id=\"60092\" class=\"elementor elementor-60092 elementor-13072\" data-elementor-post-type=\"page\">\n\t\t\t\t<header class=\"wd-negative-gap elementor-element elementor-element-c3be8d4 wd-section-stretch e-flex e-con-boxed e-con e-parent\" data-id=\"c3be8d4\" data-element_type=\"container\" data-e-type=\"container\" data-settings=\"{&quot;background_background&quot;:&quot;classic&quot;}\">\n\t\t\t\t\t<div class=\"e-con-inner\">\n\t\t<div class=\"elementor-element elementor-element-b785ab7 e-con-full e-flex e-con e-child\" data-id=\"b785ab7\" data-element_type=\"container\" data-e-type=\"container\">\n\t\t\t\t\t\t\t\t<span class=\"text-balance e-f3c36e0-864dc6e paragraph-small e-paragraph-base\" data-interaction-id=\"f3c36e0\"  data-e-type=\"widget\" data-id=\"f3c36e0\">\n\t\t\t\t\t\t\t\tOm oss\n\t\t\t\t\t<\/span>\n\t\t\t\t\t\t\t<h2 \n\t\tdata-interaction-id=\"8497cdb\" \n\t\tclass=\"text-balance e-8497cdb-38339f1 e-heading-base\" \n\t\t \n\t\tdata-e-type=\"widget\" data-id=\"8497cdb\"\n\t>\n\t\n\t\t\tBetrodd av organisationer som tar integritet p\u00e5 allvar\n\t\t<\/h2>\n\t\t\t\t\t\t\t\t<span class=\"text-balance paragraph e-54414c8-4ca4af7 e-paragraph-base\" data-interaction-id=\"54414c8\"  data-e-type=\"widget\" data-id=\"54414c8\">\n\t\t\t\t\t\t\t\tVi bygger och konfigurerar s\u00e4kra enheter f\u00f6r m\u00e4nniskor som v\u00e4rdes\u00e4tter sina data. Baserat i M\u00e1laga, Spanien - betj\u00e4nar kunder \u00f6ver hela v\u00e4rlden sedan 2019. \n\t\t\t\t\t<\/span>\n\t\t\t\t<\/div>\n\t\t<div class=\"elementor-element elementor-element-ebb2281 e-con-full elementor-hidden-laptop elementor-hidden-tablet elementor-hidden-mobile e-flex e-con e-child\" data-id=\"ebb2281\" data-element_type=\"container\" data-e-type=\"container\">\n\t\t\t\t<\/div>\n\t\t\t\t\t<\/div>\n\t\t\t\t<\/header>\n\t\t<div class=\"wd-negative-gap elementor-element elementor-element-f81be57 box-shadow e-flex e-con-boxed e-con e-parent\" data-id=\"f81be57\" data-element_type=\"container\" data-e-type=\"container\" data-settings=\"{&quot;background_background&quot;:&quot;classic&quot;}\">\n\t\t\t\t\t<div class=\"e-con-inner\">\n\t\t<div class=\"elementor-element elementor-element-9e1102e e-con-full e-flex e-con e-child\" data-id=\"9e1102e\" data-element_type=\"container\" data-e-type=\"container\">\n\t\t\t\t<div class=\"elementor-element elementor-element-67d7185 elementor-widget elementor-widget-image\" data-id=\"67d7185\" data-element_type=\"widget\" data-e-type=\"widget\" data-widget_type=\"image.default\">\n\t\t\t\t\t\t\t\t\t\t\t\t\t\t\t<img decoding=\"async\" width=\"1000\" height=\"619\" src=\"https:\/\/www.cryptvice.com\/wp-content\/uploads\/394858did030303.jpg\" class=\"attachment-full size-full wp-image-59636\" alt=\"Datamigrering bg\" srcset=\"https:\/\/www.cryptvice.com\/wp-content\/uploads\/394858did030303.jpg 1000w, https:\/\/www.cryptvice.com\/wp-content\/uploads\/394858did030303-150x93.jpg 150w, https:\/\/www.cryptvice.com\/wp-content\/uploads\/394858did030303-300x186.jpg 300w, https:\/\/www.cryptvice.com\/wp-content\/uploads\/394858did030303-768x475.jpg 768w, https:\/\/www.cryptvice.com\/wp-content\/uploads\/394858did030303-18x12.jpg 18w\" sizes=\"(max-width: 1000px) 100vw, 1000px\" title=\"\">\t\t\t\t\t\t\t\t\t\t\t\t\t\t\t<\/div>\n\t\t\t\t<\/div>\n\t\t<div class=\"elementor-element elementor-element-0612f0c e-con-full e-flex e-con e-child\" data-id=\"0612f0c\" data-element_type=\"container\" data-e-type=\"container\">\n\t\t\t\t<div class=\"elementor-element elementor-element-21173c8 text-balance elementor-widget elementor-widget-heading\" data-id=\"21173c8\" data-element_type=\"widget\" data-e-type=\"widget\" data-widget_type=\"heading.default\">\n\t\t\t\t\t<h3 class=\"elementor-heading-title elementor-size-default\">Teknik med fokus p\u00e5 integritet, byggd i Spanien\n\n<\/h3>\t\t\t\t<\/div>\n\t\t\t\t<div class=\"elementor-element elementor-element-279b689 text-balance color-scheme-inherit text-left elementor-widget elementor-widget-text-editor\" data-id=\"279b689\" data-element_type=\"widget\" data-e-type=\"widget\" data-widget_type=\"text-editor.default\">\n\t\t\t\t\t\t\t\t\t<p>Cryptvice levererar s\u00e4kra telefoner, krypterade routrar och b\u00e4rbara datorer med sekretess &#8211; som k\u00f6r p\u00e5litlig programvara med \u00f6ppen k\u00e4llkod som GrapheneOS och OpenWRT. Vi konfigurerar varje enhet f\u00f6r hand och st\u00f6djer det vi s\u00e4ljer. <\/p>\t\t\t\t\t\t\t\t<\/div>\n\t\t\t\t\t    \t            <a\n            href=\"https:\/\/www.cryptvice.com\/sv\/shop\/\" target=\"_self\"\n            class=\"e-abb49ac-76c31ac button-dark-icon e-button-base\"\n            data-interaction-id=\"abb49ac\"\n             data-e-type=\"widget\" data-id=\"abb49ac\"\n        >\n            Handla alla produkter\n        <\/a>\n    \t\t\t\t<\/div>\n\t\t\t\t\t<\/div>\n\t\t\t\t<\/div>\n\t\t<div class=\"wd-negative-gap elementor-element elementor-element-eb1fee6 box-shadow e-flex e-con-boxed e-con e-parent\" data-id=\"eb1fee6\" data-element_type=\"container\" data-e-type=\"container\" data-settings=\"{&quot;background_background&quot;:&quot;classic&quot;}\">\n\t\t\t\t\t<div class=\"e-con-inner\">\n\t\t<div class=\"elementor-element elementor-element-f1d92ac e-con-full e-flex e-con e-child\" data-id=\"f1d92ac\" data-element_type=\"container\" data-e-type=\"container\">\n\t\t\t\t\t\t\t\t<span class=\"text-balance e-b274a86-c9ab288 paragraph-small e-paragraph-base\" data-interaction-id=\"b274a86\"  data-e-type=\"widget\" data-id=\"b274a86\">\n\t\t\t\t\t\t\t\tHUR VI ARBETAR\n\t\t\t\t\t<\/span>\n\t\t\t\t\t\t\t<h3 \n\t\tdata-interaction-id=\"83154f8\" \n\t\tclass=\"text-balance e-83154f8-e5e61a6 e-heading-base\" \n\t\t \n\t\tdata-e-type=\"widget\" data-id=\"83154f8\"\n\t>\n\t\n\t\t\tHur vi arbetar\n\n\t\t<\/h3>\n\t\t\t\t\t\t\t\t<span class=\"text-balance paragraph e-6f9778b-e0cc26c e-paragraph-base\" data-interaction-id=\"6f9778b\"  data-e-type=\"widget\" data-id=\"6f9778b\">\n\t\t\t\t\t\t\t\tVi h\u00e5ller oss sj\u00e4lva till en h\u00f6gre standard. Det h\u00e4r \u00e4r de \u00e5taganden vi g\u00f6r gentemot varje kund. \n\t\t\t\t\t<\/span>\n\t\t\t\t<\/div>\n\t\t<div class=\"elementor-element elementor-element-a2d6ff5 e-con-full e-grid e-con e-child\" data-id=\"a2d6ff5\" data-element_type=\"container\" data-e-type=\"container\">\n\t\t<div class=\"elementor-element elementor-element-94d07bb e-con-full box-shadow e-flex e-con e-child\" data-id=\"94d07bb\" data-element_type=\"container\" data-e-type=\"container\" data-settings=\"{&quot;background_background&quot;:&quot;classic&quot;}\">\n\t\t\t\t\t\t\t<h3 \n\t\tdata-interaction-id=\"c30a0aa\" \n\t\tclass=\"text-balance e-c30a0aa-8d4f005 e-heading-base\" \n\t\t \n\t\tdata-e-type=\"widget\" data-id=\"c30a0aa\"\n\t>\n\t\n\t\t\tInga on\u00f6diga uppgifter\n\t\t<\/h3>\n\t\t\t\t\t\t\t\t<span class=\"text-balance paragraph e-41ee7ca-c5f3b2b e-paragraph-base\" data-interaction-id=\"41ee7ca\"  data-e-type=\"widget\" data-id=\"41ee7ca\">\n\t\t\t\t\t\t\t\tVi samlar bara in det som beh\u00f6vs f\u00f6r att slutf\u00f6ra din best\u00e4llning. Ingen sp\u00e5rning, ingen profilering, ingen data s\u00e4ljs. \n\t\t\t\t\t<\/span>\n\t\t\t\t<\/div>\n\t\t<div class=\"elementor-element elementor-element-00be6e5 e-con-full box-shadow e-flex e-con e-child\" data-id=\"00be6e5\" data-element_type=\"container\" data-e-type=\"container\" data-settings=\"{&quot;background_background&quot;:&quot;classic&quot;}\">\n\t\t\t\t\t\t\t<h3 \n\t\tdata-interaction-id=\"e0c2ca4\" \n\t\tclass=\"text-balance e-e0c2ca4-12b945f e-heading-base\" \n\t\t \n\t\tdata-e-type=\"widget\" data-id=\"e0c2ca4\"\n\t>\n\t\n\t\t\tInget dolt \u00e4gande\n\t\t<\/h3>\n\t\t\t\t\t\t\t\t<span class=\"text-balance paragraph e-5d564f6-3974693 e-paragraph-base\" data-interaction-id=\"5d564f6\"  data-e-type=\"widget\" data-id=\"5d564f6\">\n\t\t\t\t\t\t\t\tCryptvice \u00e4gande och team \u00e4r offentliga. Du vet vem som st\u00e5r bakom produkterna och vem som \u00e4r ansvarig f\u00f6r din integritet. \n\t\t\t\t\t<\/span>\n\t\t\t\t<\/div>\n\t\t<div class=\"elementor-element elementor-element-ed2110e e-con-full box-shadow e-flex e-con e-child\" data-id=\"ed2110e\" data-element_type=\"container\" data-e-type=\"container\" data-settings=\"{&quot;background_background&quot;:&quot;classic&quot;}\">\n\t\t\t\t\t\t\t<h3 \n\t\tdata-interaction-id=\"858868d\" \n\t\tclass=\"text-balance e-858868d-0616be1 e-heading-base\" \n\t\t \n\t\tdata-e-type=\"widget\" data-id=\"858868d\"\n\t>\n\t\n\t\t\tInga falska l\u00f6ften\n\t\t<\/h3>\n\t\t\t\t\t\t\t\t<span class=\"text-balance paragraph e-2f9b696-983ab27 e-paragraph-base\" data-interaction-id=\"2f9b696\"  data-e-type=\"widget\" data-id=\"2f9b696\">\n\t\t\t\t\t\t\t\tVi \u00f6verdriver inte vad v\u00e5ra produkter kan g\u00f6ra. Om ett VPN inte l\u00f6ser ditt problem s\u00e5 ber\u00e4ttar vi det f\u00f6r dig. Ingen hype, ingen skr\u00e4mseltaktik.  \n\t\t\t\t\t<\/span>\n\t\t\t\t<\/div>\n\t\t<div class=\"elementor-element elementor-element-40c50a2 e-con-full box-shadow e-flex e-con e-child\" data-id=\"40c50a2\" data-element_type=\"container\" data-e-type=\"container\" data-settings=\"{&quot;background_background&quot;:&quot;classic&quot;}\">\n\t\t\t\t\t\t\t<h3 \n\t\tdata-interaction-id=\"d2fda2f\" \n\t\tclass=\"text-balance e-d2fda2f-019ccf6 e-heading-base\" \n\t\t \n\t\tdata-e-type=\"widget\" data-id=\"d2fda2f\"\n\t>\n\t\n\t\t\t\u00d6ppen kommunikation\n\t\t<\/h3>\n\t\t\t\t\t\t\t\t<span class=\"text-balance paragraph e-fd6af49-4220114 e-paragraph-base\" data-interaction-id=\"fd6af49\"  data-e-type=\"widget\" data-id=\"fd6af49\">\n\t\t\t\t\t\t\t\tVi svarar p\u00e5 fr\u00e5gor direkt - via e-post, chatt eller Signal. Vi st\u00f6der de projekt med \u00f6ppen k\u00e4llkod som vi f\u00f6rlitar oss p\u00e5. \n\t\t\t\t\t<\/span>\n\t\t\t\t<\/div>\n\t\t\t\t<\/div>\n\t\t\t\t\t\t\t\t<span class=\"text-balance paragraph e-97fcff3-5548bf4 button-dark-icon e-paragraph-base\" data-interaction-id=\"97fcff3\"  data-e-type=\"widget\" data-id=\"97fcff3\">\n\t\t\t\t\t\t\t<a\n\t\t\t\t\thref=\"https:\/\/www.cryptvice.com\/sv\/how-we-work\/\" target=\"_self\"\n\t\t\t\t\tclass=\"e-paragraph-link-base\"\n\t\t\t\t>\n\t\t\t\t\t\tVill du ha fullst\u00e4ndig information om datahantering, leverans och betalningar? Se hur vi arbetar \n\n\t\t\t\t<\/a>\n\t\t\t\t\t<\/span>\n\t\t\t\t\t<\/div>\n\t\t\t\t<\/div>\n\t\t<div class=\"wd-negative-gap elementor-element elementor-element-7e99c59 box-shadow e-flex e-con-boxed e-con e-parent\" data-id=\"7e99c59\" data-element_type=\"container\" data-e-type=\"container\" data-settings=\"{&quot;background_background&quot;:&quot;classic&quot;}\">\n\t\t\t\t\t<div class=\"e-con-inner\">\n\t\t<div class=\"elementor-element elementor-element-0b01359 e-con-full e-flex e-con e-child\" data-id=\"0b01359\" data-element_type=\"container\" data-e-type=\"container\">\n\t\t\t\t\t\t\t\t<span class=\"text-balance e-e3e25b2-c4037c5 paragraph-small e-paragraph-base\" data-interaction-id=\"e3e25b2\"  data-e-type=\"widget\" data-id=\"e3e25b2\">\n\t\t\t\t\t\t\t\tV\u00c5RA V\u00c4RDERINGAR\n\n\n\t\t\t\t\t<\/span>\n\t\t\t\t\t\t\t<h3 \n\t\tdata-interaction-id=\"3d15b6c\" \n\t\tclass=\"text-balance e-3d15b6c-8cdd2ad e-heading-base\" \n\t\t \n\t\tdata-e-type=\"widget\" data-id=\"3d15b6c\"\n\t>\n\t\n\t\t\tV\u00e5ra k\u00e4rnv\u00e4rden\n\t\t<\/h3>\n\t\t\t\t\t\t\t\t<span class=\"text-balance paragraph e-20a0399-a28ee7f e-paragraph-base\" data-interaction-id=\"20a0399\"  data-e-type=\"widget\" data-id=\"20a0399\">\n\t\t\t\t\t\t\t\tVad vi tror p\u00e5 och hur vi arbetar - varje dag.\n\n\n\t\t\t\t\t<\/span>\n\t\t\t\t<\/div>\n\t\t<div class=\"elementor-element elementor-element-82bd473 e-con-full e-grid e-con e-child\" data-id=\"82bd473\" data-element_type=\"container\" data-e-type=\"container\">\n\t\t<div class=\"elementor-element elementor-element-0e26149 e-con-full box-shadow e-flex e-con e-child\" data-id=\"0e26149\" data-element_type=\"container\" data-e-type=\"container\" data-settings=\"{&quot;background_background&quot;:&quot;classic&quot;}\">\n\t\t\t\t\t\t\t<h3 \n\t\tdata-interaction-id=\"e9863b4\" \n\t\tclass=\"text-balance e-e9863b4-80d9b8f e-heading-base\" \n\t\t \n\t\tdata-e-type=\"widget\" data-id=\"e9863b4\"\n\t>\n\t\n\t\t\tV\u00e5r vision och v\u00e5rt uppdrag\n\t\t<\/h3>\n\t\t\t\t\t\t\t\t<span class=\"text-balance paragraph e-a440baa-e010bd1 e-paragraph-base\" data-interaction-id=\"a440baa\"  data-e-type=\"widget\" data-id=\"a440baa\">\n\t\t\t\t\t\t\t\tIntegritetsverktyg f\u00f6r alla. Vi finns till f\u00f6r att hj\u00e4lpa dig att ta kontroll \u00f6ver dina uppgifter - och vi finns h\u00e4r f\u00f6r att st\u00f6dja dig. \n\n\n\t\t\t\t\t<\/span>\n\t\t\t\t<\/div>\n\t\t<div class=\"elementor-element elementor-element-45f75f1 e-con-full box-shadow e-flex e-con e-child\" data-id=\"45f75f1\" data-element_type=\"container\" data-e-type=\"container\" data-settings=\"{&quot;background_background&quot;:&quot;classic&quot;}\">\n\t\t\t\t\t\t\t<h3 \n\t\tdata-interaction-id=\"852cd24\" \n\t\tclass=\"text-balance e-852cd24-e3c1662 e-heading-base\" \n\t\t \n\t\tdata-e-type=\"widget\" data-id=\"852cd24\"\n\t>\n\t\n\t\t\t\u00d6ppen k\u00e4llkod ligger i v\u00e5rt DNA\n\t\t<\/h3>\n\t\t\t\t\t\t\t\t<span class=\"text-balance paragraph e-718a078-146656b e-paragraph-base\" data-interaction-id=\"718a078\"  data-e-type=\"widget\" data-id=\"718a078\">\n\t\t\t\t\t\t\t\tVi bygger p\u00e5 p\u00e5litlig programvara med \u00f6ppen k\u00e4llkod: GrapheneOS, OpenWRT, Linux. Transparent kod, inga dolda bakd\u00f6rrar. \n\t\t\t\t\t<\/span>\n\t\t\t\t<\/div>\n\t\t<div class=\"elementor-element elementor-element-4317415 e-con-full box-shadow e-flex e-con e-child\" data-id=\"4317415\" data-element_type=\"container\" data-e-type=\"container\" data-settings=\"{&quot;background_background&quot;:&quot;classic&quot;}\">\n\t\t\t\t\t\t\t<h3 \n\t\tdata-interaction-id=\"09713e6\" \n\t\tclass=\"text-balance e-09713e6-44b5995 e-heading-base\" \n\t\t \n\t\tdata-e-type=\"widget\" data-id=\"09713e6\"\n\t>\n\t\n\t\t\tPro Managed-tj\u00e4nster\n\t\t<\/h3>\n\t\t\t\t\t\t\t\t<span class=\"text-balance paragraph e-28e96ee-8cc160c e-paragraph-base\" data-interaction-id=\"28e96ee\"  data-e-type=\"widget\" data-id=\"28e96ee\">\n\t\t\t\t\t\t\t\tInte teknisk? Det \u00e4r inget problem. Vi sk\u00f6ter installation, uppdateringar och l\u00f6pande support s\u00e5 att du kan fokusera p\u00e5 ditt arbete.  \n\t\t\t\t\t<\/span>\n\t\t\t\t<\/div>\n\t\t<div class=\"elementor-element elementor-element-37cdc3d e-con-full box-shadow e-flex e-con e-child\" data-id=\"37cdc3d\" data-element_type=\"container\" data-e-type=\"container\" data-settings=\"{&quot;background_background&quot;:&quot;classic&quot;}\">\n\t\t\t\t\t\t\t<h3 \n\t\tdata-interaction-id=\"c26fa7b\" \n\t\tclass=\"text-balance e-c26fa7b-dfefca0 e-heading-base\" \n\t\t \n\t\tdata-e-type=\"widget\" data-id=\"c26fa7b\"\n\t>\n\t\n\t\t\tVerkligt st\u00f6d\n\t\t<\/h3>\n\t\t\t\t\t\t\t\t<span class=\"text-balance paragraph e-e060c14-ae059ae e-paragraph-base\" data-interaction-id=\"e060c14\"  data-e-type=\"widget\" data-id=\"e060c14\">\n\t\t\t\t\t\t\t\tFr\u00e5gor besvaras av riktiga m\u00e4nniskor som k\u00e4nner till produkterna. E-post, chatt, signal - ditt val. \n\t\t\t\t\t<\/span>\n\t\t\t\t<\/div>\n\t\t\t\t<\/div>\n\t\t\t\t\t<\/div>\n\t\t\t\t<\/div>\n\t\t<div class=\"wd-negative-gap elementor-element elementor-element-d58119a box-shadow e-flex e-con-boxed e-con e-parent\" data-id=\"d58119a\" data-element_type=\"container\" data-e-type=\"container\" data-settings=\"{&quot;background_background&quot;:&quot;classic&quot;}\">\n\t\t\t\t\t<div class=\"e-con-inner\">\n\t\t<div class=\"elementor-element elementor-element-6a93ab5 e-con-full e-flex e-con e-child\" data-id=\"6a93ab5\" data-element_type=\"container\" data-e-type=\"container\">\n\t\t\t\t\t\t\t\t<span class=\"text-balance e-f8af938-65bf942 paragraph-small e-paragraph-base\" data-interaction-id=\"f8af938\"  data-e-type=\"widget\" data-id=\"f8af938\">\n\t\t\t\t\t\t\t\tV\u00c5R BAKGRUND\n\n\t\t\t\t\t<\/span>\n\t\t\t\t\t\t\t<h3 \n\t\tdata-interaction-id=\"cbbe407\" \n\t\tclass=\"text-balance e-cbbe407-8a3c358 e-heading-base\" \n\t\t \n\t\tdata-e-type=\"widget\" data-id=\"cbbe407\"\n\t>\n\t\n\t\t\tTeknikstudio\n\t\t<\/h3>\n\t\t\t\t\t\t\t\t<span class=\"text-balance paragraph e-57f16d0-16dc710 e-paragraph-base\" data-interaction-id=\"57f16d0\"  data-e-type=\"widget\" data-id=\"57f16d0\">\n\t\t\t\t\t\t\t\t15+ \u00e5r inom IT-s\u00e4kerhet. Vi konfigurerar varje enhet f\u00f6r hand i v\u00e5r verkstad i M\u00e1laga. \n\n\n\t\t\t\t\t<\/span>\n\t\t\t\t<\/div>\n\t\t\t\t\t\t\t\t<span class=\"paragraph e-941fcbe-fcb9559 e-paragraph-base\" data-interaction-id=\"941fcbe\"  data-e-type=\"widget\" data-id=\"941fcbe\">\n\t\t\t\t\t\t\t\tVi b\u00f6rjade s\u00e4lja sekretesstelefoner 2019, med Google Pixel 3a som f\u00f6rsta produkt. Idag erbjuder vi s\u00e4kra telefoner, krypterade routrar och b\u00e4rbara datorer med sekretess - alla med p\u00e5litlig programvara med \u00f6ppen k\u00e4llkod. \n<br><br>Varje enhet testas f\u00f6re leverans. Installationen tar 2-4 timmar per enhet: Installation av operativsystem, s\u00e4kerhetsh\u00e4rdning och kvalitetskontroller. \n<br><br>Vi l\u00e4gger inte ut p\u00e5 entreprenad. Det vi s\u00e4ljer bygger och underh\u00e5ller vi sj\u00e4lva. \n\t\t\t\t\t<\/span>\n\t\t\t\t\t<\/div>\n\t\t\t\t<\/div>\n\t\t<div class=\"wd-negative-gap elementor-element elementor-element-6347943 box-shadow e-flex e-con-boxed e-con e-parent\" data-id=\"6347943\" data-element_type=\"container\" data-e-type=\"container\" data-settings=\"{&quot;background_background&quot;:&quot;classic&quot;}\">\n\t\t\t\t\t<div class=\"e-con-inner\">\n\t\t<div class=\"elementor-element elementor-element-5a329f0 e-con-full e-flex e-con e-child\" data-id=\"5a329f0\" data-element_type=\"container\" data-e-type=\"container\">\n\t\t\t\t<div class=\"elementor-element elementor-element-fd7cbfe elementor-widget__width-auto text-balance elementor-widget elementor-widget-heading\" data-id=\"fd7cbfe\" data-element_type=\"widget\" data-e-type=\"widget\" data-widget_type=\"heading.default\">\n\t\t\t\t\t<h5 class=\"elementor-heading-title elementor-size-default\">Se exakt hur vi skyddar din integritet\n\n<\/h5>\t\t\t\t<\/div>\n\t\t\t\t\t\t\t\t<span class=\"paragraph e-0e07a6a-b05c8df text-balance e-paragraph-base\" data-interaction-id=\"0e07a6a\"  data-e-type=\"widget\" data-id=\"0e07a6a\">\n\t\t\t\t\t\t\t\tFullst\u00e4ndig \u00f6ppenhet om datahantering, anonym leverans och s\u00e4kra betalningsalternativ. Inga dolda metoder - bara tydliga policyer. \n\n\n\t\t\t\t\t<\/span>\n\t\t\t\t<\/div>\n\t\t<div class=\"elementor-element elementor-element-602eeea e-con-full e-flex e-con e-child\" data-id=\"602eeea\" data-element_type=\"container\" data-e-type=\"container\">\n\t\t\t\t\t    \t            <a\n            href=\"https:\/\/www.cryptvice.com\/sv\/how-we-work\/\" target=\"_self\"\n            class=\"button-dark-icon e-8330687-bf39037 e-button-base\"\n            data-interaction-id=\"8330687\"\n             data-e-type=\"widget\" data-id=\"8330687\"\n        >\n            Hur vi arbetar\n        <\/a>\n    \t\t\t\t\t\t\t\t<p class=\"e-32f97c2-3c2d22f text-balance e-paragraph-base\" data-interaction-id=\"32f97c2\"  data-e-type=\"widget\" data-id=\"32f97c2\">\n\t\t\t\t\t\t\t<a\n\t\t\t\t\thref=\"https:\/\/www.cryptvice.com\/sv\/legal\/integritetspolicy\/\" target=\"_self\"\n\t\t\t\t\tclass=\"e-paragraph-link-base\"\n\t\t\t\t>\n\t\t\t\t\t\tSe v\u00e5r integritetspolicy \u2192.\n\t\t\t\t<\/a>\n\t\t\t\t\t<\/p>\n\t\t\t\t<\/div>\n\t\t\t\t\t<\/div>\n\t\t\t\t<\/div>\n\t\t\t\t<\/div>\n\t\t","protected":false},"excerpt":{"rendered":"<p>Om oss Betrodd av organisationer som tar integritet p\u00e5 allvar Vi bygger och konfigurerar s\u00e4kra enheter f\u00f6r m\u00e4nniskor som v\u00e4rdes\u00e4tter<\/p>\n","protected":false},"author":590,"featured_media":0,"parent":0,"menu_order":9,"comment_status":"closed","ping_status":"closed","template":"","meta":{"footnotes":""},"class_list":["post-60092","page","type-page","status-publish","hentry"],"_links":{"self":[{"href":"https:\/\/www.cryptvice.com\/sv\/wp-json\/wp\/v2\/pages\/60092","targetHints":{"allow":["GET"]}}],"collection":[{"href":"https:\/\/www.cryptvice.com\/sv\/wp-json\/wp\/v2\/pages"}],"about":[{"href":"https:\/\/www.cryptvice.com\/sv\/wp-json\/wp\/v2\/types\/page"}],"author":[{"embeddable":true,"href":"https:\/\/www.cryptvice.com\/sv\/wp-json\/wp\/v2\/users\/590"}],"replies":[{"embeddable":true,"href":"https:\/\/www.cryptvice.com\/sv\/wp-json\/wp\/v2\/comments?post=60092"}],"version-history":[{"count":0,"href":"https:\/\/www.cryptvice.com\/sv\/wp-json\/wp\/v2\/pages\/60092\/revisions"}],"wp:attachment":[{"href":"https:\/\/www.cryptvice.com\/sv\/wp-json\/wp\/v2\/media?parent=60092"}],"curies":[{"name":"wp","href":"https:\/\/api.w.org\/{rel}","templated":true}]}}