{"id":61457,"date":"2024-05-15T20:46:22","date_gmt":"2024-05-15T18:46:22","guid":{"rendered":"https:\/\/www.cryptvice.com\/shop\/iphone-13-pro-case-nillkin-camshield-camera-slider\/"},"modified":"2026-03-13T10:26:47","modified_gmt":"2026-03-13T08:26:47","slug":"iphone-13-pro-case-nillkin-camshield-camera-slider","status":"publish","type":"product","link":"https:\/\/www.cryptvice.com\/sv\/shop\/iphone-13-pro-case-nillkin-camshield-camera-slider\/","title":{"rendered":"Fodral till iPhone 13 Pro &#8211; Nillkin CamShield kamerah\u00e5llare"},"content":{"rendered":"\t\t<div data-elementor-type=\"product-post\" data-elementor-id=\"61457\" class=\"elementor elementor-61457 elementor-11149\" data-elementor-post-type=\"product\">\n\t\t\t\t<div class=\"wd-negative-gap elementor-element elementor-element-3999d8d5 e-flex e-con-boxed e-con e-parent\" data-id=\"3999d8d5\" data-element_type=\"container\" data-e-type=\"container\">\n\t\t\t\t\t<div class=\"e-con-inner\">\n\t\t\t\t\t\t\t<h2 \n\t\tdata-interaction-id=\"306b353a\" \n\t\tclass=\"text-balance e-306b353a-5783330 e-heading-base\" \n\t\t \n\t\tdata-e-type=\"widget\" data-id=\"306b353a\"\n\t>\n\t\n\t\t\tCamShield-fodral fr\u00e5n Nillkin f\u00f6r iPhone 13 Pro\n\t\t<\/h2>\n\t\t\t\t\t\t\t\t<p class=\"e-647310f-ad559c4 paragraph-small text-balance e-paragraph-base\" data-interaction-id=\"647310f\"  data-e-type=\"widget\" data-id=\"647310f\">\n\t\t\t\t\t\t\t\tNillkin CamShield f\u00f6r iPhone 13 Pro har ett skjutbart skydd som skyddar hela det tredubbla kamerasystemet plus LiDAR-skannern. En r\u00f6relse t\u00e4cker alla linser. En r\u00f6relse exponerar dem f\u00f6r foton.  \n\t\t\t\t\t<\/p>\n\t\t\t\t\t\t\t<h2 \n\t\tdata-interaction-id=\"7bb49aab\" \n\t\tclass=\"text-balance e-7bb49aab-d9288d3 e-heading-base\" \n\t\t \n\t\tdata-e-type=\"widget\" data-id=\"7bb49aab\"\n\t>\n\t\n\t\t\tiPhone 13 Pro CamShield-konstruktion\n\t\t<\/h2>\n\t\t\t\t\t\t\t\t<p class=\"e-2c1a323e-47b7550 paragraph-small text-balance e-paragraph-base\" data-interaction-id=\"2c1a323e\"  data-e-type=\"widget\" data-id=\"2c1a323e\">\n\t\t\t\t\t\t\t\tStyv PC-baksida som \u00e4r bunden till en flexibel TPU-omkretsram. Omr\u00e5det f\u00f6r den tredubbla kameramodulen har en upph\u00f6jd ram f\u00f6r att h\u00e5lla alla linser fria fr\u00e5n plana ytor. Den matta ytan motst\u00e5r olja och fingeravtryck. Alla portar, knappar och mute-omkopplaren \u00e4r \u00e5tkomliga genom exakta utsk\u00e4rningar.   \n\t\t\t\t\t<\/p>\n\t\t\t\t\t\t\t\t<p class=\"e-26c5b87a-e8190cc paragraph-small text-balance e-paragraph-base\" data-interaction-id=\"26c5b87a\"  data-e-type=\"widget\" data-id=\"26c5b87a\">\n\t\t\t\t\t\t\t\t- Skjutbart lock f\u00f6r trippelkamera + LiDAR\n- F\u00f6rst\u00e4rkt PC + TPU-hybridkonstruktion\n- Kameramodul med upph\u00f6jd ram\n- Upph\u00f6jd sk\u00e4rmkant\n- Matt bel\u00e4ggning mot olja\n- Alla portar och brytare \u00e4r \u00e5tkomliga\n\t\t\t\t\t<\/p>\n\t\t\t\t\t\t\t<h2 \n\t\tdata-interaction-id=\"738ceb16\" \n\t\tclass=\"text-balance e-738ceb16-1e114e9 e-heading-base\" \n\t\t \n\t\tdata-e-type=\"widget\" data-id=\"738ceb16\"\n\t>\n\t\n\t\t\tH\u00e5rdvarukamerablock f\u00f6r iPhone 13 Pro\n\t\t<\/h2>\n\t\t\t\t\t\t\t\t<p class=\"e-1b426483-ce531fb paragraph-small text-balance e-paragraph-base\" data-interaction-id=\"1b426483\"  data-e-type=\"widget\" data-id=\"1b426483\">\n\t\t\t\t\t\t\t\tiPhone 13 Pro har tre kameror och en LiDAR-skanner - fyra potentiella f\u00e5ngstpunkter. CamShield t\u00e4cker dem alla med ett skjutreglage. N\u00e4r det \u00e4r st\u00e4ngt kan ingen bakre sensor f\u00e5nga n\u00e5got, oavsett vilka programvarubeh\u00f6righeter som \u00e4r inst\u00e4llda.  \n\t\t\t\t\t<\/p>\n\t\t\t\t\t<\/div>\n\t\t\t\t<\/div>\n\t\t\t\t<\/div>\n\t\t","protected":false},"excerpt":{"rendered":"<p>iPhone 13 Pro-fodral &#8211; Nillkin CamShield Camera Slider med integrerat skjutbart skydd som skyddar hela trippelkameran och LiDAR-skannern. Dubbel konstruktion av PC och TPU skyddar mot fall. <\/p>\n<p>\u2713 Skjutbart lock skyddar alla tre linserna och LiDAR<br \/>\n\u2713 Polykarbonatbaksida med TPU-st\u00f6tram<br \/>\n\u2713 F\u00f6rh\u00f6jda kanter runt sk\u00e4rmen och kameramodulen<br \/>\n\u2713 Matt greppfinish motst\u00e5r oljor och fingeravtryck<br \/>\n\u2713 Utformad f\u00f6r iPhone 13 Pro<\/p>\n","protected":false},"featured_media":21506,"comment_status":"closed","ping_status":"closed","template":"","meta":{"_acf_changed":false},"product_brand":[],"product_cat":[6609],"product_tag":[],"class_list":{"0":"post-61457","1":"product","2":"type-product","3":"status-publish","4":"has-post-thumbnail","6":"product_cat-skal","7":"product_shipping_class-brevladepaket-verktyg-for-integritet","8":"pa_accessory-type-bakre-omslag-2","9":"pa_accessory-type-bakre-omslag","10":"pa_brand-nillkin","12":"pa_color-svart-2","13":"pa_color-svart","14":"pa_manufacturer-guarantee-12-manader","15":"pa_manufacturer-guarantee-12-manader-2","16":"pa_material-hard-plast","17":"pa_material-hard-plast-2","18":"pa_material-tpu","21":"first","22":"instock","23":"taxable","24":"shipping-taxable","25":"purchasable","26":"product-type-simple"},"acf":[],"_links":{"self":[{"href":"https:\/\/www.cryptvice.com\/sv\/wp-json\/wp\/v2\/product\/61457","targetHints":{"allow":["GET"]}}],"collection":[{"href":"https:\/\/www.cryptvice.com\/sv\/wp-json\/wp\/v2\/product"}],"about":[{"href":"https:\/\/www.cryptvice.com\/sv\/wp-json\/wp\/v2\/types\/product"}],"replies":[{"embeddable":true,"href":"https:\/\/www.cryptvice.com\/sv\/wp-json\/wp\/v2\/comments?post=61457"}],"version-history":[{"count":0,"href":"https:\/\/www.cryptvice.com\/sv\/wp-json\/wp\/v2\/product\/61457\/revisions"}],"wp:featuredmedia":[{"embeddable":true,"href":"https:\/\/www.cryptvice.com\/sv\/wp-json\/wp\/v2\/media\/21506"}],"wp:attachment":[{"href":"https:\/\/www.cryptvice.com\/sv\/wp-json\/wp\/v2\/media?parent=61457"}],"wp:term":[{"taxonomy":"product_brand","embeddable":true,"href":"https:\/\/www.cryptvice.com\/sv\/wp-json\/wp\/v2\/product_brand?post=61457"},{"taxonomy":"product_cat","embeddable":true,"href":"https:\/\/www.cryptvice.com\/sv\/wp-json\/wp\/v2\/product_cat?post=61457"},{"taxonomy":"product_tag","embeddable":true,"href":"https:\/\/www.cryptvice.com\/sv\/wp-json\/wp\/v2\/product_tag?post=61457"}],"curies":[{"name":"wp","href":"https:\/\/api.w.org\/{rel}","templated":true}]}}