{"id":61918,"date":"2024-05-15T20:46:14","date_gmt":"2024-05-15T18:46:14","guid":{"rendered":"https:\/\/www.cryptvice.com\/shop\/google-pixel-tablet-grapheneos-vpn-encrypted\/"},"modified":"2026-03-13T10:29:17","modified_gmt":"2026-03-13T08:29:17","slug":"google-pixel-tablet-grapheneos-vpn-encrypted","status":"publish","type":"product","link":"https:\/\/www.cryptvice.com\/sv\/shop\/google-pixel-tablet-grapheneos-vpn-encrypted\/","title":{"rendered":"Google Pixel Tablet GrapheneOS VPN Krypterad"},"content":{"rendered":"\t\t<div data-elementor-type=\"product-post\" data-elementor-id=\"61918\" class=\"elementor elementor-61918 elementor-11101\" data-elementor-post-type=\"product\">\n\t\t\t\t<div class=\"wd-negative-gap elementor-element elementor-element-35b405a5 e-flex e-con-boxed e-con e-parent\" data-id=\"35b405a5\" data-element_type=\"container\" data-e-type=\"container\">\n\t\t\t\t\t<div class=\"e-con-inner\">\n\t\t\t\t\t<\/div>\n\t\t\t\t<\/div>\n\t\t\t\t<\/div>\n\t\t","protected":false},"excerpt":{"rendered":"<p><em>Professionellt konfigurerad sekretessplatta med expertsupport<\/em><\/p>\n<p>S\u00e4ker datoranv\u00e4ndning p\u00e5 stora sk\u00e4rmar &#8211; integritetsskyddad f\u00f6r forskning, presentationer och f\u00e4ltarbete.<\/p>\n<p>Byggd p\u00e5 Google Pixel Tablet-h\u00e5rdvara, individuellt konfigurerad med GrapheneOS och krypterat VPN-skydd. Inga Google-tj\u00e4nster. Ingen sp\u00e5rning. Fullst\u00e4ndigt skydd.   <\/p>\n<p>\u2713 Fabriksny Google Pixel Tablet<br \/>\n\u2713 GrapheneOS f\u00f6rinstallerat och konfigurerat<br \/>\n\u2713 VPN-abonnemang aktiverat och klart<br \/>\n\u2713 S\u00e4kerhetsf\u00f6rst\u00e4rkning till\u00e4mpas<br \/>\n\u2713 30-dagars expertsupport<\/p>\n","protected":false},"featured_media":44331,"comment_status":"closed","ping_status":"closed","template":"","meta":[],"product_brand":[],"product_cat":[2002],"product_tag":[],"class_list":{"0":"post-61918","1":"product","2":"type-product","3":"status-publish","4":"has-post-thumbnail","6":"product_cat-crypttabs","7":"product_shipping_class-litet-paket-telefon-router","9":"first","10":"instock","11":"taxable","12":"shipping-taxable","13":"purchasable","14":"product-type-variable","15":"has-default-attributes"},"_links":{"self":[{"href":"https:\/\/www.cryptvice.com\/sv\/wp-json\/wp\/v2\/product\/61918","targetHints":{"allow":["GET"]}}],"collection":[{"href":"https:\/\/www.cryptvice.com\/sv\/wp-json\/wp\/v2\/product"}],"about":[{"href":"https:\/\/www.cryptvice.com\/sv\/wp-json\/wp\/v2\/types\/product"}],"replies":[{"embeddable":true,"href":"https:\/\/www.cryptvice.com\/sv\/wp-json\/wp\/v2\/comments?post=61918"}],"version-history":[{"count":0,"href":"https:\/\/www.cryptvice.com\/sv\/wp-json\/wp\/v2\/product\/61918\/revisions"}],"wp:featuredmedia":[{"embeddable":true,"href":"https:\/\/www.cryptvice.com\/sv\/wp-json\/wp\/v2\/media\/44331"}],"wp:attachment":[{"href":"https:\/\/www.cryptvice.com\/sv\/wp-json\/wp\/v2\/media?parent=61918"}],"wp:term":[{"taxonomy":"product_brand","embeddable":true,"href":"https:\/\/www.cryptvice.com\/sv\/wp-json\/wp\/v2\/product_brand?post=61918"},{"taxonomy":"product_cat","embeddable":true,"href":"https:\/\/www.cryptvice.com\/sv\/wp-json\/wp\/v2\/product_cat?post=61918"},{"taxonomy":"product_tag","embeddable":true,"href":"https:\/\/www.cryptvice.com\/sv\/wp-json\/wp\/v2\/product_tag?post=61918"}],"curies":[{"name":"wp","href":"https:\/\/api.w.org\/{rel}","templated":true}]}}