{"id":63480,"date":"2025-06-09T08:57:40","date_gmt":"2025-06-09T06:57:40","guid":{"rendered":"https:\/\/www.cryptvice.com\/shop\/google-pixel-9-pro-grapheneos-vpn-encrypted\/"},"modified":"2026-04-16T13:16:34","modified_gmt":"2026-04-16T11:16:34","slug":"google-pixel-9-pro-grapheneos-vpn-encrypted","status":"publish","type":"product","link":"https:\/\/www.cryptvice.com\/sv\/shop\/google-pixel-9-pro-grapheneos-vpn-encrypted\/","title":{"rendered":"Google Pixel 9 Pro GrapheneOS VPN krypterad"},"content":{"rendered":"\t\t<div data-elementor-type=\"product-post\" data-elementor-id=\"63480\" class=\"elementor elementor-63480 elementor-42913\" data-elementor-post-type=\"product\">\n\t\t\t\t<div class=\"wd-negative-gap elementor-element elementor-element-1699cf26 e-flex e-con-boxed e-con e-parent\" data-id=\"1699cf26\" data-element_type=\"container\" data-e-type=\"container\">\n\t\t\t\t\t<div class=\"e-con-inner\">\n\t\t\t\t\t\t\t<h2 \n\t\tdata-interaction-id=\"2af3da93\" \n\t\tclass=\"text-balance e-2af3da93-1e0f6dd e-heading-base\" \n\t\t \n\t\tdata-e-type=\"widget\" data-id=\"2af3da93\"\n\t>\n\t\n\t\t\tVem \u00e4r Google Pixel 9 Pro GrapheneOS f\u00f6r\n\t\t<\/h2>\n\t\t\t\t\t\t\t\t<p class=\"paragraph-small e-paragraph-base\" data-interaction-id=\"c38bf93\"  data-e-type=\"widget\" data-id=\"c38bf93\">\n\t\t\t\t\t\t\t\tGoogle Pixel 9 Pro GrapheneOS VPN Encrypted \u00e4r konfigurerad f\u00f6r anv\u00e4ndare som kr\u00e4ver flaggskeppsprestanda tillsammans med kompromissl\u00f6s integritet:<br><br>- Journalister som skyddar k\u00e4llor och k\u00e4nslig kommunikation<br>- Chefer som hanterar konfidentiell aff\u00e4rsinformation<br>- Aktivister som arbetar i milj\u00f6er med h\u00f6g \u00f6vervakning<br>- Jurister som kr\u00e4ver klientsekretess<br>- S\u00e4kerhetsforskare som beh\u00f6ver en p\u00e5litlig mobil plattform<br><br>Pixel 9 Pro kombinerar den senaste Tensor G4-processorn med Titan M2-s\u00e4kerhet, vilket ger premiumprestanda utan kompromisser med integriteten.\n\t\t\t\t\t<\/p>\n\t\t\t\t\t\t\t<h2 \n\t\tdata-interaction-id=\"29431187\" \n\t\tclass=\"text-balance e-29431187-a8ba576 e-heading-base\" \n\t\t \n\t\tdata-e-type=\"widget\" data-id=\"29431187\"\n\t>\n\t\n\t\t\tGrapheneOS p\u00e5 Pixel 9 Pro\n\t\t<\/h2>\n\t\t\t\t\t\t\t\t<p class=\"paragraph-small e-paragraph-base\" data-interaction-id=\"770fcff7\"  data-e-type=\"widget\" data-id=\"770fcff7\">\n\t\t\t\t\t\t\t\tVarje Pixel 9 Pro \u00e4r f\u00f6rberedd med en verifierad GrapheneOS-installation:<br><br>- Ny installation med kryptografiska integritetskontroller<br>- Bootloader s\u00e4krad f\u00f6r verifierad uppstart<br>- All Google-telemetri och alla Google-tj\u00e4nster borttagna<br>- Systemet h\u00e4rdat mot k\u00e4nda attackvektorer<br>- Prestanda anpassad f\u00f6r flaggskeppets h\u00e5rdvarukapacitet<br><br>GrapheneOS f\u00e5r kontinuerliga uppdateringar, med Pixel 9 Pro som st\u00f6ds till och med 2031.\n\t\t\t\t\t<\/p>\n\t\t\t\t\t\t\t<h2 \n\t\tdata-interaction-id=\"33f01f74\" \n\t\tclass=\"text-balance e-33f01f74-326a4e7 e-heading-base\" \n\t\t \n\t\tdata-e-type=\"widget\" data-id=\"33f01f74\"\n\t>\n\t\n\t\t\tApplikationsh\u00e4rdning p\u00e5 Pixel 9 Pro\n\t\t<\/h2>\n\t\t\t\t\t\t\t\t<p class=\"paragraph-small e-paragraph-base\" data-interaction-id=\"61a6d5ba\"  data-e-type=\"widget\" data-id=\"61a6d5ba\">\n\t\t\t\t\t\t\t\tSekretessapplikationer genomg\u00e5r individuell konfiguration p\u00e5 varje enhet:<br><br>- Beh\u00f6righetsstrukturer minimeras per applikation<br>- Bakgrundsprocesser begr\u00e4nsas f\u00f6r att f\u00f6rhindra datal\u00e4ckage<br>- N\u00e4tverksbeteende kontrolleras p\u00e5 appniv\u00e5<br>- Sandboxing till\u00e4mpas mellan applikationer<br>- Lagrings\u00e5tkomst isoleras f\u00f6r skydd av k\u00e4nsliga data<br><br>Detta praktiska tillv\u00e4gag\u00e5ngss\u00e4tt s\u00e4kerst\u00e4ller att varje Pixel 9 Pro uppfyller professionella s\u00e4kerhetskrav.\n\t\t\t\t\t<\/p>\n\t\t\t\t\t\t\t<h2 \n\t\tdata-interaction-id=\"1c2e0f9e\" \n\t\tclass=\"text-balance e-1c2e0f9e-2dc8eb1 e-heading-base\" \n\t\t \n\t\tdata-e-type=\"widget\" data-id=\"1c2e0f9e\"\n\t>\n\t\n\t\t\tKrypterad VPN-anslutning\n\t\t<\/h2>\n\t\t\t\t\t\t\t\t<p class=\"paragraph-small e-paragraph-base\" data-interaction-id=\"447c11ae\"  data-e-type=\"widget\" data-id=\"447c11ae\">\n\t\t\t\t\t\t\t\tV\u00e4lj \u00f6nskad leverant\u00f6r i kassan:<br><br>- Mullvad - anonyma konton, ingen e-postregistrering, svensk jurisdiktion<br>- iVPN - multihop-routning, granskad \u00f6ppen k\u00e4llkodsklient, Gibraltar-baserad<br>- ProtonVPN - schweiziskt r\u00e4ttsskydd, Secure Core-n\u00e4tverksroutning<br><br>Ditt VPN \u00e4r installerat, konfigurerat och verifierat f\u00f6re leverans. Kryptering aktiveras automatiskt p\u00e5 alla n\u00e4tverksanslutningar. \n\t\t\t\t\t<\/p>\n\t\t\t\t\t\t\t<h2 \n\t\tdata-interaction-id=\"6d18f55\" \n\t\tclass=\"text-balance e-6d18f55-223e341 e-heading-base\" \n\t\t \n\t\tdata-e-type=\"widget\" data-id=\"6d18f55\"\n\t>\n\t\n\t\t\tF\u00f6rinstallerade sekretessverktyg p\u00e5 Google Pixel 9 Pro\n\t\t<\/h2>\n\t\t\t\t\t\t\t\t<p class=\"paragraph-small e-paragraph-base\" data-interaction-id=\"3e8ff1\"  data-e-type=\"widget\" data-id=\"3e8ff1\">\n\t\t\t\t\t\t\t\tS\u00e4kert n\u00e4tverk<br>- Orbot - dirigerar trafik genom Tor-n\u00e4tverket n\u00e4r anonymitet kr\u00e4vs<br>- Premium VPN - din valda leverant\u00f6r, konfigurerad och testad<br><br>Privat surfning<br>- Firefox Focus - blockerar sp\u00e5rare som standard, rensar sessionsdata automatiskt<br><br>App\u00e5tkomst<br>- Aurora Store - ladda ner appar fr\u00e5n Play Store utan Google-konto<br>- F-Droid - samlingsplats f\u00f6r applikationer med \u00f6ppen k\u00e4llkod<br><br>S\u00e4ker kommunikation<br>- Molly - h\u00e4rdad Signal-fork med f\u00f6rb\u00e4ttrade s\u00e4kerhetsfunktioner<br>- Threema - schweiziskutvecklad meddelandetj\u00e4nst med GDPR-efterlevnad<br>- SimpleX - decentraliserad meddelandetj\u00e4nst utan telefonnummer eller anv\u00e4ndar-ID<br><br>Produktivitet<br>- Standard Notes - end-to-end krypterad anteckningsfunktion<br>- eM Client - e-posthantering utan plattformssp\u00e5rning\n\t\t\t\t\t<\/p>\n\t\t\t\t\t\t\t<h2 \n\t\tdata-interaction-id=\"3ff338e7\" \n\t\tclass=\"text-balance e-3ff338e7-7cdda18 e-heading-base\" \n\t\t \n\t\tdata-e-type=\"widget\" data-id=\"3ff338e7\"\n\t>\n\t\n\t\t\tVad g\u00f6r Cryptvice annorlunda\n\t\t<\/h2>\n\t\t\t\t\t\t\t\t<p class=\"paragraph-small e-paragraph-base\" data-interaction-id=\"71d3584c\"  data-e-type=\"widget\" data-id=\"71d3584c\">\n\t\t\t\t\t\t\t\t- Individuell enhetskonfiguration - varje telefon f\u00f6rbereds f\u00f6r hand<br>- S\u00e4kerhetsverifiering - testas f\u00f6re varje leverans<br>- Diskret f\u00f6rpackning - inget varum\u00e4rke syns vid leverans<br>- Betalningar i kryptovaluta - anonyma k\u00f6palternativ tillg\u00e4ngliga<br>- EU-baserad verksamhet - skickas fr\u00e5n Spanien med sp\u00e5rning<br>- Expertsupport - 30 dagars hj\u00e4lp fr\u00e5n dagliga GrapheneOS-anv\u00e4ndare\n\t\t\t\t\t<\/p>\n\t\t\t\t\t\t\t<h2 \n\t\tdata-interaction-id=\"3e84da4f\" \n\t\tclass=\"text-balance e-3e84da4f-4ea571e e-heading-base\" \n\t\t \n\t\tdata-e-type=\"widget\" data-id=\"3e84da4f\"\n\t>\n\t\n\t\t\tFrakt och garanti\n\t\t<\/h2>\n\t\t\t\t\t\t\t\t<p class=\"paragraph-small e-paragraph-base\" data-interaction-id=\"5c59526a\"  data-e-type=\"widget\" data-id=\"5c59526a\">\n\t\t\t\t\t\t\t\tBest\u00e4llningar skickas inom 1 arbetsdag. Sp\u00e5rningsinformation tillhandah\u00e5lls via e-post. <br><br>Returer accepteras f\u00f6r defekta enheter inom Spanien. F\u00f6r icke-felaktiga returer tillkommer kostnader f\u00f6r returfrakt. Googles standardgaranti f\u00f6r h\u00e5rdvara g\u00e4ller. Programvarukonfiguration ing\u00e5r som professionell service.   \n\t\t\t\t\t<\/p>\n\t\t\t\t\t\t\t\t<p class=\"paragraph-small button-dark-icon e-52cb4785-8979a70 e-paragraph-base\" data-interaction-id=\"52cb4785\"  data-e-type=\"widget\" data-id=\"52cb4785\">\n\t\t\t\t\t\t\t<a\n\t\t\t\t\thref=\"https:\/\/www.cryptvice.com\/sv\/help-and-support\/\" target=\"_self\"\n\t\t\t\t\tclass=\"e-paragraph-link-base\"\n\t\t\t\t>\n\t\t\t\t\t\tHar du n\u00e5gra fr\u00e5gor? Se v\u00e5ra vanliga fr\u00e5gor om hj\u00e4lp och support \n\t\t\t\t<\/a>\n\t\t\t\t\t<\/p>\n\t\t\t\t\t<\/div>\n\t\t\t\t<\/div>\n\t\t\t\t<\/div>\n\t\t","protected":false},"excerpt":{"rendered":"<p>Google Pixel 9 Pro GrapheneOS \u00e4r v\u00e5rt mest kompletta Pixel 9-bygge. Tensor G4, 16 GB RAM, trippelkamera &#8211; och samma s\u00e4kerhetspaket \u00f6ver hela linjen. Om du vill ha hela paketet fr\u00e5n Pixel 9-generationen \u00e4r det h\u00e4r det.  <\/p>\n<p>\u2713 F\u00f6rinstallerat med GrapheneOS &#8211; ingen Google, ingen sp\u00e5rning<br \/>\n\u2713 Signal, Molly &amp; Threema aktiverat med virtuellt nummer<br \/>\n\u2713 Premium VPN + dubbelprofil med full h\u00e4rdning<br \/>\n\u2713 USB-datablockerare &amp; duress wipe aktiverat<\/p>\n","protected":false},"featured_media":63485,"comment_status":"closed","ping_status":"closed","template":"","meta":[],"product_brand":[],"product_cat":[6647,6568],"product_tag":[],"class_list":{"0":"post-63480","1":"product","2":"type-product","3":"status-publish","4":"has-post-thumbnail","6":"product_cat-cryptphones-2","7":"product_cat-accessoires","8":"pa_audio-connection-nej-2","9":"pa_battery-capacity-4700-mah","10":"pa_bluetooth-5-3","11":"pa_brand-google","12":"pa_camera-back-48-mp-f-2-8-113mm-periscope-telephoto","13":"pa_camera-back-50-mp-f-1-7-25mm-wide","14":"pa_camera-front-42-mp-f-2-2-17mm-ultrawide","15":"pa_color-svart-2","16":"pa_graphics-series-mali-g715-mc7","17":"pa_guaranteed-security-updates-01-sep-2031","18":"pa_manufacturer-guarantee-12-manader-2","19":"pa_model-pixel-9-pro","20":"pa_operating-system-grapheneos","21":"pa_processor-octa-core","22":"pa_ram-size-16-gb","23":"pa_release-years-04-sep-2024","24":"pa_resolution-1280-x-2856-pixels","25":"pa_screen-diagonal-6-3-2","26":"pa_screen-ppi-495-ppi","27":"pa_screen-ratio-209-forhallande-2","28":"pa_screen-refresh-rate-120-hz-2","29":"pa_screen-type-p-oled","30":"pa_security-features-oem-upplasning-2","31":"pa_security-features-vpn-krypterad-2","32":"pa_storage-128-gb","33":"pa_system-chip-google-tensor-g4","34":"pa_vpn-cover-ivpn-12m","35":"pa_vpn-cover-ivpn-6m","36":"pa_vpn-cover-mullvad-12m","37":"pa_vpn-cover-mullvad-6m","38":"pa_vpn-cover-protonvpn-12m","40":"first","41":"instock","42":"featured","43":"taxable","44":"shipping-taxable","45":"purchasable","46":"product-type-variable"},"_links":{"self":[{"href":"https:\/\/www.cryptvice.com\/sv\/wp-json\/wp\/v2\/product\/63480","targetHints":{"allow":["GET"]}}],"collection":[{"href":"https:\/\/www.cryptvice.com\/sv\/wp-json\/wp\/v2\/product"}],"about":[{"href":"https:\/\/www.cryptvice.com\/sv\/wp-json\/wp\/v2\/types\/product"}],"replies":[{"embeddable":true,"href":"https:\/\/www.cryptvice.com\/sv\/wp-json\/wp\/v2\/comments?post=63480"}],"version-history":[{"count":2,"href":"https:\/\/www.cryptvice.com\/sv\/wp-json\/wp\/v2\/product\/63480\/revisions"}],"predecessor-version":[{"id":71409,"href":"https:\/\/www.cryptvice.com\/sv\/wp-json\/wp\/v2\/product\/63480\/revisions\/71409"}],"wp:featuredmedia":[{"embeddable":true,"href":"https:\/\/www.cryptvice.com\/sv\/wp-json\/wp\/v2\/media\/63485"}],"wp:attachment":[{"href":"https:\/\/www.cryptvice.com\/sv\/wp-json\/wp\/v2\/media?parent=63480"}],"wp:term":[{"taxonomy":"product_brand","embeddable":true,"href":"https:\/\/www.cryptvice.com\/sv\/wp-json\/wp\/v2\/product_brand?post=63480"},{"taxonomy":"product_cat","embeddable":true,"href":"https:\/\/www.cryptvice.com\/sv\/wp-json\/wp\/v2\/product_cat?post=63480"},{"taxonomy":"product_tag","embeddable":true,"href":"https:\/\/www.cryptvice.com\/sv\/wp-json\/wp\/v2\/product_tag?post=63480"}],"curies":[{"name":"wp","href":"https:\/\/api.w.org\/{rel}","templated":true}]}}