{"id":63586,"date":"2025-06-09T05:57:24","date_gmt":"2025-06-09T03:57:24","guid":{"rendered":"https:\/\/www.cryptvice.com\/shop\/google-pixel-9a-grapheneos-vpn-encrypted\/"},"modified":"2026-04-02T10:43:50","modified_gmt":"2026-04-02T08:43:50","slug":"google-pixel-9a-grapheneos-vpn-encrypted","status":"publish","type":"product","link":"https:\/\/www.cryptvice.com\/sv\/shop\/google-pixel-9a-grapheneos-vpn-encrypted\/","title":{"rendered":"Google Pixel 9a GrapheneOS VPN krypterad"},"content":{"rendered":"\t\t<div data-elementor-type=\"product-post\" data-elementor-id=\"63586\" class=\"elementor elementor-63586 elementor-42911\" data-elementor-post-type=\"product\">\n\t\t\t\t<div class=\"wd-negative-gap elementor-element elementor-element-2d482aa e-flex e-con-boxed e-con e-parent\" data-id=\"2d482aa\" data-element_type=\"container\" data-e-type=\"container\">\n\t\t\t\t\t<div class=\"e-con-inner\">\n\t\t\t\t\t<\/div>\n\t\t\t\t<\/div>\n\t\t\t\t<\/div>\n\t\t","protected":false},"excerpt":{"rendered":"<p>Google Pixel 9a GrapheneOS delar samma Tensor G4-chip och Titan M2-s\u00e4kerhetschip som Pixel 9 Pro &#8211; till ett betydligt l\u00e4gre pris. Kompromissen \u00e4r kamerah\u00e5rdvara och RAM, inte s\u00e4kerhet. H\u00e4rdningen \u00e4r identisk \u00f6ver hela Pixel 9-linjen.  <\/p>\n<p>\u2713 F\u00f6rinstallerat med GrapheneOS &#8211; ingen Google, ingen sp\u00e5rning<br \/>\n\u2713 Signal, Molly &amp; Threema aktiverat med virtuellt nummer<br \/>\n\u2713 Premium VPN + dubbelprofil med full h\u00e4rdning<br \/>\n\u2713 USB-datablockerare &amp; duress wipe aktiverat<\/p>\n","protected":false},"featured_media":63587,"comment_status":"closed","ping_status":"closed","template":"","meta":[],"product_brand":[],"product_cat":[108],"product_tag":[],"class_list":{"0":"post-63586","1":"product","2":"type-product","3":"status-publish","4":"has-post-thumbnail","6":"product_cat-accessoires","8":"first","9":"instock","10":"featured","11":"taxable","12":"shipping-taxable","13":"purchasable","14":"product-type-variable"},"_links":{"self":[{"href":"https:\/\/www.cryptvice.com\/sv\/wp-json\/wp\/v2\/product\/63586","targetHints":{"allow":["GET"]}}],"collection":[{"href":"https:\/\/www.cryptvice.com\/sv\/wp-json\/wp\/v2\/product"}],"about":[{"href":"https:\/\/www.cryptvice.com\/sv\/wp-json\/wp\/v2\/types\/product"}],"replies":[{"embeddable":true,"href":"https:\/\/www.cryptvice.com\/sv\/wp-json\/wp\/v2\/comments?post=63586"}],"version-history":[{"count":2,"href":"https:\/\/www.cryptvice.com\/sv\/wp-json\/wp\/v2\/product\/63586\/revisions"}],"predecessor-version":[{"id":71388,"href":"https:\/\/www.cryptvice.com\/sv\/wp-json\/wp\/v2\/product\/63586\/revisions\/71388"}],"wp:featuredmedia":[{"embeddable":true,"href":"https:\/\/www.cryptvice.com\/sv\/wp-json\/wp\/v2\/media\/63587"}],"wp:attachment":[{"href":"https:\/\/www.cryptvice.com\/sv\/wp-json\/wp\/v2\/media?parent=63586"}],"wp:term":[{"taxonomy":"product_brand","embeddable":true,"href":"https:\/\/www.cryptvice.com\/sv\/wp-json\/wp\/v2\/product_brand?post=63586"},{"taxonomy":"product_cat","embeddable":true,"href":"https:\/\/www.cryptvice.com\/sv\/wp-json\/wp\/v2\/product_cat?post=63586"},{"taxonomy":"product_tag","embeddable":true,"href":"https:\/\/www.cryptvice.com\/sv\/wp-json\/wp\/v2\/product_tag?post=63586"}],"curies":[{"name":"wp","href":"https:\/\/api.w.org\/{rel}","templated":true}]}}