{"id":63867,"date":"2025-03-25T11:17:58","date_gmt":"2025-03-25T09:17:58","guid":{"rendered":"https:\/\/www.cryptvice.com\/shop\/pixel-9-pro-case-nillkin-camshield-camera-slider\/"},"modified":"2026-03-13T10:38:47","modified_gmt":"2026-03-13T08:38:47","slug":"pixel-9-pro-case-nillkin-camshield-camera-slider","status":"publish","type":"product","link":"https:\/\/www.cryptvice.com\/sv\/shop\/pixel-9-pro-case-nillkin-camshield-camera-slider\/","title":{"rendered":"Pixel 9 Pro-fodral &#8211; Nillkin CamShield kamera-skjutreglage"},"content":{"rendered":"\t\t<div data-elementor-type=\"product-post\" data-elementor-id=\"63867\" class=\"elementor elementor-63867 elementor-42259\" data-elementor-post-type=\"product\">\n\t\t\t\t<div class=\"wd-negative-gap elementor-element elementor-element-219ccaaf e-flex e-con-boxed e-con e-parent\" data-id=\"219ccaaf\" data-element_type=\"container\" data-e-type=\"container\">\n\t\t\t\t\t<div class=\"e-con-inner\">\n\t\t\t\t\t<\/div>\n\t\t\t\t<\/div>\n\t\t\t\t<\/div>\n\t\t","protected":false},"excerpt":{"rendered":"<p>Pixel 9 Pro-fodral &#8211; Nillkin CamShield Camera Slider med skjutbart skydd som skyddar det tredubbla kamerasystemet. Styv PC-baksida och flexibel TPU-ram skyddar mot fall och ytskador. En slide t\u00e4cker alla linser och blixten.  <\/p>\n<p>\u2713 Skjutbart skydd f\u00f6r hela trippelkameran inbyggt i fodralet<br \/>\n\u2713 Styv PC-baksida med mjukt TPU-st\u00f6tf\u00e5ngarskydd<br \/>\n\u2713 F\u00f6rh\u00f6jda kanter f\u00f6r sk\u00e4rm och kameramodul<br \/>\n\u2713 Matt bel\u00e4ggning &#8211; oljebest\u00e4ndig, fingeravtrycksskyddande<br \/>\n\u2713 Specialgjuten f\u00f6r Google Pixel 9 Pro<\/p>\n","protected":false},"featured_media":58125,"comment_status":"open","ping_status":"closed","template":"","meta":[],"product_brand":[],"product_cat":[1834],"product_tag":[],"class_list":{"0":"post-63867","1":"product","2":"type-product","3":"status-publish","4":"has-post-thumbnail","6":"product_cat-fallet","7":"product_shipping_class-brevladepaket-verktyg-for-integritet","9":"first","10":"onbackorder","11":"taxable","12":"shipping-taxable","13":"purchasable","14":"product-type-simple"},"_links":{"self":[{"href":"https:\/\/www.cryptvice.com\/sv\/wp-json\/wp\/v2\/product\/63867","targetHints":{"allow":["GET"]}}],"collection":[{"href":"https:\/\/www.cryptvice.com\/sv\/wp-json\/wp\/v2\/product"}],"about":[{"href":"https:\/\/www.cryptvice.com\/sv\/wp-json\/wp\/v2\/types\/product"}],"replies":[{"embeddable":true,"href":"https:\/\/www.cryptvice.com\/sv\/wp-json\/wp\/v2\/comments?post=63867"}],"version-history":[{"count":0,"href":"https:\/\/www.cryptvice.com\/sv\/wp-json\/wp\/v2\/product\/63867\/revisions"}],"wp:featuredmedia":[{"embeddable":true,"href":"https:\/\/www.cryptvice.com\/sv\/wp-json\/wp\/v2\/media\/58125"}],"wp:attachment":[{"href":"https:\/\/www.cryptvice.com\/sv\/wp-json\/wp\/v2\/media?parent=63867"}],"wp:term":[{"taxonomy":"product_brand","embeddable":true,"href":"https:\/\/www.cryptvice.com\/sv\/wp-json\/wp\/v2\/product_brand?post=63867"},{"taxonomy":"product_cat","embeddable":true,"href":"https:\/\/www.cryptvice.com\/sv\/wp-json\/wp\/v2\/product_cat?post=63867"},{"taxonomy":"product_tag","embeddable":true,"href":"https:\/\/www.cryptvice.com\/sv\/wp-json\/wp\/v2\/product_tag?post=63867"}],"curies":[{"name":"wp","href":"https:\/\/api.w.org\/{rel}","templated":true}]}}