{"id":63978,"date":"2025-03-25T11:16:56","date_gmt":"2025-03-25T09:16:56","guid":{"rendered":"https:\/\/www.cryptvice.com\/shop\/pixel-9-pro-privacy-screen-protector\/"},"modified":"2026-03-13T10:39:11","modified_gmt":"2026-03-13T08:39:11","slug":"pixel-9-pro-privacy-screen-protector","status":"publish","type":"product","link":"https:\/\/www.cryptvice.com\/sv\/shop\/pixel-9-pro-privacy-screen-protector\/","title":{"rendered":"Pixel 9 Pro &#8211; Integrerat sk\u00e4rmskydd"},"content":{"rendered":"\t\t<div data-elementor-type=\"product-post\" data-elementor-id=\"63978\" class=\"elementor elementor-63978 elementor-42255\" data-elementor-post-type=\"product\">\n\t\t\t\t<div class=\"wd-negative-gap elementor-element elementor-element-65b2c358 e-flex e-con-boxed e-con e-parent\" data-id=\"65b2c358\" data-element_type=\"container\" data-e-type=\"container\">\n\t\t\t\t\t<div class=\"e-con-inner\">\n\t\t\t\t\t<\/div>\n\t\t\t\t<\/div>\n\t\t\t\t<\/div>\n\t\t","protected":false},"excerpt":{"rendered":"<p>Google Pixel 9 Pro integritetssk\u00e4rmskydd blockerar sidovinkelvisning p\u00e5 Super Actua-sk\u00e4rmen. Ljusstyrkan p\u00e5 \u00f6ver 2 000 nits f\u00f6rblir fullt synlig f\u00f6r dig &#8211; helt m\u00f6rk f\u00f6r alla andra. Ultrasonic fingeravtryckssensor och Face Unlock fungerar utan problem.  <\/p>\n<p>\u2713 9H h\u00e4rdat glas med bunden antispionfilm<br \/>\n\u2713 Ultrasonisk fingeravtrycksl\u00e4sare och Face Unlock-kompatibel<br \/>\n\u2713 Oleofobisk yta motst\u00e5r fingeravtryck<br \/>\n\u2713 Inga luftbubblor &#8211; precisionsjustering<br \/>\n\u2713 Specialbyggd f\u00f6r Google Pixel 9 Pro<\/p>\n","protected":false},"featured_media":45904,"comment_status":"open","ping_status":"closed","template":"","meta":[],"product_brand":[],"product_cat":[2425],"product_tag":[],"class_list":{"0":"post-63978","1":"product","2":"type-product","3":"status-publish","4":"has-post-thumbnail","6":"product_cat-skarmskydd","7":"product_shipping_class-brevladepaket-verktyg-for-integritet","9":"first","10":"onbackorder","11":"taxable","12":"shipping-taxable","13":"purchasable","14":"product-type-simple"},"_links":{"self":[{"href":"https:\/\/www.cryptvice.com\/sv\/wp-json\/wp\/v2\/product\/63978","targetHints":{"allow":["GET"]}}],"collection":[{"href":"https:\/\/www.cryptvice.com\/sv\/wp-json\/wp\/v2\/product"}],"about":[{"href":"https:\/\/www.cryptvice.com\/sv\/wp-json\/wp\/v2\/types\/product"}],"replies":[{"embeddable":true,"href":"https:\/\/www.cryptvice.com\/sv\/wp-json\/wp\/v2\/comments?post=63978"}],"version-history":[{"count":0,"href":"https:\/\/www.cryptvice.com\/sv\/wp-json\/wp\/v2\/product\/63978\/revisions"}],"wp:featuredmedia":[{"embeddable":true,"href":"https:\/\/www.cryptvice.com\/sv\/wp-json\/wp\/v2\/media\/45904"}],"wp:attachment":[{"href":"https:\/\/www.cryptvice.com\/sv\/wp-json\/wp\/v2\/media?parent=63978"}],"wp:term":[{"taxonomy":"product_brand","embeddable":true,"href":"https:\/\/www.cryptvice.com\/sv\/wp-json\/wp\/v2\/product_brand?post=63978"},{"taxonomy":"product_cat","embeddable":true,"href":"https:\/\/www.cryptvice.com\/sv\/wp-json\/wp\/v2\/product_cat?post=63978"},{"taxonomy":"product_tag","embeddable":true,"href":"https:\/\/www.cryptvice.com\/sv\/wp-json\/wp\/v2\/product_tag?post=63978"}],"curies":[{"name":"wp","href":"https:\/\/api.w.org\/{rel}","templated":true}]}}