{"id":64320,"date":"2025-08-08T10:09:59","date_gmt":"2025-08-08T08:09:59","guid":{"rendered":"https:\/\/www.cryptvice.com\/shop\/phone-faraday-pouch-signal-blocking\/"},"modified":"2026-03-13T10:42:30","modified_gmt":"2026-03-13T08:42:30","slug":"phone-faraday-pouch-signal-blocking","status":"publish","type":"product","link":"https:\/\/www.cryptvice.com\/sv\/shop\/phone-faraday-pouch-signal-blocking\/","title":{"rendered":"Faraday-p\u00e5se f\u00f6r telefon &#8211; signalblockering"},"content":{"rendered":"\t\t<div data-elementor-type=\"product-post\" data-elementor-id=\"64320\" class=\"elementor elementor-64320 elementor-48508\" data-elementor-post-type=\"product\">\n\t\t\t\t<div class=\"wd-negative-gap elementor-element elementor-element-7386f48f e-flex e-con-boxed e-con e-parent\" data-id=\"7386f48f\" data-element_type=\"container\" data-e-type=\"container\">\n\t\t\t\t\t<div class=\"e-con-inner\">\n\t\t\t\t\t<\/div>\n\t\t\t\t<\/div>\n\t\t\t\t<\/div>\n\t\t","protected":false},"excerpt":{"rendered":"<p>Denna Faraday Pouch-v\u00e4ska f\u00f6r telefoner kapar alla signaler direkt: GPS, WiFi, Bluetooth, NFC, 4G, 5G. Inga appar, inga inst\u00e4llningar, inget f\u00f6rtroende kr\u00e4vs. Din telefon s\u00e4nder ut din plats varannan sekund &#8211; \u00e4ven n\u00e4r du tror att den \u00e4r avst\u00e4ngd.  <\/p>\n<p>L\u00e4gg i telefonen. St\u00e4ng klaffen. Du \u00e4r osynlig.  <\/p>\n<p>\u2713 Blockerar GPS-sp\u00e5rning och plats\u00f6vervakning<br \/>\n\u2713 Stoppar fj\u00e4rrhackning via mobil\/WiFi<br \/>\n\u2713 F\u00f6rhindrar nyckell\u00f6s bilst\u00f6ld (nyckelringsskydd)<br \/>\n\u2713 Minskar Bluetooth-spionage och RFID-skimming<br \/>\n\u2713 85 dB sk\u00e4rmningseffektivitet &#8211; testad, inte p\u00e5st\u00e5dd<\/p>\n","protected":false},"featured_media":48784,"comment_status":"closed","ping_status":"closed","template":"","meta":[],"product_brand":[],"product_cat":[942],"product_tag":[],"class_list":{"0":"post-64320","1":"product","2":"type-product","3":"status-publish","4":"has-post-thumbnail","6":"product_cat-okategoriserad","7":"product_shipping_class-brevladepaket-verktyg-for-integritet","9":"first","10":"instock","11":"taxable","12":"shipping-taxable","13":"purchasable","14":"product-type-simple"},"_links":{"self":[{"href":"https:\/\/www.cryptvice.com\/sv\/wp-json\/wp\/v2\/product\/64320","targetHints":{"allow":["GET"]}}],"collection":[{"href":"https:\/\/www.cryptvice.com\/sv\/wp-json\/wp\/v2\/product"}],"about":[{"href":"https:\/\/www.cryptvice.com\/sv\/wp-json\/wp\/v2\/types\/product"}],"replies":[{"embeddable":true,"href":"https:\/\/www.cryptvice.com\/sv\/wp-json\/wp\/v2\/comments?post=64320"}],"version-history":[{"count":0,"href":"https:\/\/www.cryptvice.com\/sv\/wp-json\/wp\/v2\/product\/64320\/revisions"}],"wp:featuredmedia":[{"embeddable":true,"href":"https:\/\/www.cryptvice.com\/sv\/wp-json\/wp\/v2\/media\/48784"}],"wp:attachment":[{"href":"https:\/\/www.cryptvice.com\/sv\/wp-json\/wp\/v2\/media?parent=64320"}],"wp:term":[{"taxonomy":"product_brand","embeddable":true,"href":"https:\/\/www.cryptvice.com\/sv\/wp-json\/wp\/v2\/product_brand?post=64320"},{"taxonomy":"product_cat","embeddable":true,"href":"https:\/\/www.cryptvice.com\/sv\/wp-json\/wp\/v2\/product_cat?post=64320"},{"taxonomy":"product_tag","embeddable":true,"href":"https:\/\/www.cryptvice.com\/sv\/wp-json\/wp\/v2\/product_tag?post=64320"}],"curies":[{"name":"wp","href":"https:\/\/api.w.org\/{rel}","templated":true}]}}