{"id":65000,"date":"2025-03-25T11:15:56","date_gmt":"2025-03-25T09:15:56","guid":{"rendered":"https:\/\/www.cryptvice.com\/shop\/pixel-9-privacy-screen-protector\/"},"modified":"2026-03-13T10:44:51","modified_gmt":"2026-03-13T08:44:51","slug":"pixel-9-privacy-screen-protector","status":"publish","type":"product","link":"https:\/\/www.cryptvice.com\/sv\/shop\/pixel-9-privacy-screen-protector\/","title":{"rendered":"Pixel 9 &#8211; Integrerat sk\u00e4rmskydd"},"content":{"rendered":"\t\t<div data-elementor-type=\"product-post\" data-elementor-id=\"65000\" class=\"elementor elementor-65000 elementor-42253\" data-elementor-post-type=\"product\">\n\t\t\t\t<div class=\"wd-negative-gap elementor-element elementor-element-405438c1 e-flex e-con-boxed e-con e-parent\" data-id=\"405438c1\" data-element_type=\"container\" data-e-type=\"container\">\n\t\t\t\t\t<div class=\"e-con-inner\">\n\t\t\t\t\t<\/div>\n\t\t\t\t<\/div>\n\t\t\t\t<\/div>\n\t\t","protected":false},"excerpt":{"rendered":"<p>Google Pixel 9 Privacy sk\u00e4rmskydd begr\u00e4nsar sk\u00e4rmens synlighet till cirka 28 grader. Din sk\u00e4rm ser normal ut framifr\u00e5n och blir m\u00f6rk fr\u00e5n sidorna. Fungerar med ultraljudsfingeravtryckssensorn och Face Unlock &#8211; ingen st\u00f6rning av biometri.  <\/p>\n<p>\u2713 9H h\u00e4rdat glas med micro-louver sekretessfilter<br \/>\n\u2713 St\u00f6d f\u00f6r ultraljudsfingeravtryck och Face Unlock<br \/>\n\u2713 Smutsavvisande oleofobisk bel\u00e4ggning<br \/>\n\u2713 Ren installation utan bubblor<br \/>\n\u2713 Passar exakt till Google Pixel 9<\/p>\n","protected":false},"featured_media":45908,"comment_status":"open","ping_status":"closed","template":"","meta":[],"product_brand":[],"product_cat":[2425],"product_tag":[],"class_list":{"0":"post-65000","1":"product","2":"type-product","3":"status-publish","4":"has-post-thumbnail","6":"product_cat-skarmskydd","7":"product_shipping_class-brevladepaket-verktyg-for-integritet","9":"first","10":"onbackorder","11":"taxable","12":"shipping-taxable","13":"purchasable","14":"product-type-simple"},"_links":{"self":[{"href":"https:\/\/www.cryptvice.com\/sv\/wp-json\/wp\/v2\/product\/65000","targetHints":{"allow":["GET"]}}],"collection":[{"href":"https:\/\/www.cryptvice.com\/sv\/wp-json\/wp\/v2\/product"}],"about":[{"href":"https:\/\/www.cryptvice.com\/sv\/wp-json\/wp\/v2\/types\/product"}],"replies":[{"embeddable":true,"href":"https:\/\/www.cryptvice.com\/sv\/wp-json\/wp\/v2\/comments?post=65000"}],"version-history":[{"count":0,"href":"https:\/\/www.cryptvice.com\/sv\/wp-json\/wp\/v2\/product\/65000\/revisions"}],"wp:featuredmedia":[{"embeddable":true,"href":"https:\/\/www.cryptvice.com\/sv\/wp-json\/wp\/v2\/media\/45908"}],"wp:attachment":[{"href":"https:\/\/www.cryptvice.com\/sv\/wp-json\/wp\/v2\/media?parent=65000"}],"wp:term":[{"taxonomy":"product_brand","embeddable":true,"href":"https:\/\/www.cryptvice.com\/sv\/wp-json\/wp\/v2\/product_brand?post=65000"},{"taxonomy":"product_cat","embeddable":true,"href":"https:\/\/www.cryptvice.com\/sv\/wp-json\/wp\/v2\/product_cat?post=65000"},{"taxonomy":"product_tag","embeddable":true,"href":"https:\/\/www.cryptvice.com\/sv\/wp-json\/wp\/v2\/product_tag?post=65000"}],"curies":[{"name":"wp","href":"https:\/\/api.w.org\/{rel}","templated":true}]}}