{"id":65127,"date":"2024-08-05T23:11:27","date_gmt":"2024-08-05T21:11:27","guid":{"rendered":"https:\/\/www.cryptvice.com\/shop\/google-pixel-8-pro-grapheneos-vpn-encrypted\/"},"modified":"2026-03-13T10:46:24","modified_gmt":"2026-03-13T08:46:24","slug":"google-pixel-8-pro-grapheneos-vpn-encrypted","status":"publish","type":"product","link":"https:\/\/www.cryptvice.com\/sv\/shop\/google-pixel-8-pro-grapheneos-vpn-encrypted\/","title":{"rendered":"Google Pixel 8 Pro GrapheneOS VPN Krypterad"},"content":{"rendered":"\t\t<div data-elementor-type=\"product-post\" data-elementor-id=\"65127\" class=\"elementor elementor-65127 elementor-20936\" data-elementor-post-type=\"product\">\n\t\t\t\t<div class=\"wd-negative-gap elementor-element elementor-element-3ce95c01 e-flex e-con-boxed e-con e-parent\" data-id=\"3ce95c01\" data-element_type=\"container\" data-e-type=\"container\">\n\t\t\t\t\t<div class=\"e-con-inner\">\n\t\t\t\t\t<\/div>\n\t\t\t\t<\/div>\n\t\t\t\t<\/div>\n\t\t","protected":false},"excerpt":{"rendered":"<p><em>Professionellt konfigurerad smartphone f\u00f6r integritet<\/em><\/p>\n<p>Google Pixel 8 Pro med GrapheneOS levererade flaggskeppsprestanda i kombination med ett integritetsskyddat operativsystem. Denna modell har ersatts av Pixel 9 Pro i v\u00e5rt nuvarande sortiment. <\/p>\n<p>\u2713 Google Pixel 8 Pro-h\u00e5rdvara<br \/>\n\u2713 GrapheneOS f\u00f6rinstallerat och konfigurerat<br \/>\n\u2713 VPN-abonnemang aktiverat och klart<br \/>\n\u2713 S\u00e4kerhetsh\u00e4rdning till\u00e4mpad<br \/>\n\u2713 S\u00e4kerhetsuppdateringar fram till 2030<\/p>\n<p><a href=\"https:\/\/www.cryptvice.com\/sv\/shop\/google-pixel-9-pro-grapheneos-vpn-encrypted\/\"><button>Google Pixel 9 Pro  <i class=\"fa-sharp fa-regular fa-arrow-right-long\"><\/i><\/button><\/a><\/p>\n<p>Letar du efter ett budgetalternativ? Pixel 9a erbjuder identisk s\u00e4kerhet till ett l\u00e4gre pris. <\/p>\n<p><a href=\"https:\/\/www.cryptvice.com\/shop\/google-pixel-9-a-grapheneos-vpn-encrypted\/\"><button>Google Pixel 9a  <i class=\"fa-sharp fa-regular fa-arrow-right-long\"><\/i><\/button><\/a><\/p>\n","protected":false},"featured_media":43918,"comment_status":"closed","ping_status":"closed","template":"","meta":[],"product_brand":[],"product_cat":[1143],"product_tag":[],"class_list":{"0":"post-65127","1":"product","2":"type-product","3":"status-publish","4":"has-post-thumbnail","6":"product_cat-cryptphones","7":"product_shipping_class-litet-paket-telefon-router","9":"first","10":"outofstock","11":"taxable","12":"shipping-taxable","13":"purchasable","14":"product-type-variable","15":"has-default-attributes"},"_links":{"self":[{"href":"https:\/\/www.cryptvice.com\/sv\/wp-json\/wp\/v2\/product\/65127","targetHints":{"allow":["GET"]}}],"collection":[{"href":"https:\/\/www.cryptvice.com\/sv\/wp-json\/wp\/v2\/product"}],"about":[{"href":"https:\/\/www.cryptvice.com\/sv\/wp-json\/wp\/v2\/types\/product"}],"replies":[{"embeddable":true,"href":"https:\/\/www.cryptvice.com\/sv\/wp-json\/wp\/v2\/comments?post=65127"}],"version-history":[{"count":0,"href":"https:\/\/www.cryptvice.com\/sv\/wp-json\/wp\/v2\/product\/65127\/revisions"}],"wp:featuredmedia":[{"embeddable":true,"href":"https:\/\/www.cryptvice.com\/sv\/wp-json\/wp\/v2\/media\/43918"}],"wp:attachment":[{"href":"https:\/\/www.cryptvice.com\/sv\/wp-json\/wp\/v2\/media?parent=65127"}],"wp:term":[{"taxonomy":"product_brand","embeddable":true,"href":"https:\/\/www.cryptvice.com\/sv\/wp-json\/wp\/v2\/product_brand?post=65127"},{"taxonomy":"product_cat","embeddable":true,"href":"https:\/\/www.cryptvice.com\/sv\/wp-json\/wp\/v2\/product_cat?post=65127"},{"taxonomy":"product_tag","embeddable":true,"href":"https:\/\/www.cryptvice.com\/sv\/wp-json\/wp\/v2\/product_tag?post=65127"}],"curies":[{"name":"wp","href":"https:\/\/api.w.org\/{rel}","templated":true}]}}