{"id":65483,"date":"2024-06-25T17:55:23","date_gmt":"2024-06-25T15:55:23","guid":{"rendered":"https:\/\/www.cryptvice.com\/shop\/pixel-8-case-nillkin-camshield-camera-slider\/"},"modified":"2026-03-13T12:38:13","modified_gmt":"2026-03-13T10:38:13","slug":"pixel-8-case-nillkin-camshield-camera-slider","status":"publish","type":"product","link":"https:\/\/www.cryptvice.com\/sv\/shop\/pixel-8-case-nillkin-camshield-camera-slider\/","title":{"rendered":"Pixel 8-fodral &#8211; Nillkin CamShield kamerah\u00e5llare"},"content":{"rendered":"\t\t<div data-elementor-type=\"product-post\" data-elementor-id=\"65483\" class=\"elementor elementor-65483 elementor-15852\" data-elementor-post-type=\"product\">\n\t\t\t\t<div class=\"wd-negative-gap elementor-element elementor-element-34eca94a e-flex e-con-boxed e-con e-parent\" data-id=\"34eca94a\" data-element_type=\"container\" data-e-type=\"container\">\n\t\t\t\t\t<div class=\"e-con-inner\">\n\t\t\t\t\t<\/div>\n\t\t\t\t<\/div>\n\t\t\t\t<\/div>\n\t\t","protected":false},"excerpt":{"rendered":"<p>Nillkin CamShield-fodral f\u00f6r Google Pixel 8 med ett inbyggt skjutbart kameraskydd. H\u00e5rd polykarbonatbaksida och TPU-st\u00f6tram skyddar mot fall och repor. St\u00e4ng skjutreglaget f\u00f6r att fysiskt blockera de bakre kamerorna.  <\/p>\n<p>\u2713 Kameraslider t\u00e4cker b\u00e5da bakre linserna samtidigt<br \/>\n\u2713 PC-baksida med st\u00f6td\u00e4mpande TPU-kanter<br \/>\n\u2713 Upph\u00f6jd kant skyddar sk\u00e4rmen och kameran fr\u00e5n plana fall<br \/>\n\u2713 Matt yta &#8211; oljebest\u00e4ndig, fingeravtrycksskyddande yta<br \/>\n\u2713 Precisionsgjuten f\u00f6r Google Pixel 8<\/p>\n","protected":false},"featured_media":21428,"comment_status":"closed","ping_status":"closed","template":"","meta":[],"product_brand":[],"product_cat":[1834],"product_tag":[],"class_list":{"0":"post-65483","1":"product","2":"type-product","3":"status-publish","4":"has-post-thumbnail","6":"product_cat-fallet","7":"product_shipping_class-brevladepaket-verktyg-for-integritet","9":"first","10":"onbackorder","11":"taxable","12":"shipping-taxable","13":"purchasable","14":"product-type-simple"},"_links":{"self":[{"href":"https:\/\/www.cryptvice.com\/sv\/wp-json\/wp\/v2\/product\/65483","targetHints":{"allow":["GET"]}}],"collection":[{"href":"https:\/\/www.cryptvice.com\/sv\/wp-json\/wp\/v2\/product"}],"about":[{"href":"https:\/\/www.cryptvice.com\/sv\/wp-json\/wp\/v2\/types\/product"}],"replies":[{"embeddable":true,"href":"https:\/\/www.cryptvice.com\/sv\/wp-json\/wp\/v2\/comments?post=65483"}],"version-history":[{"count":0,"href":"https:\/\/www.cryptvice.com\/sv\/wp-json\/wp\/v2\/product\/65483\/revisions"}],"wp:featuredmedia":[{"embeddable":true,"href":"https:\/\/www.cryptvice.com\/sv\/wp-json\/wp\/v2\/media\/21428"}],"wp:attachment":[{"href":"https:\/\/www.cryptvice.com\/sv\/wp-json\/wp\/v2\/media?parent=65483"}],"wp:term":[{"taxonomy":"product_brand","embeddable":true,"href":"https:\/\/www.cryptvice.com\/sv\/wp-json\/wp\/v2\/product_brand?post=65483"},{"taxonomy":"product_cat","embeddable":true,"href":"https:\/\/www.cryptvice.com\/sv\/wp-json\/wp\/v2\/product_cat?post=65483"},{"taxonomy":"product_tag","embeddable":true,"href":"https:\/\/www.cryptvice.com\/sv\/wp-json\/wp\/v2\/product_tag?post=65483"}],"curies":[{"name":"wp","href":"https:\/\/api.w.org\/{rel}","templated":true}]}}