{"id":65977,"date":"2024-06-25T17:54:03","date_gmt":"2024-06-25T15:54:03","guid":{"rendered":"https:\/\/www.cryptvice.com\/shop\/pixel-6a-case-nillkin-camshield-camera-slider\/"},"modified":"2026-03-13T12:41:36","modified_gmt":"2026-03-13T10:41:36","slug":"pixel-6a-case-nillkin-camshield-camera-slider","status":"publish","type":"product","link":"https:\/\/www.cryptvice.com\/sv\/shop\/pixel-6a-case-nillkin-camshield-camera-slider\/","title":{"rendered":"Pixel 6a-fodral &#8211; Nillkin CamShield kamera-skjutreglage"},"content":{"rendered":"\t\t<div data-elementor-type=\"product-post\" data-elementor-id=\"65977\" class=\"elementor elementor-65977 elementor-15847\" data-elementor-post-type=\"product\">\n\t\t\t\t<div class=\"wd-negative-gap elementor-element elementor-element-e8f71be e-flex e-con-boxed e-con e-parent\" data-id=\"e8f71be\" data-element_type=\"container\" data-e-type=\"container\">\n\t\t\t\t\t<div class=\"e-con-inner\">\n\t\t\t\t\t<\/div>\n\t\t\t\t<\/div>\n\t\t\t\t<\/div>\n\t\t","protected":false},"excerpt":{"rendered":"<p>Google Pixel 6a-fodralet Nillkin CamShield med skjutbart kameraskydd. H\u00e5rd PC-baksida med st\u00f6td\u00e4mpande TPU-ram. Skjut skyddet \u00f6ver objektivet n\u00e4r det inte anv\u00e4nds f\u00f6r att skydda kameran och blockera o\u00f6nskad \u00e5tkomst.  <\/p>\n<p>\u2713 Glidande kameraskydd f\u00f6r linsskydd och integritet<br \/>\n\u2713 H\u00e5rd PC-baksida med flexibel TPU-st\u00f6tf\u00e5ngarram<br \/>\n\u2713 Upph\u00f6jda kanter skyddar sk\u00e4rmen och kameran fr\u00e5n plana ytor<br \/>\n\u2713 Matt anti-fingeravtrycksfinish med s\u00e4kert grepp<br \/>\n\u2713 Exakta utsk\u00e4rningar f\u00f6r alla portar p\u00e5 Google Pixel 6a<\/p>\n","protected":false},"featured_media":21153,"comment_status":"closed","ping_status":"closed","template":"","meta":[],"product_brand":[],"product_cat":[1834],"product_tag":[],"class_list":{"0":"post-65977","1":"product","2":"type-product","3":"status-publish","4":"has-post-thumbnail","6":"product_cat-fallet","7":"product_shipping_class-brevladepaket-verktyg-for-integritet","9":"first","10":"instock","11":"taxable","12":"shipping-taxable","13":"purchasable","14":"product-type-simple"},"_links":{"self":[{"href":"https:\/\/www.cryptvice.com\/sv\/wp-json\/wp\/v2\/product\/65977","targetHints":{"allow":["GET"]}}],"collection":[{"href":"https:\/\/www.cryptvice.com\/sv\/wp-json\/wp\/v2\/product"}],"about":[{"href":"https:\/\/www.cryptvice.com\/sv\/wp-json\/wp\/v2\/types\/product"}],"replies":[{"embeddable":true,"href":"https:\/\/www.cryptvice.com\/sv\/wp-json\/wp\/v2\/comments?post=65977"}],"version-history":[{"count":0,"href":"https:\/\/www.cryptvice.com\/sv\/wp-json\/wp\/v2\/product\/65977\/revisions"}],"wp:featuredmedia":[{"embeddable":true,"href":"https:\/\/www.cryptvice.com\/sv\/wp-json\/wp\/v2\/media\/21153"}],"wp:attachment":[{"href":"https:\/\/www.cryptvice.com\/sv\/wp-json\/wp\/v2\/media?parent=65977"}],"wp:term":[{"taxonomy":"product_brand","embeddable":true,"href":"https:\/\/www.cryptvice.com\/sv\/wp-json\/wp\/v2\/product_brand?post=65977"},{"taxonomy":"product_cat","embeddable":true,"href":"https:\/\/www.cryptvice.com\/sv\/wp-json\/wp\/v2\/product_cat?post=65977"},{"taxonomy":"product_tag","embeddable":true,"href":"https:\/\/www.cryptvice.com\/sv\/wp-json\/wp\/v2\/product_tag?post=65977"}],"curies":[{"name":"wp","href":"https:\/\/api.w.org\/{rel}","templated":true}]}}