{"id":66481,"date":"2024-06-25T18:08:24","date_gmt":"2024-06-25T16:08:24","guid":{"rendered":"https:\/\/www.cryptvice.com\/shop\/pixel-6-privacy-screen-protector\/"},"modified":"2026-03-13T13:01:14","modified_gmt":"2026-03-13T11:01:14","slug":"pixel-6-privacy-screen-protector","status":"publish","type":"product","link":"https:\/\/www.cryptvice.com\/sv\/shop\/pixel-6-privacy-screen-protector\/","title":{"rendered":"Pixel 6 &#8211; Integrerat sk\u00e4rmskydd"},"content":{"rendered":"\t\t<div data-elementor-type=\"product-post\" data-elementor-id=\"66481\" class=\"elementor elementor-66481 elementor-15880\" data-elementor-post-type=\"product\">\n\t\t\t\t<div class=\"wd-negative-gap elementor-element elementor-element-53e0e41a e-flex e-con-boxed e-con e-parent\" data-id=\"53e0e41a\" data-element_type=\"container\" data-e-type=\"container\">\n\t\t\t\t\t<div class=\"e-con-inner\">\n\t\t\t\t\t<\/div>\n\t\t\t\t<\/div>\n\t\t\t\t<\/div>\n\t\t","protected":false},"excerpt":{"rendered":"<p>Google Pixel 6 sk\u00e4rmskydd begr\u00e4nsar sidovinkelvisning med ett mikrolamellfilter. Klar sk\u00e4rm rakt framifr\u00e5n, m\u00f6rk fr\u00e5n sidorna. Fingeravtrycksl\u00e4sare och Face Unlock fungerar genom glaset utan st\u00f6rningar.  <\/p>\n<p>\u2713 9H h\u00e4rdat glas med ~28\u00b0 anti-spy betraktningsvinkel<br \/>\n\u2713 Fullt kompatibel fingeravtrycksl\u00e4sare under displayen<br \/>\n\u2713 Face Unlock fungerar normalt genom glaset<br \/>\n\u2713 Oleofobisk anti-fingeravtrycksbehandling<br \/>\n\u2713 Precisionssk\u00e4rning f\u00f6r Google Pixel 6<\/p>\n","protected":false},"featured_media":45912,"comment_status":"closed","ping_status":"closed","template":"","meta":[],"product_brand":[],"product_cat":[2425],"product_tag":[],"class_list":{"0":"post-66481","1":"product","2":"type-product","3":"status-publish","4":"has-post-thumbnail","6":"product_cat-skarmskydd","7":"product_shipping_class-brevladepaket-verktyg-for-integritet","9":"first","10":"instock","11":"taxable","12":"shipping-taxable","13":"purchasable","14":"product-type-simple"},"_links":{"self":[{"href":"https:\/\/www.cryptvice.com\/sv\/wp-json\/wp\/v2\/product\/66481","targetHints":{"allow":["GET"]}}],"collection":[{"href":"https:\/\/www.cryptvice.com\/sv\/wp-json\/wp\/v2\/product"}],"about":[{"href":"https:\/\/www.cryptvice.com\/sv\/wp-json\/wp\/v2\/types\/product"}],"replies":[{"embeddable":true,"href":"https:\/\/www.cryptvice.com\/sv\/wp-json\/wp\/v2\/comments?post=66481"}],"version-history":[{"count":0,"href":"https:\/\/www.cryptvice.com\/sv\/wp-json\/wp\/v2\/product\/66481\/revisions"}],"wp:featuredmedia":[{"embeddable":true,"href":"https:\/\/www.cryptvice.com\/sv\/wp-json\/wp\/v2\/media\/45912"}],"wp:attachment":[{"href":"https:\/\/www.cryptvice.com\/sv\/wp-json\/wp\/v2\/media?parent=66481"}],"wp:term":[{"taxonomy":"product_brand","embeddable":true,"href":"https:\/\/www.cryptvice.com\/sv\/wp-json\/wp\/v2\/product_brand?post=66481"},{"taxonomy":"product_cat","embeddable":true,"href":"https:\/\/www.cryptvice.com\/sv\/wp-json\/wp\/v2\/product_cat?post=66481"},{"taxonomy":"product_tag","embeddable":true,"href":"https:\/\/www.cryptvice.com\/sv\/wp-json\/wp\/v2\/product_tag?post=66481"}],"curies":[{"name":"wp","href":"https:\/\/api.w.org\/{rel}","templated":true}]}}