{"id":66568,"date":"2024-06-25T18:07:00","date_gmt":"2024-06-25T16:07:00","guid":{"rendered":"https:\/\/www.cryptvice.com\/shop\/pixel-6a-privacy-screen-protector\/"},"modified":"2026-03-13T13:01:40","modified_gmt":"2026-03-13T11:01:40","slug":"pixel-6a-privacy-screen-protector","status":"publish","type":"product","link":"https:\/\/www.cryptvice.com\/sv\/shop\/pixel-6a-privacy-screen-protector\/","title":{"rendered":"Pixel 6a &#8211; Integrerat sk\u00e4rmskydd"},"content":{"rendered":"\t\t<div data-elementor-type=\"product-post\" data-elementor-id=\"66568\" class=\"elementor elementor-66568 elementor-15876\" data-elementor-post-type=\"product\">\n\t\t\t\t<div class=\"wd-negative-gap elementor-element elementor-element-6d010eb0 e-flex e-con-boxed e-con e-parent\" data-id=\"6d010eb0\" data-element_type=\"container\" data-e-type=\"container\">\n\t\t\t\t\t<div class=\"e-con-inner\">\n\t\t\t\t\t<\/div>\n\t\t\t\t<\/div>\n\t\t\t\t<\/div>\n\t\t","protected":false},"excerpt":{"rendered":"<p>Det privata sk\u00e4rmskyddet f\u00f6r Google Pixel 6a blockerar sidovinkelvisning med hj\u00e4lp av mikrolamellteknik. Din sk\u00e4rm f\u00f6rblir klar framifr\u00e5n och blir m\u00f6rk fr\u00e5n sidorna. Fungerar med fingeravtrycksl\u00e4saren under sk\u00e4rmen &#8211; inga problem med Face Unlock eller ber\u00f6ringsk\u00e4nslighet.  <\/p>\n<p>\u2713 9H h\u00e4rdat glas med antispionfilter (~28\u00b0 betraktningsvinkel)<br \/>\n\u2713 Kompatibel med fingeravtrycksl\u00e4sare och ansiktsuppl\u00e5sning<br \/>\n\u2713 Oleofob bel\u00e4ggning &#8211; motst\u00e5r fingeravtryck och fl\u00e4ckar<br \/>\n\u2713 Bubbelfri installation, fodralv\u00e4nlig passform<br \/>\n\u2713 Precisionssk\u00e4rning f\u00f6r Google Pixel 6a<\/p>\n","protected":false},"featured_media":21341,"comment_status":"closed","ping_status":"closed","template":"","meta":[],"product_brand":[],"product_cat":[2425],"product_tag":[],"class_list":{"0":"post-66568","1":"product","2":"type-product","3":"status-publish","4":"has-post-thumbnail","6":"product_cat-skarmskydd","7":"product_shipping_class-brevladepaket-verktyg-for-integritet","9":"first","10":"instock","11":"taxable","12":"shipping-taxable","13":"purchasable","14":"product-type-simple"},"_links":{"self":[{"href":"https:\/\/www.cryptvice.com\/sv\/wp-json\/wp\/v2\/product\/66568","targetHints":{"allow":["GET"]}}],"collection":[{"href":"https:\/\/www.cryptvice.com\/sv\/wp-json\/wp\/v2\/product"}],"about":[{"href":"https:\/\/www.cryptvice.com\/sv\/wp-json\/wp\/v2\/types\/product"}],"replies":[{"embeddable":true,"href":"https:\/\/www.cryptvice.com\/sv\/wp-json\/wp\/v2\/comments?post=66568"}],"version-history":[{"count":0,"href":"https:\/\/www.cryptvice.com\/sv\/wp-json\/wp\/v2\/product\/66568\/revisions"}],"wp:featuredmedia":[{"embeddable":true,"href":"https:\/\/www.cryptvice.com\/sv\/wp-json\/wp\/v2\/media\/21341"}],"wp:attachment":[{"href":"https:\/\/www.cryptvice.com\/sv\/wp-json\/wp\/v2\/media?parent=66568"}],"wp:term":[{"taxonomy":"product_brand","embeddable":true,"href":"https:\/\/www.cryptvice.com\/sv\/wp-json\/wp\/v2\/product_brand?post=66568"},{"taxonomy":"product_cat","embeddable":true,"href":"https:\/\/www.cryptvice.com\/sv\/wp-json\/wp\/v2\/product_cat?post=66568"},{"taxonomy":"product_tag","embeddable":true,"href":"https:\/\/www.cryptvice.com\/sv\/wp-json\/wp\/v2\/product_tag?post=66568"}],"curies":[{"name":"wp","href":"https:\/\/api.w.org\/{rel}","templated":true}]}}