{"id":66849,"date":"2024-07-09T11:34:26","date_gmt":"2024-07-09T09:34:26","guid":{"rendered":"https:\/\/www.cryptvice.com\/shop\/crypthub-v3-portable-4g-vpn-encrypted-router\/"},"modified":"2026-03-13T13:06:42","modified_gmt":"2026-03-13T11:06:42","slug":"crypthub-v3-portable-4g-vpn-encrypted-router","status":"publish","type":"product","link":"https:\/\/www.cryptvice.com\/sv\/shop\/crypthub-v3-portable-4g-vpn-encrypted-router\/","title":{"rendered":"CryptHub V3 B\u00e4rbar 4G VPN-krypterad Router"},"content":{"rendered":"\t\t<div data-elementor-type=\"product-post\" data-elementor-id=\"66849\" class=\"elementor elementor-66849 elementor-17118\" data-elementor-post-type=\"product\">\n\t\t\t\t<div class=\"wd-negative-gap elementor-element elementor-element-5098dcc9 e-flex e-con-boxed e-con e-parent\" data-id=\"5098dcc9\" data-element_type=\"container\" data-e-type=\"container\">\n\t\t\t\t\t<div class=\"e-con-inner\">\n\t\t\t\t\t<\/div>\n\t\t\t\t<\/div>\n\t\t<div class=\"wd-negative-gap elementor-element elementor-element-79573244 elementor-hidden-widescreen elementor-hidden-desktop elementor-hidden-laptop elementor-hidden-tablet elementor-hidden-mobile e-flex e-con-boxed e-con e-parent\" data-id=\"79573244\" data-element_type=\"container\" data-e-type=\"container\">\n\t\t\t\t\t<div class=\"e-con-inner\">\n\t\t\t\t\t<\/div>\n\t\t\t\t<\/div>\n\t\t\t\t<\/div>\n\t\t","protected":false},"excerpt":{"rendered":"<p><em>Professionellt konfigurerad b\u00e4rbar 4G-router med expertsupport<\/em><\/p>\n<p>S\u00e4ker mobil anslutning - kompakt integritet f\u00f6r hem, resor och professionella milj\u00f6er.<\/p>\n<p>Byggd p\u00e5 tillf\u00f6rlitlig 4G LTE-h\u00e5rdvara, f\u00f6rkonfigurerad med OpenWRT, Krypterad VPN och avancerade sekretessfunktioner. Ditt eget privata n\u00e4tverk, var du \u00e4n ansluter. <\/p>\n<p>\u2713 4G LTE-anslutning med OpenWRT f\u00f6rinstallerat<br \/>\n\u2713 VPN aktiverat och konfigurerat<br \/>\n\u2713 MAC-kloning och randomisering aktiverat<br \/>\n\u2713 DNS-kryptering konfigurerad<br \/>\n\u2713 VPN-klient- och serverfunktionalitet<br \/>\n\u2713 Konfiguration av sekretessmedveten enhetsidentifierare<br \/>\n\u2713 Officiell Cryptvice-distribution<\/p>\n","protected":false},"featured_media":17124,"comment_status":"closed","ping_status":"closed","template":"","meta":[],"product_brand":[],"product_cat":[1555],"product_tag":[],"class_list":{"0":"post-66849","1":"product","2":"type-product","3":"status-publish","4":"has-post-thumbnail","6":"product_cat-crypthub","7":"product_shipping_class-litet-paket-telefon-router","9":"first","10":"instock","11":"taxable","12":"shipping-taxable","13":"purchasable","14":"product-type-variable","15":"has-default-attributes"},"_links":{"self":[{"href":"https:\/\/www.cryptvice.com\/sv\/wp-json\/wp\/v2\/product\/66849","targetHints":{"allow":["GET"]}}],"collection":[{"href":"https:\/\/www.cryptvice.com\/sv\/wp-json\/wp\/v2\/product"}],"about":[{"href":"https:\/\/www.cryptvice.com\/sv\/wp-json\/wp\/v2\/types\/product"}],"replies":[{"embeddable":true,"href":"https:\/\/www.cryptvice.com\/sv\/wp-json\/wp\/v2\/comments?post=66849"}],"version-history":[{"count":0,"href":"https:\/\/www.cryptvice.com\/sv\/wp-json\/wp\/v2\/product\/66849\/revisions"}],"wp:featuredmedia":[{"embeddable":true,"href":"https:\/\/www.cryptvice.com\/sv\/wp-json\/wp\/v2\/media\/17124"}],"wp:attachment":[{"href":"https:\/\/www.cryptvice.com\/sv\/wp-json\/wp\/v2\/media?parent=66849"}],"wp:term":[{"taxonomy":"product_brand","embeddable":true,"href":"https:\/\/www.cryptvice.com\/sv\/wp-json\/wp\/v2\/product_brand?post=66849"},{"taxonomy":"product_cat","embeddable":true,"href":"https:\/\/www.cryptvice.com\/sv\/wp-json\/wp\/v2\/product_cat?post=66849"},{"taxonomy":"product_tag","embeddable":true,"href":"https:\/\/www.cryptvice.com\/sv\/wp-json\/wp\/v2\/product_tag?post=66849"}],"curies":[{"name":"wp","href":"https:\/\/api.w.org\/{rel}","templated":true}]}}