{"id":66929,"date":"2024-06-25T18:14:47","date_gmt":"2024-06-25T16:14:47","guid":{"rendered":"https:\/\/www.cryptvice.com\/shop\/pixel-7-pro-privacy-screen-protector\/"},"modified":"2026-03-13T13:07:06","modified_gmt":"2026-03-13T11:07:06","slug":"pixel-7-pro-privacy-screen-protector","status":"publish","type":"product","link":"https:\/\/www.cryptvice.com\/sv\/shop\/pixel-7-pro-privacy-screen-protector\/","title":{"rendered":"Pixel 7 Pro &#8211; Integrerat sk\u00e4rmskydd"},"content":{"rendered":"\t\t<div data-elementor-type=\"product-post\" data-elementor-id=\"66929\" class=\"elementor elementor-66929 elementor-15900\" data-elementor-post-type=\"product\">\n\t\t\t\t<div class=\"wd-negative-gap elementor-element elementor-element-22e8e4e2 e-flex e-con-boxed e-con e-parent\" data-id=\"22e8e4e2\" data-element_type=\"container\" data-e-type=\"container\">\n\t\t\t\t\t<div class=\"e-con-inner\">\n\t\t\t\t\t<\/div>\n\t\t\t\t<\/div>\n\t\t\t\t<\/div>\n\t\t","protected":false},"excerpt":{"rendered":"<p>Google Pixel 7 Pro-sk\u00e4rmskyddet begr\u00e4nsar sk\u00e4rmens synlighet till cirka 28 grader. Klart rakt framifr\u00e5n, m\u00f6rkt fr\u00e5n sidorna. Designad f\u00f6r 6,7-tums QHD+-sk\u00e4rm med fullt biometriskt st\u00f6d &#8211; fingeravtryck och Face Unlock fungerar normalt.  <\/p>\n<p>\u2713 9H h\u00e4rdat glas med integrerat antispionfilter<br \/>\n\u2713 Optisk fingeravtrycksl\u00e4sare och Face Unlock-kompatibel<br \/>\n\u2713 Oleofob bel\u00e4ggning minskar fl\u00e4ckar och fingeravtryck<br \/>\n\u2713 Smidig installation utan luftbubblor<br \/>\n\u2713 Byggd specifikt f\u00f6r Google Pixel 7 Pro<\/p>\n","protected":false},"featured_media":45896,"comment_status":"closed","ping_status":"closed","template":"","meta":[],"product_brand":[],"product_cat":[2425],"product_tag":[],"class_list":{"0":"post-66929","1":"product","2":"type-product","3":"status-publish","4":"has-post-thumbnail","6":"product_cat-skarmskydd","7":"product_shipping_class-brevladepaket-verktyg-for-integritet","9":"first","10":"instock","11":"taxable","12":"shipping-taxable","13":"purchasable","14":"product-type-simple"},"_links":{"self":[{"href":"https:\/\/www.cryptvice.com\/sv\/wp-json\/wp\/v2\/product\/66929","targetHints":{"allow":["GET"]}}],"collection":[{"href":"https:\/\/www.cryptvice.com\/sv\/wp-json\/wp\/v2\/product"}],"about":[{"href":"https:\/\/www.cryptvice.com\/sv\/wp-json\/wp\/v2\/types\/product"}],"replies":[{"embeddable":true,"href":"https:\/\/www.cryptvice.com\/sv\/wp-json\/wp\/v2\/comments?post=66929"}],"version-history":[{"count":0,"href":"https:\/\/www.cryptvice.com\/sv\/wp-json\/wp\/v2\/product\/66929\/revisions"}],"wp:featuredmedia":[{"embeddable":true,"href":"https:\/\/www.cryptvice.com\/sv\/wp-json\/wp\/v2\/media\/45896"}],"wp:attachment":[{"href":"https:\/\/www.cryptvice.com\/sv\/wp-json\/wp\/v2\/media?parent=66929"}],"wp:term":[{"taxonomy":"product_brand","embeddable":true,"href":"https:\/\/www.cryptvice.com\/sv\/wp-json\/wp\/v2\/product_brand?post=66929"},{"taxonomy":"product_cat","embeddable":true,"href":"https:\/\/www.cryptvice.com\/sv\/wp-json\/wp\/v2\/product_cat?post=66929"},{"taxonomy":"product_tag","embeddable":true,"href":"https:\/\/www.cryptvice.com\/sv\/wp-json\/wp\/v2\/product_tag?post=66929"}],"curies":[{"name":"wp","href":"https:\/\/api.w.org\/{rel}","templated":true}]}}