{"id":67035,"date":"2024-06-25T18:13:53","date_gmt":"2024-06-25T16:13:53","guid":{"rendered":"https:\/\/www.cryptvice.com\/shop\/pixel-8a-privacy-screen-protector\/"},"modified":"2026-03-13T13:08:32","modified_gmt":"2026-03-13T11:08:32","slug":"pixel-8a-privacy-screen-protector","status":"publish","type":"product","link":"https:\/\/www.cryptvice.com\/sv\/shop\/pixel-8a-privacy-screen-protector\/","title":{"rendered":"Pixel 8a &#8211; Integrerat sk\u00e4rmskydd"},"content":{"rendered":"\t\t<div data-elementor-type=\"product-post\" data-elementor-id=\"67035\" class=\"elementor elementor-67035 elementor-15896\" data-elementor-post-type=\"product\">\n\t\t\t\t<div class=\"wd-negative-gap elementor-element elementor-element-24367ace e-flex e-con-boxed e-con e-parent\" data-id=\"24367ace\" data-element_type=\"container\" data-e-type=\"container\">\n\t\t\t\t\t<div class=\"e-con-inner\">\n\t\t\t\t\t<\/div>\n\t\t\t\t<\/div>\n\t\t\t\t<\/div>\n\t\t","protected":false},"excerpt":{"rendered":"<p>Google Pixel 8a integritetssk\u00e4rmskydd m\u00f6rkl\u00e4gger din sk\u00e4rm fr\u00e5n sidovinklar s\u00e5 att bara du kan l\u00e4sa den. Micro-louver-filtret fungerar passivt &#8211; ingen batteridrift, inga inst\u00e4llningar. Fingeravtrycksl\u00e4sare och Face Unlock fungerar normalt genom glaset.  <\/p>\n<p>\u2713 9H h\u00e4rdat glas med antispionfilter (~28\u00b0 vinkel)<br \/>\n\u2713 Fingeravtrycksl\u00e4sare och ansiktsuppl\u00e5sning fungerar genom glaset<br \/>\n\u2713 Oleofob bel\u00e4ggning som motverkar fingeravtryck<br \/>\n\u2713 Fodralv\u00e4nlig, bubbelfri installation<br \/>\n\u2713 Skuren f\u00f6r att passa Google Pixel 8a<\/p>\n","protected":false},"featured_media":45877,"comment_status":"closed","ping_status":"closed","template":"","meta":[],"product_brand":[],"product_cat":[2425],"product_tag":[],"class_list":{"0":"post-67035","1":"product","2":"type-product","3":"status-publish","4":"has-post-thumbnail","6":"product_cat-skarmskydd","7":"product_shipping_class-brevladepaket-verktyg-for-integritet","9":"first","10":"onbackorder","11":"taxable","12":"shipping-taxable","13":"purchasable","14":"product-type-simple"},"_links":{"self":[{"href":"https:\/\/www.cryptvice.com\/sv\/wp-json\/wp\/v2\/product\/67035","targetHints":{"allow":["GET"]}}],"collection":[{"href":"https:\/\/www.cryptvice.com\/sv\/wp-json\/wp\/v2\/product"}],"about":[{"href":"https:\/\/www.cryptvice.com\/sv\/wp-json\/wp\/v2\/types\/product"}],"replies":[{"embeddable":true,"href":"https:\/\/www.cryptvice.com\/sv\/wp-json\/wp\/v2\/comments?post=67035"}],"version-history":[{"count":0,"href":"https:\/\/www.cryptvice.com\/sv\/wp-json\/wp\/v2\/product\/67035\/revisions"}],"wp:featuredmedia":[{"embeddable":true,"href":"https:\/\/www.cryptvice.com\/sv\/wp-json\/wp\/v2\/media\/45877"}],"wp:attachment":[{"href":"https:\/\/www.cryptvice.com\/sv\/wp-json\/wp\/v2\/media?parent=67035"}],"wp:term":[{"taxonomy":"product_brand","embeddable":true,"href":"https:\/\/www.cryptvice.com\/sv\/wp-json\/wp\/v2\/product_brand?post=67035"},{"taxonomy":"product_cat","embeddable":true,"href":"https:\/\/www.cryptvice.com\/sv\/wp-json\/wp\/v2\/product_cat?post=67035"},{"taxonomy":"product_tag","embeddable":true,"href":"https:\/\/www.cryptvice.com\/sv\/wp-json\/wp\/v2\/product_tag?post=67035"}],"curies":[{"name":"wp","href":"https:\/\/api.w.org\/{rel}","templated":true}]}}