{"id":67095,"date":"2024-06-25T18:11:45","date_gmt":"2024-06-25T16:11:45","guid":{"rendered":"https:\/\/www.cryptvice.com\/shop\/pixel-8-privacy-screen-protector\/"},"modified":"2026-03-13T13:08:54","modified_gmt":"2026-03-13T11:08:54","slug":"pixel-8-privacy-screen-protector","status":"publish","type":"product","link":"https:\/\/www.cryptvice.com\/sv\/shop\/pixel-8-privacy-screen-protector\/","title":{"rendered":"Pixel 8 &#8211; Privacy sk\u00e4rmskydd"},"content":{"rendered":"\t\t<div data-elementor-type=\"product-post\" data-elementor-id=\"67095\" class=\"elementor elementor-67095 elementor-15892\" data-elementor-post-type=\"product\">\n\t\t\t\t<div class=\"wd-negative-gap elementor-element elementor-element-34bee17e e-flex e-con-boxed e-con e-parent\" data-id=\"34bee17e\" data-element_type=\"container\" data-e-type=\"container\">\n\t\t\t\t\t<div class=\"e-con-inner\">\n\t\t\t\t\t<\/div>\n\t\t\t\t<\/div>\n\t\t\t\t<\/div>\n\t\t","protected":false},"excerpt":{"rendered":"<p>Google Pixel 8-sk\u00e4rmskyddet g\u00f6r din sk\u00e4rm ol\u00e4slig fr\u00e5n sidovinklar med hj\u00e4lp av mikrolamellteknik. Sikten rakt fram f\u00f6rblir helt klar. Fingeravtryckssensorn under sk\u00e4rmen och Face Unlock fungerar genom glaset utan f\u00f6rdr\u00f6jning.  <\/p>\n<p>\u2713 9H h\u00e4rdat glas med ~28\u00b0 privat betraktningsvinkel<br \/>\n\u2713 Fullt st\u00f6d f\u00f6r fingeravtryckssensor och Face Unlock<br \/>\n\u2713 Oleofob bel\u00e4ggning mot fingeravtryck<br \/>\n\u2713 Installeras utan luftbubblor<br \/>\n\u2713 Anpassad passform f\u00f6r Google Pixel 8<\/p>\n","protected":false},"featured_media":45891,"comment_status":"closed","ping_status":"closed","template":"","meta":[],"product_brand":[],"product_cat":[2425],"product_tag":[],"class_list":{"0":"post-67095","1":"product","2":"type-product","3":"status-publish","4":"has-post-thumbnail","6":"product_cat-skarmskydd","7":"product_shipping_class-brevladepaket-verktyg-for-integritet","9":"first","10":"instock","11":"taxable","12":"shipping-taxable","13":"purchasable","14":"product-type-simple"},"_links":{"self":[{"href":"https:\/\/www.cryptvice.com\/sv\/wp-json\/wp\/v2\/product\/67095","targetHints":{"allow":["GET"]}}],"collection":[{"href":"https:\/\/www.cryptvice.com\/sv\/wp-json\/wp\/v2\/product"}],"about":[{"href":"https:\/\/www.cryptvice.com\/sv\/wp-json\/wp\/v2\/types\/product"}],"replies":[{"embeddable":true,"href":"https:\/\/www.cryptvice.com\/sv\/wp-json\/wp\/v2\/comments?post=67095"}],"version-history":[{"count":0,"href":"https:\/\/www.cryptvice.com\/sv\/wp-json\/wp\/v2\/product\/67095\/revisions"}],"wp:featuredmedia":[{"embeddable":true,"href":"https:\/\/www.cryptvice.com\/sv\/wp-json\/wp\/v2\/media\/45891"}],"wp:attachment":[{"href":"https:\/\/www.cryptvice.com\/sv\/wp-json\/wp\/v2\/media?parent=67095"}],"wp:term":[{"taxonomy":"product_brand","embeddable":true,"href":"https:\/\/www.cryptvice.com\/sv\/wp-json\/wp\/v2\/product_brand?post=67095"},{"taxonomy":"product_cat","embeddable":true,"href":"https:\/\/www.cryptvice.com\/sv\/wp-json\/wp\/v2\/product_cat?post=67095"},{"taxonomy":"product_tag","embeddable":true,"href":"https:\/\/www.cryptvice.com\/sv\/wp-json\/wp\/v2\/product_tag?post=67095"}],"curies":[{"name":"wp","href":"https:\/\/api.w.org\/{rel}","templated":true}]}}