{"id":68297,"date":"2024-06-25T18:07:00","date_gmt":"2024-06-25T16:07:00","guid":{"rendered":"https:\/\/www.cryptvice.com\/shop\/pixel-6a-displayskyddsfolie\/"},"modified":"2024-06-25T18:07:00","modified_gmt":"2024-06-25T16:07:00","slug":"pixel-6a-displayskyddsfolie","status":"publish","type":"product","link":"https:\/\/www.cryptvice.com\/sv\/shop\/pixel-6a-displayskyddsfolie\/","title":{"rendered":"Pixel 6a &#8211; Displayskyddsfolie"},"content":{"rendered":"","protected":false},"excerpt":{"rendered":"<p>Google Pixel 6a Displayskyddsfolie blockerar sidoblickar med hj\u00e4lp av Mikro-Lamellen-teknik. Sk\u00e4rmen f\u00f6rblir klar framifr\u00e5n och blir m\u00f6rk fr\u00e5n sidan. Fungerar med fingertrycksl\u00e4saren under displayen &#8211; inga problem med ansiktsuppl\u00e5sning eller ber\u00f6ringsskydd.    <\/p>\n<p>\u2713 9H geh\u00e4rtetes Glas mit Anti-Spion-Filter (~28\u00b0 Betrachtungswinkel)<br \/>\n\u2713 Fingerabdruckleser und Face Unlock kompatibel<br \/>\n\u2713 Oleophobe Beschichtung &#8211; widersteht Fingerabdr\u00fccken und Flecken<br \/>\n\u2713 Blasenfreie Installation, Case-freundliche Passform<br \/>\n\u2713 Pr\u00e4zisionsschnitt f\u00fcr das Google Pixel 6a<\/p>\n","protected":false},"featured_media":0,"comment_status":"closed","ping_status":"closed","template":"","meta":[],"product_brand":[],"product_cat":[108],"product_tag":[],"class_list":{"0":"post-68297","1":"product","2":"type-product","3":"status-publish","5":"product_cat-accessoires","7":"first","8":"instock","9":"taxable","10":"shipping-taxable","11":"product-type-simple"},"_links":{"self":[{"href":"https:\/\/www.cryptvice.com\/sv\/wp-json\/wp\/v2\/product\/68297","targetHints":{"allow":["GET"]}}],"collection":[{"href":"https:\/\/www.cryptvice.com\/sv\/wp-json\/wp\/v2\/product"}],"about":[{"href":"https:\/\/www.cryptvice.com\/sv\/wp-json\/wp\/v2\/types\/product"}],"replies":[{"embeddable":true,"href":"https:\/\/www.cryptvice.com\/sv\/wp-json\/wp\/v2\/comments?post=68297"}],"version-history":[{"count":0,"href":"https:\/\/www.cryptvice.com\/sv\/wp-json\/wp\/v2\/product\/68297\/revisions"}],"wp:attachment":[{"href":"https:\/\/www.cryptvice.com\/sv\/wp-json\/wp\/v2\/media?parent=68297"}],"wp:term":[{"taxonomy":"product_brand","embeddable":true,"href":"https:\/\/www.cryptvice.com\/sv\/wp-json\/wp\/v2\/product_brand?post=68297"},{"taxonomy":"product_cat","embeddable":true,"href":"https:\/\/www.cryptvice.com\/sv\/wp-json\/wp\/v2\/product_cat?post=68297"},{"taxonomy":"product_tag","embeddable":true,"href":"https:\/\/www.cryptvice.com\/sv\/wp-json\/wp\/v2\/product_tag?post=68297"}],"curies":[{"name":"wp","href":"https:\/\/api.w.org\/{rel}","templated":true}]}}