{"id":59685,"date":"2025-11-24T15:23:13","date_gmt":"2025-11-24T13:23:13","guid":{"rendered":"https:\/\/www.cryptvice.com\/lets-keep-in-touch\/"},"modified":"2025-11-24T15:23:13","modified_gmt":"2025-11-24T13:23:13","slug":"lets-keep-in-touch","status":"publish","type":"page","link":"https:\/\/www.cryptvice.com\/tr\/lets-keep-in-touch\/","title":{"rendered":"\u0130leti\u015fimde Kalal\u0131m"},"content":{"rendered":"<p>Merhaba  [bwfan_subscriber_name] <\/p>\n<p>Daha iyi ileti\u015fim yoluyla bizimle olan deneyiminizi geli\u015ftirmemize yard\u0131mc\u0131 olun. L\u00fctfen e-posta tercihlerinizi ayarlay\u0131n [bwfan_subscriber_recipient].   <\/p>\n<p>[bwfan_unsubscribe_button label=&#8221;Tercihimi g\u00fcncelle&#8221;].<\/p>\n","protected":false},"excerpt":{"rendered":"<p>Merhaba [bwfan_subscriber_name] Daha iyi ileti\u015fim yoluyla bizimle olan deneyiminizi geli\u015ftirmemize yard\u0131mc\u0131 olun. L\u00fctfen e-posta tercihlerinizi ayarlay\u0131n [bwfan_subscriber_recipient]. [bwfan_unsubscribe_button label=&#8221;Tercihimi g\u00fcncelle&#8221;].<\/p>\n","protected":false},"author":590,"featured_media":0,"parent":0,"menu_order":99,"comment_status":"closed","ping_status":"closed","template":"","meta":{"footnotes":""},"class_list":["post-59685","page","type-page","status-publish","hentry"],"_links":{"self":[{"href":"https:\/\/www.cryptvice.com\/tr\/wp-json\/wp\/v2\/pages\/59685","targetHints":{"allow":["GET"]}}],"collection":[{"href":"https:\/\/www.cryptvice.com\/tr\/wp-json\/wp\/v2\/pages"}],"about":[{"href":"https:\/\/www.cryptvice.com\/tr\/wp-json\/wp\/v2\/types\/page"}],"author":[{"embeddable":true,"href":"https:\/\/www.cryptvice.com\/tr\/wp-json\/wp\/v2\/users\/590"}],"replies":[{"embeddable":true,"href":"https:\/\/www.cryptvice.com\/tr\/wp-json\/wp\/v2\/comments?post=59685"}],"version-history":[{"count":0,"href":"https:\/\/www.cryptvice.com\/tr\/wp-json\/wp\/v2\/pages\/59685\/revisions"}],"wp:attachment":[{"href":"https:\/\/www.cryptvice.com\/tr\/wp-json\/wp\/v2\/media?parent=59685"}],"curies":[{"name":"wp","href":"https:\/\/api.w.org\/{rel}","templated":true}]}}