{"id":61426,"date":"2024-05-15T20:46:22","date_gmt":"2024-05-15T18:46:22","guid":{"rendered":"https:\/\/www.cryptvice.com\/shop\/iphone-13-pro-case-nillkin-camshield-camera-slider\/"},"modified":"2026-03-13T10:26:23","modified_gmt":"2026-03-13T08:26:23","slug":"iphone-13-pro-case-nillkin-camshield-camera-slider","status":"publish","type":"product","link":"https:\/\/www.cryptvice.com\/tr\/shop\/iphone-13-pro-case-nillkin-camshield-camera-slider\/","title":{"rendered":"iPhone 13 Pro K\u0131l\u0131f &#8211; Nillkin CamShield Kamera Kayd\u0131r\u0131c\u0131"},"content":{"rendered":"\t\t<div data-elementor-type=\"product-post\" data-elementor-id=\"61426\" class=\"elementor elementor-61426 elementor-11149\" data-elementor-post-type=\"product\">\n\t\t\t\t<div class=\"wd-negative-gap elementor-element elementor-element-3999d8d5 e-flex e-con-boxed e-con e-parent\" data-id=\"3999d8d5\" data-element_type=\"container\" data-e-type=\"container\">\n\t\t\t\t\t<div class=\"e-con-inner\">\n\t\t\t\t\t\t\t<h2 \n\t\tdata-interaction-id=\"306b353a\" \n\t\tclass=\"text-balance e-306b353a-5783330 e-heading-base\" \n\t\t \n\t\tdata-e-type=\"widget\" data-id=\"306b353a\"\n\t>\n\t\n\t\t\tNillkin'den iPhone 13 Pro i\u00e7in CamShield k\u0131l\u0131f\n\t\t<\/h2>\n\t\t\t\t\t\t\t\t<p class=\"e-647310f-ad559c4 paragraph-small text-balance e-paragraph-base\" data-interaction-id=\"647310f\"  data-e-type=\"widget\" data-id=\"647310f\">\n\t\t\t\t\t\t\t\tiPhone 13 Pro i\u00e7in Nillkin CamShield, tam \u00fc\u00e7l\u00fc kamera sistemini ve LiDAR taray\u0131c\u0131y\u0131 koruyan kayar bir kapa\u011fa sahiptir. Tek bir hareketle t\u00fcm lensleri kapat\u0131r. Tek bir hareketle foto\u011fraflar i\u00e7in ortaya \u00e7\u0131kar.  \n\t\t\t\t\t<\/p>\n\t\t\t\t\t\t\t<h2 \n\t\tdata-interaction-id=\"7bb49aab\" \n\t\tclass=\"text-balance e-7bb49aab-d9288d3 e-heading-base\" \n\t\t \n\t\tdata-e-type=\"widget\" data-id=\"7bb49aab\"\n\t>\n\t\n\t\t\tiPhone 13 Pro CamShield yap\u0131s\u0131\n\t\t<\/h2>\n\t\t\t\t\t\t\t\t<p class=\"e-2c1a323e-47b7550 paragraph-small text-balance e-paragraph-base\" data-interaction-id=\"2c1a323e\"  data-e-type=\"widget\" data-id=\"2c1a323e\">\n\t\t\t\t\t\t\t\tEsnek bir TPU \u00e7evre \u00e7er\u00e7evesine ba\u011flanm\u0131\u015f sert PC arka k\u0131s\u0131m. \u00dc\u00e7l\u00fc kamera mod\u00fcl\u00fc alan\u0131, t\u00fcm lensleri d\u00fcz y\u00fczeylerden uzak tutmak i\u00e7in y\u00fckseltilmi\u015f bir \u00e7er\u00e7eveye sahiptir. Mat y\u00fczey ya\u011fa ve parmak izlerine kar\u015f\u0131 dayan\u0131kl\u0131d\u0131r. T\u00fcm ba\u011flant\u0131 noktalar\u0131na, d\u00fc\u011fmelere ve sessiz anahtar\u0131na hassas kesiklerden eri\u015filebilir.   \n\t\t\t\t\t<\/p>\n\t\t\t\t\t\t\t\t<p class=\"e-26c5b87a-e8190cc paragraph-small text-balance e-paragraph-base\" data-interaction-id=\"26c5b87a\"  data-e-type=\"widget\" data-id=\"26c5b87a\">\n\t\t\t\t\t\t\t\t- Tam \u00fc\u00e7l\u00fc kamera + LiDAR kayar kapak\n- G\u00fc\u00e7lendirilmi\u015f PC + TPU hibrit yap\u0131\n- Kamera mod\u00fcl\u00fc y\u00fckseltilmi\u015f \u00e7er\u00e7eve\n- Ekran kenar\u0131 y\u00fckseltilmi\u015f dudak\n- Ya\u011f \u00f6nleyici mat kaplama\n- T\u00fcm ba\u011flant\u0131 noktalar\u0131na ve anahtarlara eri\u015filebilir\n\t\t\t\t\t<\/p>\n\t\t\t\t\t\t\t<h2 \n\t\tdata-interaction-id=\"738ceb16\" \n\t\tclass=\"text-balance e-738ceb16-1e114e9 e-heading-base\" \n\t\t \n\t\tdata-e-type=\"widget\" data-id=\"738ceb16\"\n\t>\n\t\n\t\t\tiPhone 13 Pro i\u00e7in donan\u0131msal kamera blo\u011fu\n\t\t<\/h2>\n\t\t\t\t\t\t\t\t<p class=\"e-1b426483-ce531fb paragraph-small text-balance e-paragraph-base\" data-interaction-id=\"1b426483\"  data-e-type=\"widget\" data-id=\"1b426483\">\n\t\t\t\t\t\t\t\tiPhone 13 Pro'nun \u00fc\u00e7 kameras\u0131 ve bir LiDAR taray\u0131c\u0131s\u0131 var - d\u00f6rt potansiyel yakalama noktas\u0131. CamShield bunlar\u0131n hepsini tek bir s\u00fcrg\u00fc ile kapat\u0131yor. Kapat\u0131ld\u0131\u011f\u0131nda, hangi yaz\u0131l\u0131m izinlerinin ayarland\u0131\u011f\u0131na bak\u0131lmaks\u0131z\u0131n hi\u00e7bir arka sens\u00f6r herhangi bir \u015fey yakalayamaz.  \n\t\t\t\t\t<\/p>\n\t\t\t\t\t<\/div>\n\t\t\t\t<\/div>\n\t\t\t\t<\/div>\n\t\t","protected":false},"excerpt":{"rendered":"<p>iPhone 13 Pro K\u0131l\u0131f &#8211; Nillkin CamShield Kamera S\u00fcrg\u00fcs\u00fc, t\u00fcm \u00fc\u00e7l\u00fc kamera dizisini ve LiDAR taray\u0131c\u0131y\u0131 koruyan entegre s\u00fcrg\u00fcl\u00fc kapa\u011fa sahiptir. PC ve TPU ikili yap\u0131s\u0131 d\u00fc\u015fmelere kar\u015f\u0131 koruma sa\u011flar. <\/p>\n<p>\u2713 Kayar kapak \u00fc\u00e7 lensi ve LiDAR&#8217;\u0131 da korur<br \/>\n\u2713 TPU darbe \u00e7er\u00e7eveli polikarbonat arka k\u0131s\u0131m<br \/>\n\u2713 Ekran ve kamera mod\u00fcl\u00fc etraf\u0131nda y\u00fckseltilmi\u015f \u00e7er\u00e7eveler<br \/>\n\u2713 Mat tutu\u015f y\u00fczeyi ya\u011flara ve parmak izlerine kar\u015f\u0131 dayan\u0131kl\u0131d\u0131r<br \/>\n\u2713 iPhone 13 Pro i\u00e7in tasarlanm\u0131\u015ft\u0131r<\/p>\n","protected":false},"featured_media":21506,"comment_status":"closed","ping_status":"closed","template":"","meta":{"_acf_changed":false},"product_brand":[],"product_cat":[6607],"product_tag":[],"class_list":{"0":"post-61426","1":"product","2":"type-product","3":"status-publish","4":"has-post-thumbnail","6":"product_cat-k--l--flar","7":"product_shipping_class-posta-kutusu-paketi-gizlilik-araclari","8":"pa_accessory-type-arka-kapak","9":"pa_accessory-type-arka-kapak-2","10":"pa_brand-nillkin","11":"pa_brand-nillkin-2","12":"pa_color-siyah-2","13":"pa_color-siyah","14":"pa_manufacturer-guarantee-12-ay","15":"pa_manufacturer-guarantee-12-ay-2","16":"pa_material-sert-plastik-2","17":"pa_material-sert-plastik","18":"pa_material-tpu","19":"pa_material-tpu-2","21":"first","22":"instock","23":"taxable","24":"shipping-taxable","25":"purchasable","26":"product-type-simple"},"acf":[],"_links":{"self":[{"href":"https:\/\/www.cryptvice.com\/tr\/wp-json\/wp\/v2\/product\/61426","targetHints":{"allow":["GET"]}}],"collection":[{"href":"https:\/\/www.cryptvice.com\/tr\/wp-json\/wp\/v2\/product"}],"about":[{"href":"https:\/\/www.cryptvice.com\/tr\/wp-json\/wp\/v2\/types\/product"}],"replies":[{"embeddable":true,"href":"https:\/\/www.cryptvice.com\/tr\/wp-json\/wp\/v2\/comments?post=61426"}],"version-history":[{"count":0,"href":"https:\/\/www.cryptvice.com\/tr\/wp-json\/wp\/v2\/product\/61426\/revisions"}],"wp:featuredmedia":[{"embeddable":true,"href":"https:\/\/www.cryptvice.com\/tr\/wp-json\/wp\/v2\/media\/21506"}],"wp:attachment":[{"href":"https:\/\/www.cryptvice.com\/tr\/wp-json\/wp\/v2\/media?parent=61426"}],"wp:term":[{"taxonomy":"product_brand","embeddable":true,"href":"https:\/\/www.cryptvice.com\/tr\/wp-json\/wp\/v2\/product_brand?post=61426"},{"taxonomy":"product_cat","embeddable":true,"href":"https:\/\/www.cryptvice.com\/tr\/wp-json\/wp\/v2\/product_cat?post=61426"},{"taxonomy":"product_tag","embeddable":true,"href":"https:\/\/www.cryptvice.com\/tr\/wp-json\/wp\/v2\/product_tag?post=61426"}],"curies":[{"name":"wp","href":"https:\/\/api.w.org\/{rel}","templated":true}]}}