{"id":62596,"date":"2024-05-15T20:46:09","date_gmt":"2024-05-15T18:46:09","guid":{"rendered":"https:\/\/www.cryptvice.com\/shop\/iphone-14-pro-privacy-screen-protector\/"},"modified":"2026-03-13T10:31:12","modified_gmt":"2026-03-13T08:31:12","slug":"iphone-14-pro-privacy-screen-protector","status":"publish","type":"product","link":"https:\/\/www.cryptvice.com\/tr\/shop\/iphone-14-pro-privacy-screen-protector\/","title":{"rendered":"iPhone 14 Pro &#8211; Gizlilik Ekran Koruyucu"},"content":{"rendered":"\t\t<div data-elementor-type=\"product-post\" data-elementor-id=\"62596\" class=\"elementor elementor-62596 elementor-11055\" data-elementor-post-type=\"product\">\n\t\t\t\t<div class=\"wd-negative-gap elementor-element elementor-element-71a0a092 e-flex e-con-boxed e-con e-parent\" data-id=\"71a0a092\" data-element_type=\"container\" data-e-type=\"container\">\n\t\t\t\t\t<div class=\"e-con-inner\">\n\t\t\t\t\t<\/div>\n\t\t\t\t<\/div>\n\t\t\t\t<\/div>\n\t\t","protected":false},"excerpt":{"rendered":"<p>iPhone 14 Pro &#8211; Casusluk \u00f6nleyici mikro panjur filtreli ve kayar \u00f6n kamera kapakl\u0131 Gizlilik Ekran Koruyucusu. Her Zaman A\u00e7\u0131k Ekranda yan a\u00e7\u0131l\u0131 g\u00f6r\u00fcnt\u00fclemeyi engeller. Kamera kayd\u0131r\u0131c\u0131s\u0131, TrueDepth kameray\u0131 fiziksel olarak engeller. Face ID ve Dynamic Island hareketleri parazitsiz \u00e7al\u0131\u015f\u0131r.   <\/p>\n<p>28\u00b0 casusluk \u00f6nleme a\u00e7\u0131s\u0131na sahip 9H temperli cam<br \/>\n\u2713 \u00d6n TrueDepth kamera i\u00e7in kayar kapak<br \/>\n\u2713 Face ID ve Dynamic Island tam destekli<br \/>\n\u2713 Oleofobik kaplama &#8211; parmak izine dayan\u0131kl\u0131<br \/>\n\u2713 iPhone 14 Pro i\u00e7in \u00f6zel olarak \u00fcretilmi\u015ftir<\/p>\n","protected":false},"featured_media":45763,"comment_status":"closed","ping_status":"closed","template":"","meta":[],"product_brand":[],"product_cat":[2413],"product_tag":[],"class_list":{"0":"post-62596","1":"product","2":"type-product","3":"status-publish","4":"has-post-thumbnail","6":"product_cat-ekran-koruyucular","7":"product_shipping_class-posta-kutusu-paketi-gizlilik-araclari","9":"first","10":"instock","11":"taxable","12":"shipping-taxable","13":"purchasable","14":"product-type-simple"},"_links":{"self":[{"href":"https:\/\/www.cryptvice.com\/tr\/wp-json\/wp\/v2\/product\/62596","targetHints":{"allow":["GET"]}}],"collection":[{"href":"https:\/\/www.cryptvice.com\/tr\/wp-json\/wp\/v2\/product"}],"about":[{"href":"https:\/\/www.cryptvice.com\/tr\/wp-json\/wp\/v2\/types\/product"}],"replies":[{"embeddable":true,"href":"https:\/\/www.cryptvice.com\/tr\/wp-json\/wp\/v2\/comments?post=62596"}],"version-history":[{"count":0,"href":"https:\/\/www.cryptvice.com\/tr\/wp-json\/wp\/v2\/product\/62596\/revisions"}],"wp:featuredmedia":[{"embeddable":true,"href":"https:\/\/www.cryptvice.com\/tr\/wp-json\/wp\/v2\/media\/45763"}],"wp:attachment":[{"href":"https:\/\/www.cryptvice.com\/tr\/wp-json\/wp\/v2\/media?parent=62596"}],"wp:term":[{"taxonomy":"product_brand","embeddable":true,"href":"https:\/\/www.cryptvice.com\/tr\/wp-json\/wp\/v2\/product_brand?post=62596"},{"taxonomy":"product_cat","embeddable":true,"href":"https:\/\/www.cryptvice.com\/tr\/wp-json\/wp\/v2\/product_cat?post=62596"},{"taxonomy":"product_tag","embeddable":true,"href":"https:\/\/www.cryptvice.com\/tr\/wp-json\/wp\/v2\/product_tag?post=62596"}],"curies":[{"name":"wp","href":"https:\/\/api.w.org\/{rel}","templated":true}]}}