{"id":63334,"date":"2025-06-13T10:48:45","date_gmt":"2025-06-13T08:48:45","guid":{"rendered":"https:\/\/www.cryptvice.com\/shop\/iphone-14-pro-max-case-nillkin-camshield-camera-slider\/"},"modified":"2026-03-13T10:35:55","modified_gmt":"2026-03-13T08:35:55","slug":"iphone-14-pro-max-case-nillkin-camshield-camera-slider","status":"publish","type":"product","link":"https:\/\/www.cryptvice.com\/tr\/shop\/iphone-14-pro-max-case-nillkin-camshield-camera-slider\/","title":{"rendered":"iPhone 14 Pro Max K\u0131l\u0131f - Nillkin CamShield Kamera Kayd\u0131r\u0131c\u0131"},"content":{"rendered":"\t\t<div data-elementor-type=\"product-post\" data-elementor-id=\"63334\" class=\"elementor elementor-63334 elementor-43595\" data-elementor-post-type=\"product\">\n\t\t\t\t<div class=\"wd-negative-gap elementor-element elementor-element-38f73fd4 e-flex e-con-boxed e-con e-parent\" data-id=\"38f73fd4\" data-element_type=\"container\" data-e-type=\"container\">\n\t\t\t\t\t<div class=\"e-con-inner\">\n\t\t\t\t\t<\/div>\n\t\t\t\t<\/div>\n\t\t\t\t<\/div>\n\t\t","protected":false},"excerpt":{"rendered":"<p>iPhone 14 Pro Max K\u0131l\u0131f - \u00dc\u00e7l\u00fc kamera sistemi ve LiDAR taray\u0131c\u0131 i\u00e7in kayar kapakl\u0131 Nillkin CamShield Kamera S\u00fcrg\u00fcs\u00fc. PC ve TPU yap\u0131s\u0131, en b\u00fcy\u00fck Pro form fakt\u00f6r\u00fcnde d\u00fc\u015fmelerin \u00fcstesinden gelir. Tek bir s\u00fcrg\u00fc, d\u00f6rt arka sens\u00f6r\u00fc de ayn\u0131 anda kapsar.  <\/p>\n<p>\u2713 Tam \u00fc\u00e7l\u00fc kamera + LiDAR kayar kapak<br \/>\n\u2713 TPU \u015fok tamponlu sert PC arka k\u0131s\u0131m<br \/>\n\u2713 6,7 in\u00e7 ekran ve kamera i\u00e7in y\u00fckseltilmi\u015f \u00e7er\u00e7eveler<br \/>\n\u2713 Kaymaz mat y\u00fczey - parmak izine dayan\u0131kl\u0131<br \/>\n\u2713 iPhone 14 Pro Max i\u00e7in hassas kal\u0131plama<\/p>\n","protected":false},"featured_media":58270,"comment_status":"closed","ping_status":"closed","template":"","meta":[],"product_brand":[],"product_cat":[1814],"product_tag":[],"class_list":{"0":"post-63334","1":"product","2":"type-product","3":"status-publish","4":"has-post-thumbnail","6":"product_cat-dava","7":"product_shipping_class-posta-kutusu-paketi-gizlilik-araclari","9":"first","10":"instock","11":"taxable","12":"shipping-taxable","13":"purchasable","14":"product-type-simple"},"_links":{"self":[{"href":"https:\/\/www.cryptvice.com\/tr\/wp-json\/wp\/v2\/product\/63334","targetHints":{"allow":["GET"]}}],"collection":[{"href":"https:\/\/www.cryptvice.com\/tr\/wp-json\/wp\/v2\/product"}],"about":[{"href":"https:\/\/www.cryptvice.com\/tr\/wp-json\/wp\/v2\/types\/product"}],"replies":[{"embeddable":true,"href":"https:\/\/www.cryptvice.com\/tr\/wp-json\/wp\/v2\/comments?post=63334"}],"version-history":[{"count":0,"href":"https:\/\/www.cryptvice.com\/tr\/wp-json\/wp\/v2\/product\/63334\/revisions"}],"wp:featuredmedia":[{"embeddable":true,"href":"https:\/\/www.cryptvice.com\/tr\/wp-json\/wp\/v2\/media\/58270"}],"wp:attachment":[{"href":"https:\/\/www.cryptvice.com\/tr\/wp-json\/wp\/v2\/media?parent=63334"}],"wp:term":[{"taxonomy":"product_brand","embeddable":true,"href":"https:\/\/www.cryptvice.com\/tr\/wp-json\/wp\/v2\/product_brand?post=63334"},{"taxonomy":"product_cat","embeddable":true,"href":"https:\/\/www.cryptvice.com\/tr\/wp-json\/wp\/v2\/product_cat?post=63334"},{"taxonomy":"product_tag","embeddable":true,"href":"https:\/\/www.cryptvice.com\/tr\/wp-json\/wp\/v2\/product_tag?post=63334"}],"curies":[{"name":"wp","href":"https:\/\/api.w.org\/{rel}","templated":true}]}}