{"id":63452,"date":"2025-06-09T08:57:40","date_gmt":"2025-06-09T06:57:40","guid":{"rendered":"https:\/\/www.cryptvice.com\/shop\/google-pixel-9-pro-grapheneos-vpn-encrypted\/"},"modified":"2026-04-02T10:44:12","modified_gmt":"2026-04-02T08:44:12","slug":"google-pixel-9-pro-grapheneos-vpn-encrypted","status":"publish","type":"product","link":"https:\/\/www.cryptvice.com\/tr\/shop\/google-pixel-9-pro-grapheneos-vpn-encrypted\/","title":{"rendered":"Google Pixel 9 Pro GrapheneOS VPN \u015eifreli"},"content":{"rendered":"\t\t<div data-elementor-type=\"product-post\" data-elementor-id=\"63452\" class=\"elementor elementor-63452 elementor-42913\" data-elementor-post-type=\"product\">\n\t\t\t\t<div class=\"wd-negative-gap elementor-element elementor-element-1699cf26 e-flex e-con-boxed e-con e-parent\" data-id=\"1699cf26\" data-element_type=\"container\" data-e-type=\"container\">\n\t\t\t\t\t<div class=\"e-con-inner\">\n\t\t\t\t\t\t\t<h2 \n\t\tdata-interaction-id=\"2af3da93\" \n\t\tclass=\"text-balance e-2af3da93-1e0f6dd e-heading-base\" \n\t\t \n\t\tdata-e-type=\"widget\" data-id=\"2af3da93\"\n\t>\n\t\n\t\t\tGoogle Pixel 9 Pro GrapheneOS kimler i\u00e7indir?\n\t\t<\/h2>\n\t\t\t\t\t\t\t\t<p class=\"paragraph-small e-paragraph-base\" data-interaction-id=\"c38bf93\"  data-e-type=\"widget\" data-id=\"c38bf93\">\n\t\t\t\t\t\t\t\tGoogle Pixel 9 Pro GrapheneOS VPN Encrypted, \u00f6d\u00fcns\u00fcz gizlili\u011fin yan\u0131 s\u0131ra amiral gemisi performans\u0131 talep eden kullan\u0131c\u0131lar i\u00e7in yap\u0131land\u0131r\u0131lm\u0131\u015ft\u0131r:<br><br>- Kaynaklar\u0131 ve hassas ileti\u015fimleri koruyan gazeteciler<br>- Gizli i\u015f bilgilerini i\u015fleyen y\u00f6neticiler<br>- Y\u00fcksek g\u00f6zetim ortamlar\u0131nda faaliyet g\u00f6steren aktivistler<br>- M\u00fc\u015fteri gizlili\u011fine ihtiya\u00e7 duyan hukuk uzmanlar\u0131<br>- G\u00fcvenilir bir mobil platforma ihtiya\u00e7 duyan g\u00fcvenlik ara\u015ft\u0131rmac\u0131lar\u0131<br><br>Pixel 9 Pro, en yeni Tensor G4 i\u015flemciyi Titan M2 g\u00fcvenli\u011fi ile birle\u015ftirerek gizlilikten \u00f6d\u00fcn vermeden \u00fcst\u00fcn performans sunar.\n\t\t\t\t\t<\/p>\n\t\t\t\t\t\t\t<h2 \n\t\tdata-interaction-id=\"29431187\" \n\t\tclass=\"text-balance e-29431187-a8ba576 e-heading-base\" \n\t\t \n\t\tdata-e-type=\"widget\" data-id=\"29431187\"\n\t>\n\t\n\t\t\tPixel 9 Pro \u00fczerinde GrapheneOS\n\t\t<\/h2>\n\t\t\t\t\t\t\t\t<p class=\"paragraph-small e-paragraph-base\" data-interaction-id=\"770fcff7\"  data-e-type=\"widget\" data-id=\"770fcff7\">\n\t\t\t\t\t\t\t\tHer Pixel 9 Pro, do\u011frulanm\u0131\u015f bir GrapheneOS kurulumu ile haz\u0131rlan\u0131r:<br><br>- Kriptografik b\u00fct\u00fcnl\u00fck kontrolleri ile yeni kurulum<br>- Do\u011frulanm\u0131\u015f \u00f6ny\u00fckleme i\u015flemi i\u00e7in g\u00fcvenli \u00f6ny\u00fckleyici<br>- T\u00fcm Google telemetri ve hizmetleri kald\u0131r\u0131ld\u0131<br>- Bilinen sald\u0131r\u0131 vekt\u00f6rlerine kar\u015f\u0131 g\u00fc\u00e7lendirilmi\u015f sistem<br>- Amiral gemisi donan\u0131m \u00f6zellikleri i\u00e7in ayarlanm\u0131\u015f performans<br><br>GrapheneOS, Pixel 9 Pro 2031 y\u0131l\u0131na kadar desteklenerek s\u00fcrekli g\u00fcncellemeler al\u0131r.\n\t\t\t\t\t<\/p>\n\t\t\t\t\t\t\t<h2 \n\t\tdata-interaction-id=\"33f01f74\" \n\t\tclass=\"text-balance e-33f01f74-326a4e7 e-heading-base\" \n\t\t \n\t\tdata-e-type=\"widget\" data-id=\"33f01f74\"\n\t>\n\t\n\t\t\tPixel 9 Pro'da uygulama sertle\u015ftirme\n\t\t<\/h2>\n\t\t\t\t\t\t\t\t<p class=\"paragraph-small e-paragraph-base\" data-interaction-id=\"61a6d5ba\"  data-e-type=\"widget\" data-id=\"61a6d5ba\">\n\t\t\t\t\t\t\t\tGizlilik uygulamalar\u0131 her cihazda bireysel yap\u0131land\u0131rmaya tabi tutulur:<br><br>- Uygulama ba\u015f\u0131na en aza indirilmi\u015f izin yap\u0131lar\u0131<br>- Veri s\u0131z\u0131nt\u0131s\u0131n\u0131 \u00f6nlemek i\u00e7in k\u0131s\u0131tlanm\u0131\u015f arka plan i\u015flemleri<br>- Uygulama d\u00fczeyinde kontrol edilen a\u011f davran\u0131\u015f\u0131<br>- Uygulamalar aras\u0131nda uygulanan kum havuzu<br>- Hassas verilerin korunmas\u0131 i\u00e7in izole edilmi\u015f depolama eri\u015fimi<br><br>Bu uygulamal\u0131 yakla\u015f\u0131m, her Pixel 9 Pro'nun profesyonel g\u00fcvenlik gereksinimlerini kar\u015f\u0131lamas\u0131n\u0131 sa\u011flar.\n\t\t\t\t\t<\/p>\n\t\t\t\t\t\t\t<h2 \n\t\tdata-interaction-id=\"1c2e0f9e\" \n\t\tclass=\"text-balance e-1c2e0f9e-2dc8eb1 e-heading-base\" \n\t\t \n\t\tdata-e-type=\"widget\" data-id=\"1c2e0f9e\"\n\t>\n\t\n\t\t\t\u015eifrelenmi\u015f VPN ba\u011flant\u0131s\u0131\n\t\t<\/h2>\n\t\t\t\t\t\t\t\t<p class=\"paragraph-small e-paragraph-base\" data-interaction-id=\"447c11ae\"  data-e-type=\"widget\" data-id=\"447c11ae\">\n\t\t\t\t\t\t\t\t\u00d6deme s\u0131ras\u0131nda tercih etti\u011finiz sa\u011flay\u0131c\u0131y\u0131 se\u00e7in:<br><br>- Mullvad - anonim hesaplar, e-posta kayd\u0131 yok, \u0130sve\u00e7 yarg\u0131 yetkisi<br>- iVPN - \u00e7ok atlamal\u0131 y\u00f6nlendirme, denetlenmi\u015f a\u00e7\u0131k kaynakl\u0131 istemci, Cebelitar\u0131k tabanl\u0131<br>- ProtonVPN - \u0130svi\u00e7re yasal korumas\u0131, G\u00fcvenli \u00c7ekirdek a\u011f y\u00f6nlendirmesi<br><br>VPN'iniz sevkiyattan \u00f6nce kurulur, yap\u0131land\u0131r\u0131l\u0131r ve do\u011frulan\u0131r. \u015eifreleme t\u00fcm a\u011f ba\u011flant\u0131lar\u0131nda otomatik olarak etkinle\u015fir. \n\t\t\t\t\t<\/p>\n\t\t\t\t\t\t\t<h2 \n\t\tdata-interaction-id=\"6d18f55\" \n\t\tclass=\"text-balance e-6d18f55-223e341 e-heading-base\" \n\t\t \n\t\tdata-e-type=\"widget\" data-id=\"6d18f55\"\n\t>\n\t\n\t\t\tGoogle Pixel 9 Pro'da \u00f6nceden y\u00fcklenmi\u015f gizlilik ara\u00e7lar\u0131\n\t\t<\/h2>\n\t\t\t\t\t\t\t\t<p class=\"paragraph-small e-paragraph-base\" data-interaction-id=\"3e8ff1\"  data-e-type=\"widget\" data-id=\"3e8ff1\">\n\t\t\t\t\t\t\t\tG\u00fcvenli a\u011f<br>- Orbot - anonimlik gerekti\u011finde trafi\u011fi Tor a\u011f\u0131 \u00fczerinden y\u00f6nlendirir<br>- Premium VPN - se\u00e7ti\u011finiz sa\u011flay\u0131c\u0131, yap\u0131land\u0131r\u0131lm\u0131\u015f ve test edilmi\u015ftir<br><br>\u00d6zel tarama<br>- Firefox Focus - izleyicileri varsay\u0131lan olarak engeller, oturum verilerini otomatik olarak temizler<br><br>Uygulama eri\u015fimi<br>- Aurora Store - Google hesab\u0131 olmadan Play Store uygulamalar\u0131n\u0131 indirin<br>- F-Droid - a\u00e7\u0131k kaynakl\u0131 uygulamalar\u0131n derlendi\u011fi depo<br><br>G\u00fcvenli ileti\u015fim<br>- Molly - geli\u015fmi\u015f g\u00fcvenlik \u00f6zelliklerine sahip sertle\u015ftirilmi\u015f Signal \u00e7atal\u0131<br>- Threema - GDPR uyumlulu\u011funa sahip \u0130svi\u00e7re taraf\u0131ndan geli\u015ftirilmi\u015f mesajla\u015fma<br>- SimpleX - telefon numaralar\u0131 veya kullan\u0131c\u0131 kimlikleri olmadan merkezi olmayan mesajla\u015fma<br><br>\u00dcretkenlik<br>- Standard Notes - u\u00e7tan uca \u015fifrelenmi\u015f not alma<br>- eM \u0130stemcisi - platform takibi olmadan e-posta y\u00f6netimi\n\t\t\t\t\t<\/p>\n\t\t\t\t\t\t\t<h2 \n\t\tdata-interaction-id=\"3ff338e7\" \n\t\tclass=\"text-balance e-3ff338e7-7cdda18 e-heading-base\" \n\t\t \n\t\tdata-e-type=\"widget\" data-id=\"3ff338e7\"\n\t>\n\t\n\t\t\tCryptvice'\u0131 farkl\u0131 k\u0131lan nedir\n\t\t<\/h2>\n\t\t\t\t\t\t\t\t<p class=\"paragraph-small e-paragraph-base\" data-interaction-id=\"71d3584c\"  data-e-type=\"widget\" data-id=\"71d3584c\">\n\t\t\t\t\t\t\t\t- Bireysel cihaz yap\u0131land\u0131rmas\u0131 - her telefon elle haz\u0131rlan\u0131r<br>- G\u00fcvenlik do\u011frulamas\u0131 - her sevkiyattan \u00f6nce test edilir<br>- Gizli paketleme - teslimatta marka g\u00f6r\u00fcnmez<br>- Kripto para \u00f6demeleri - anonim sat\u0131n alma se\u00e7enekleri mevcuttur<br>- AB merkezli operasyonlar - \u0130spanya'dan takip ile g\u00f6nderilir<br>- Uzman deste\u011fi - g\u00fcnl\u00fck GrapheneOS kullan\u0131c\u0131lar\u0131ndan 30 g\u00fcn yard\u0131m\n\t\t\t\t\t<\/p>\n\t\t\t\t\t\t\t<h2 \n\t\tdata-interaction-id=\"3e84da4f\" \n\t\tclass=\"text-balance e-3e84da4f-4ea571e e-heading-base\" \n\t\t \n\t\tdata-e-type=\"widget\" data-id=\"3e84da4f\"\n\t>\n\t\n\t\t\tNakliye ve garanti\n\t\t<\/h2>\n\t\t\t\t\t\t\t\t<p class=\"paragraph-small e-paragraph-base\" data-interaction-id=\"5c59526a\"  data-e-type=\"widget\" data-id=\"5c59526a\">\n\t\t\t\t\t\t\t\tSipari\u015fler 1 i\u015f g\u00fcn\u00fc i\u00e7inde g\u00f6nderilir. Takip detaylar\u0131 e-posta yoluyla sa\u011flan\u0131r. <br><br>\u0130spanya i\u00e7inde ar\u0131zal\u0131 cihazlar i\u00e7in iade kabul edilir. Hatal\u0131 olmayan iadeler, iade nakliye masraflar\u0131na tabidir. Standart Google donan\u0131m garantisi ge\u00e7erlidir. Yaz\u0131l\u0131m yap\u0131land\u0131rmas\u0131 profesyonel hizmet olarak dahildir.   \n\t\t\t\t\t<\/p>\n\t\t\t\t\t\t\t\t<p class=\"paragraph-small button-dark-icon e-52cb4785-8979a70 e-paragraph-base\" data-interaction-id=\"52cb4785\"  data-e-type=\"widget\" data-id=\"52cb4785\">\n\t\t\t\t\t\t\t<a\n\t\t\t\t\t\t\t\t\t\thref=\"https:\/\/www.cryptvice.com\/tr\/help-and-support\/\"\n\t\t\t\t\ttarget=\"_self\"\n\t\t\t\t\tclass=\"e-paragraph-link-base\"\n\t\t\t\t>\n\t\t\t\t\t\tSorular\u0131n\u0131z m\u0131 var? Yard\u0131m ve Destek SSS b\u00f6l\u00fcm\u00fcm\u00fcze bak\u0131n \n\t\t\t\t<\/a>\n\t\t\t\t\t<\/p>\n\t\t\t\t\t<\/div>\n\t\t\t\t<\/div>\n\t\t\t\t<\/div>\n\t\t","protected":false},"excerpt":{"rendered":"<p>Google Pixel 9 Pro GrapheneOS, eksiksiz Pixel 9 yap\u0131m\u0131zd\u0131r. Tensor G4, 16GB RAM, \u00fc\u00e7l\u00fc kamera ve ayn\u0131 g\u00fcvenlik y\u0131\u011f\u0131n\u0131. Pixel 9 neslinden tam paket istiyorsan\u0131z, i\u015fte bu.  <\/p>\n<p>\u2713 GrapheneOS ile \u00f6nceden y\u00fcklenmi\u015ftir &#8211; Google yok, izleme yok<br \/>\n\u2713 Signal, Molly ve Threema sanal numara ile etkinle\u015ftirildi<br \/>\n\u2713 Premium VPN + tam sertle\u015ftirme ile \u00e7ift profil<br \/>\n\u2713 USB veri engelleyici ve duress silme etkin<\/p>\n","protected":false},"featured_media":63460,"comment_status":"closed","ping_status":"closed","template":"","meta":[],"product_brand":[],"product_cat":[108],"product_tag":[],"class_list":{"0":"post-63452","1":"product","2":"type-product","3":"status-publish","4":"has-post-thumbnail","6":"product_cat-accessoires","8":"first","9":"instock","10":"featured","11":"taxable","12":"shipping-taxable","13":"purchasable","14":"product-type-variable"},"_links":{"self":[{"href":"https:\/\/www.cryptvice.com\/tr\/wp-json\/wp\/v2\/product\/63452","targetHints":{"allow":["GET"]}}],"collection":[{"href":"https:\/\/www.cryptvice.com\/tr\/wp-json\/wp\/v2\/product"}],"about":[{"href":"https:\/\/www.cryptvice.com\/tr\/wp-json\/wp\/v2\/types\/product"}],"replies":[{"embeddable":true,"href":"https:\/\/www.cryptvice.com\/tr\/wp-json\/wp\/v2\/comments?post=63452"}],"version-history":[{"count":2,"href":"https:\/\/www.cryptvice.com\/tr\/wp-json\/wp\/v2\/product\/63452\/revisions"}],"predecessor-version":[{"id":71405,"href":"https:\/\/www.cryptvice.com\/tr\/wp-json\/wp\/v2\/product\/63452\/revisions\/71405"}],"wp:featuredmedia":[{"embeddable":true,"href":"https:\/\/www.cryptvice.com\/tr\/wp-json\/wp\/v2\/media\/63460"}],"wp:attachment":[{"href":"https:\/\/www.cryptvice.com\/tr\/wp-json\/wp\/v2\/media?parent=63452"}],"wp:term":[{"taxonomy":"product_brand","embeddable":true,"href":"https:\/\/www.cryptvice.com\/tr\/wp-json\/wp\/v2\/product_brand?post=63452"},{"taxonomy":"product_cat","embeddable":true,"href":"https:\/\/www.cryptvice.com\/tr\/wp-json\/wp\/v2\/product_cat?post=63452"},{"taxonomy":"product_tag","embeddable":true,"href":"https:\/\/www.cryptvice.com\/tr\/wp-json\/wp\/v2\/product_tag?post=63452"}],"curies":[{"name":"wp","href":"https:\/\/api.w.org\/{rel}","templated":true}]}}