{"id":63698,"date":"2025-06-09T06:50:09","date_gmt":"2025-06-09T04:50:09","guid":{"rendered":"https:\/\/www.cryptvice.com\/shop\/google-pixel-9-grapheneos-vpn-encrypted\/"},"modified":"2026-04-02T10:43:50","modified_gmt":"2026-04-02T08:43:50","slug":"google-pixel-9-grapheneos-vpn-encrypted","status":"publish","type":"product","link":"https:\/\/www.cryptvice.com\/tr\/shop\/google-pixel-9-grapheneos-vpn-encrypted\/","title":{"rendered":"Google Pixel 9 GrapheneOS VPN \u015eifreli"},"content":{"rendered":"\t\t<div data-elementor-type=\"product-post\" data-elementor-id=\"63698\" class=\"elementor elementor-63698 elementor-42909\" data-elementor-post-type=\"product\">\n\t\t\t\t<div class=\"wd-negative-gap elementor-element elementor-element-27535a39 e-flex e-con-boxed e-con e-parent\" data-id=\"27535a39\" data-element_type=\"container\" data-e-type=\"container\">\n\t\t\t\t\t<div class=\"e-con-inner\">\n\t\t\t\t\t<\/div>\n\t\t\t\t<\/div>\n\t\t\t\t<\/div>\n\t\t","protected":false},"excerpt":{"rendered":"<p>Google Pixel 9 GrapheneOS, \u00fc\u00e7l\u00fc kamera ve 16 GB RAM olmadan Pixel 9 Pro ile ayn\u0131 Tensor G4 i\u015flemci ve Titan M2 g\u00fcvenlik \u00e7ipini \u00e7al\u0131\u015ft\u0131r\u0131yor. Ayn\u0131 \u00e7ip, ayn\u0131 g\u00fcvenlik mimarisi, daha d\u00fc\u015f\u00fck fiyat. \u00c7o\u011fu kullan\u0131c\u0131 i\u00e7in fark kamera \u00f6zellikleri, ba\u015fka bir \u015fey de\u011fil.  <\/p>\n<p>\u2713 GrapheneOS ile \u00f6nceden y\u00fcklenmi\u015ftir &#8211; Google yok, izleme yok<br \/>\n\u2713 Signal, Molly ve Threema sanal numara ile etkinle\u015ftirildi<br \/>\n\u2713 Premium VPN + tam sertle\u015ftirme ile \u00e7ift profil<br \/>\n\u2713 USB veri engelleyici ve duress silme etkin<\/p>\n","protected":false},"featured_media":63700,"comment_status":"closed","ping_status":"closed","template":"","meta":[],"product_brand":[],"product_cat":[108],"product_tag":[],"class_list":{"0":"post-63698","1":"product","2":"type-product","3":"status-publish","4":"has-post-thumbnail","6":"product_cat-accessoires","8":"first","9":"instock","10":"featured","11":"taxable","12":"shipping-taxable","13":"purchasable","14":"product-type-variable"},"_links":{"self":[{"href":"https:\/\/www.cryptvice.com\/tr\/wp-json\/wp\/v2\/product\/63698","targetHints":{"allow":["GET"]}}],"collection":[{"href":"https:\/\/www.cryptvice.com\/tr\/wp-json\/wp\/v2\/product"}],"about":[{"href":"https:\/\/www.cryptvice.com\/tr\/wp-json\/wp\/v2\/types\/product"}],"replies":[{"embeddable":true,"href":"https:\/\/www.cryptvice.com\/tr\/wp-json\/wp\/v2\/comments?post=63698"}],"version-history":[{"count":2,"href":"https:\/\/www.cryptvice.com\/tr\/wp-json\/wp\/v2\/product\/63698\/revisions"}],"predecessor-version":[{"id":71385,"href":"https:\/\/www.cryptvice.com\/tr\/wp-json\/wp\/v2\/product\/63698\/revisions\/71385"}],"wp:featuredmedia":[{"embeddable":true,"href":"https:\/\/www.cryptvice.com\/tr\/wp-json\/wp\/v2\/media\/63700"}],"wp:attachment":[{"href":"https:\/\/www.cryptvice.com\/tr\/wp-json\/wp\/v2\/media?parent=63698"}],"wp:term":[{"taxonomy":"product_brand","embeddable":true,"href":"https:\/\/www.cryptvice.com\/tr\/wp-json\/wp\/v2\/product_brand?post=63698"},{"taxonomy":"product_cat","embeddable":true,"href":"https:\/\/www.cryptvice.com\/tr\/wp-json\/wp\/v2\/product_cat?post=63698"},{"taxonomy":"product_tag","embeddable":true,"href":"https:\/\/www.cryptvice.com\/tr\/wp-json\/wp\/v2\/product_tag?post=63698"}],"curies":[{"name":"wp","href":"https:\/\/api.w.org\/{rel}","templated":true}]}}