{"id":64018,"date":"2025-08-07T15:16:13","date_gmt":"2025-08-07T13:16:13","guid":{"rendered":"https:\/\/www.cryptvice.com\/shop\/iphone-14-case-nillkin-camshield-camera-slider\/"},"modified":"2026-03-13T10:40:18","modified_gmt":"2026-03-13T08:40:18","slug":"iphone-14-case-nillkin-camshield-camera-slider","status":"publish","type":"product","link":"https:\/\/www.cryptvice.com\/tr\/shop\/iphone-14-case-nillkin-camshield-camera-slider\/","title":{"rendered":"iPhone 14 K\u0131l\u0131f\u0131 - Nillkin CamShield Kamera Kayd\u0131r\u0131c\u0131"},"content":{"rendered":"\t\t<div data-elementor-type=\"product-post\" data-elementor-id=\"64018\" class=\"elementor elementor-64018 elementor-48357\" data-elementor-post-type=\"product\">\n\t\t\t\t<div class=\"wd-negative-gap elementor-element elementor-element-13bea9be e-flex e-con-boxed e-con e-parent\" data-id=\"13bea9be\" data-element_type=\"container\" data-e-type=\"container\">\n\t\t\t\t\t<div class=\"e-con-inner\">\n\t\t\t\t\t<\/div>\n\t\t\t\t<\/div>\n\t\t\t\t<\/div>\n\t\t","protected":false},"excerpt":{"rendered":"<p>iPhone 14 K\u0131l\u0131f Nillkin K\u0131l\u0131f, kapat\u0131ld\u0131\u011f\u0131nda her iki arka lensi fiziksel olarak engelleyen yerle\u015fik s\u00fcrg\u00fcl\u00fc kapa\u011fa sahiptir. Polikarbonat arka k\u0131s\u0131m ve TPU tampon, g\u00fcnl\u00fck darbelerin ve \u00e7izilmelerin \u00fcstesinden gelir. <\/p>\n<p>\u00c7ift kamera korumas\u0131 i\u00e7in dahili kayar kapak<br \/>\n\u2713 TPU darbe emici kenarlara sahip PC arka panel<br \/>\n\u2713 Kamera ve ekran y\u00fckseltilmi\u015f \u00e7er\u00e7eveler<br \/>\n\u2713 P\u00fcr\u00fczs\u00fcz mat kaplama - ya\u011fa ve parmak izine dayan\u0131kl\u0131<br \/>\n\u2713 iPhone 14 i\u00e7in \u00f6zel uyum<\/p>\n","protected":false},"featured_media":11145,"comment_status":"closed","ping_status":"closed","template":"","meta":[],"product_brand":[],"product_cat":[1814],"product_tag":[],"class_list":{"0":"post-64018","1":"product","2":"type-product","3":"status-publish","4":"has-post-thumbnail","6":"product_cat-dava","7":"product_shipping_class-posta-kutusu-paketi-gizlilik-araclari","9":"first","10":"instock","11":"taxable","12":"shipping-taxable","13":"purchasable","14":"product-type-simple"},"_links":{"self":[{"href":"https:\/\/www.cryptvice.com\/tr\/wp-json\/wp\/v2\/product\/64018","targetHints":{"allow":["GET"]}}],"collection":[{"href":"https:\/\/www.cryptvice.com\/tr\/wp-json\/wp\/v2\/product"}],"about":[{"href":"https:\/\/www.cryptvice.com\/tr\/wp-json\/wp\/v2\/types\/product"}],"replies":[{"embeddable":true,"href":"https:\/\/www.cryptvice.com\/tr\/wp-json\/wp\/v2\/comments?post=64018"}],"version-history":[{"count":0,"href":"https:\/\/www.cryptvice.com\/tr\/wp-json\/wp\/v2\/product\/64018\/revisions"}],"wp:featuredmedia":[{"embeddable":true,"href":"https:\/\/www.cryptvice.com\/tr\/wp-json\/wp\/v2\/media\/11145"}],"wp:attachment":[{"href":"https:\/\/www.cryptvice.com\/tr\/wp-json\/wp\/v2\/media?parent=64018"}],"wp:term":[{"taxonomy":"product_brand","embeddable":true,"href":"https:\/\/www.cryptvice.com\/tr\/wp-json\/wp\/v2\/product_brand?post=64018"},{"taxonomy":"product_cat","embeddable":true,"href":"https:\/\/www.cryptvice.com\/tr\/wp-json\/wp\/v2\/product_cat?post=64018"},{"taxonomy":"product_tag","embeddable":true,"href":"https:\/\/www.cryptvice.com\/tr\/wp-json\/wp\/v2\/product_tag?post=64018"}],"curies":[{"name":"wp","href":"https:\/\/api.w.org\/{rel}","templated":true}]}}