{"id":64307,"date":"2025-08-08T10:09:59","date_gmt":"2025-08-08T08:09:59","guid":{"rendered":"https:\/\/www.cryptvice.com\/shop\/phone-faraday-pouch-signal-blocking\/"},"modified":"2026-03-13T10:42:29","modified_gmt":"2026-03-13T08:42:29","slug":"phone-faraday-pouch-signal-blocking","status":"publish","type":"product","link":"https:\/\/www.cryptvice.com\/tr\/shop\/phone-faraday-pouch-signal-blocking\/","title":{"rendered":"Telefon Faraday K\u0131l\u0131f\u0131 &#8211; Sinyal Engelleme"},"content":{"rendered":"\t\t<div data-elementor-type=\"product-post\" data-elementor-id=\"64307\" class=\"elementor elementor-64307 elementor-48508\" data-elementor-post-type=\"product\">\n\t\t\t\t<div class=\"wd-negative-gap elementor-element elementor-element-7386f48f e-flex e-con-boxed e-con e-parent\" data-id=\"7386f48f\" data-element_type=\"container\" data-e-type=\"container\">\n\t\t\t\t\t<div class=\"e-con-inner\">\n\t\t\t\t\t<\/div>\n\t\t\t\t<\/div>\n\t\t\t\t<\/div>\n\t\t","protected":false},"excerpt":{"rendered":"<p>Bu Telefon Faraday K\u0131l\u0131f\u0131 \u00e7antas\u0131 t\u00fcm sinyalleri an\u0131nda keser: GPS, WiFi, Bluetooth, NFC, 4G, 5G. Uygulama yok, ayar yok, g\u00fcven gerekmiyor. Telefonunuz her birka\u00e7 saniyede bir konumunuzu yay\u0131nlar &#8211; kapal\u0131 oldu\u011funu d\u00fc\u015f\u00fcnd\u00fc\u011f\u00fcn\u00fczde bile.  <\/p>\n<p>Telefonunuzu i\u00e7ine koyun. Kapa\u011f\u0131 kapat. Art\u0131k g\u00f6r\u00fcnmezsin.  <\/p>\n<p>GPS takibini ve konum izlemeyi engeller<br \/>\n\u2713 H\u00fccresel\/WiFi \u00fczerinden uzaktan hacklemeyi durdurur<br \/>\n\u2713 Anahtars\u0131z ara\u00e7 h\u0131rs\u0131zl\u0131\u011f\u0131n\u0131 \u00f6nler (anahtarl\u0131k korumas\u0131)<br \/>\n\u2713 Bluetooth casuslu\u011funu ve RFID kayma\u011f\u0131n\u0131 keser<br \/>\n\u2713 85dB ekranlama etkinli\u011fi &#8211; test edilmi\u015ftir, iddia edilmemi\u015ftir<\/p>\n","protected":false},"featured_media":48784,"comment_status":"closed","ping_status":"closed","template":"","meta":[],"product_brand":[],"product_cat":[943],"product_tag":[],"class_list":{"0":"post-64307","1":"product","2":"type-product","3":"status-publish","4":"has-post-thumbnail","6":"product_cat-uncategorized-tr","7":"product_shipping_class-posta-kutusu-paketi-gizlilik-araclari","9":"first","10":"instock","11":"taxable","12":"shipping-taxable","13":"purchasable","14":"product-type-simple"},"_links":{"self":[{"href":"https:\/\/www.cryptvice.com\/tr\/wp-json\/wp\/v2\/product\/64307","targetHints":{"allow":["GET"]}}],"collection":[{"href":"https:\/\/www.cryptvice.com\/tr\/wp-json\/wp\/v2\/product"}],"about":[{"href":"https:\/\/www.cryptvice.com\/tr\/wp-json\/wp\/v2\/types\/product"}],"replies":[{"embeddable":true,"href":"https:\/\/www.cryptvice.com\/tr\/wp-json\/wp\/v2\/comments?post=64307"}],"version-history":[{"count":0,"href":"https:\/\/www.cryptvice.com\/tr\/wp-json\/wp\/v2\/product\/64307\/revisions"}],"wp:featuredmedia":[{"embeddable":true,"href":"https:\/\/www.cryptvice.com\/tr\/wp-json\/wp\/v2\/media\/48784"}],"wp:attachment":[{"href":"https:\/\/www.cryptvice.com\/tr\/wp-json\/wp\/v2\/media?parent=64307"}],"wp:term":[{"taxonomy":"product_brand","embeddable":true,"href":"https:\/\/www.cryptvice.com\/tr\/wp-json\/wp\/v2\/product_brand?post=64307"},{"taxonomy":"product_cat","embeddable":true,"href":"https:\/\/www.cryptvice.com\/tr\/wp-json\/wp\/v2\/product_cat?post=64307"},{"taxonomy":"product_tag","embeddable":true,"href":"https:\/\/www.cryptvice.com\/tr\/wp-json\/wp\/v2\/product_tag?post=64307"}],"curies":[{"name":"wp","href":"https:\/\/api.w.org\/{rel}","templated":true}]}}