{"id":64374,"date":"2025-06-30T13:08:09","date_gmt":"2025-06-30T11:08:09","guid":{"rendered":"https:\/\/www.cryptvice.com\/shop\/silent-circle-secure-communication-license\/"},"modified":"2026-03-13T10:42:56","modified_gmt":"2026-03-13T08:42:56","slug":"silent-circle-secure-communication-license","status":"publish","type":"product","link":"https:\/\/www.cryptvice.com\/tr\/shop\/silent-circle-secure-communication-license\/","title":{"rendered":"Silent Circle - G\u00fcvenli \u0130leti\u015fim Lisans\u0131"},"content":{"rendered":"\t\t<div data-elementor-type=\"product-post\" data-elementor-id=\"64374\" class=\"elementor elementor-64374 elementor-44889\" data-elementor-post-type=\"product\">\n\t\t\t\t<div class=\"wd-negative-gap elementor-element elementor-element-1ad8ccf8 e-flex e-con-boxed e-con e-parent\" data-id=\"1ad8ccf8\" data-element_type=\"container\" data-e-type=\"container\">\n\t\t\t\t\t<div class=\"e-con-inner\">\n\t\t\t\t\t\t\t<h2 \n\t\tdata-interaction-id=\"6c950a61\" \n\t\tclass=\"text-balance e-6c950a61-569883a e-heading-base\" \n\t\t \n\t\tdata-e-type=\"widget\" data-id=\"6c950a61\"\n\t>\n\t\n\t\t\tNeden Silent Circle?\n\t\t<\/h2>\n\t\t\t\t\t\t\t\t<p class=\"e-2dd93db6-ef8fd72 paragraph-small text-balance e-paragraph-base\" data-interaction-id=\"2dd93db6\"  data-e-type=\"widget\" data-id=\"2dd93db6\">\n\t\t\t\t\t\t\t\t\u00c7o\u011fu \u015fifreli mesajla\u015fma uygulamas\u0131 t\u00fcketiciler i\u00e7in geli\u015ftirilmi\u015ftir. Silent Circle, ileti\u015fimlerinin s\u0131zmas\u0131n\u0131 g\u00f6ze alamayacak ki\u015filer - y\u00f6neticiler, gazeteciler, avukatlar, h\u00fck\u00fcmet yetkilileri ve g\u00fcvenlik uzmanlar\u0131 - i\u00e7in geli\u015ftirilmi\u015ftir. \n\t\t\t\t\t<\/p>\n\t\t\t\t\t\t\t\t<p class=\"e-5509532d-67e5f6d paragraph-small text-balance e-paragraph-base\" data-interaction-id=\"5509532d\"  data-e-type=\"widget\" data-id=\"5509532d\">\n\t\t\t\t\t\t\t\tAradaki fark sadece \u015fifreleme g\u00fcc\u00fc de\u011fildir. Bu bir mimaridir. Silent Circle kendi g\u00fcvenli altyap\u0131s\u0131n\u0131 i\u015fletmekte, d\u00fczenli \u00fc\u00e7\u00fcnc\u00fc taraf denetimleri ger\u00e7ekle\u015ftirmekte ve merkezi \u0130svi\u00e7re'de bulunmaktad\u0131r - kitlesel g\u00f6zetim programlar\u0131n\u0131n yetki alan\u0131 d\u0131\u015f\u0131nda.  \n\t\t\t\t\t<\/p>\n\t\t\t\t\t\t\t\t<p class=\"e-4408a22d-2809a88 paragraph-small text-balance e-paragraph-base\" data-interaction-id=\"4408a22d\"  data-e-type=\"widget\" data-id=\"4408a22d\">\n\t\t\t\t\t\t\t\t<strong>Silent Circle'a g\u00fcvenenler:<\/strong><br>- Y\u00f6netici ileti\u015fimi i\u00e7in Fortune 500 \u015firketleri<br>- 100'den fazla \u00fclkede devlet kurumlar\u0131<br>- D\u00fc\u015fmanca ortamlarda faaliyet g\u00f6steren STK'lar<br>- Y\u00fcksek riskli b\u00f6lgelerde kaynaklar\u0131n\u0131 koruyan gazeteciler<br>- G\u00fc\u00e7l\u00fc bir kriptografi ekibiyle 2003'ten beri aktif\n\t\t\t\t\t<\/p>\n\t\t\t\t\t\t\t<h2 \n\t\tdata-interaction-id=\"7e24ba51\" \n\t\tclass=\"text-balance e-7e24ba51-a4a913e e-heading-base\" \n\t\t \n\t\tdata-e-type=\"widget\" data-id=\"7e24ba51\"\n\t>\n\t\n\t\t\tTemel \u00f6zellikler\n\t\t<\/h2>\n\t\t\t\t\t\t\t\t<p class=\"e-4d9022ea-4620124 paragraph-small text-balance e-paragraph-base\" data-interaction-id=\"4d9022ea\"  data-e-type=\"widget\" data-id=\"4d9022ea\">\n\t\t\t\t\t\t\t\t<strong>S\u0131n\u0131rs\u0131z E\u015fler Aras\u0131 Arama<\/strong><br>Sessiz Telefon \u00fcyeleri aras\u0131nda s\u0131n\u0131rs\u0131z konu\u015fma, metin, video ve konferans aramalar\u0131. S\u0131n\u0131r yok, dakika ba\u015f\u0131na \u00fccret yok, taviz yok. <br><br>\n\t\t\t\t\t<\/p>\n\t\t\t\t\t\t\t\t<p class=\"e-72cff219-ba85c25 paragraph-small text-balance e-paragraph-base\" data-interaction-id=\"72cff219\"  data-e-type=\"widget\" data-id=\"72cff219\">\n\t\t\t\t\t\t\t\t<strong>U\u00e7tan Uca \u015eifreli ve Kimlik Do\u011frulamal\u0131<\/strong><br>Sessiz Telefon, sohbetlerinizin tamamen \u00f6zel ve yaln\u0131zca sizinle di\u011fer ki\u015fi aras\u0131nda olmas\u0131n\u0131 sa\u011flar. T\u00fcm \u015fifreleme sizin cihaz\u0131n\u0131zda ger\u00e7ekle\u015fir. Kimse gizlice dinleyemez - Silent Circle bile.  <br><br>\n\t\t\t\t\t<\/p>\n\t\t\t\t\t\t\t\t<p class=\"e-3598a02-969d0c6 paragraph-small text-balance e-paragraph-base\" data-interaction-id=\"3598a02\"  data-e-type=\"widget\" data-id=\"3598a02\">\n\t\t\t\t\t\t\t\t<strong>Veri Minimizasyonu<\/strong><br>\u00c7ok fazla veri depolamak riskli olabilir. Bir\u00e7ok sa\u011flay\u0131c\u0131 \"her ihtimale kar\u015f\u0131\" fazladan veri kaydederken, Silent Circle yaln\u0131zca kesinlikle gerekli olanlar\u0131 saklar. IP adresi takibi yok, arama kay\u0131tlar\u0131 yok, kullan\u0131c\u0131lar aras\u0131nda mesaj kay\u0131tlar\u0131 yok.  <br><br>\n\t\t\t\t\t<\/p>\n\t\t\t\t\t\t\t<h2 \n\t\tdata-interaction-id=\"6d52c625\" \n\t\tclass=\"text-balance e-6d52c625-d514665 e-heading-base\" \n\t\t \n\t\tdata-e-type=\"widget\" data-id=\"6d52c625\"\n\t>\n\t\n\t\t\tNeler dahildir\n\t\t<\/h2>\n\t\t\t\t\t\t\t\t<p class=\"e-3d3f9272-32d0671 paragraph-small text-balance e-paragraph-base\" data-interaction-id=\"3d3f9272\"  data-e-type=\"widget\" data-id=\"3d3f9272\">\n\t\t\t\t\t\t\t\t<strong>\u015eifrelenmi\u015f sesli aramalar -<\/strong> U\u00e7tan uca \u015fifreleme ile kristal netli\u011finde aramalar. Kay\u0131t yok, g\u00fcnl\u00fck yok, meta veri yok. <br><br><strong>\u015eifreli g\u00f6r\u00fcnt\u00fcl\u00fc aramalar -<\/strong> Risk olmadan y\u00fcz y\u00fcze toplant\u0131lar. K\u00fcresel olarak \u00e7al\u0131\u015f\u0131r. <br><br><strong>G\u00fcvenli mesajla\u015fma -<\/strong> Tam Burn i\u015flevselli\u011fi ile metin, sesli mesajlar ve 100 MB'a kadar dosya payla\u015f\u0131m\u0131.<br><br><strong>Konferans aramalar\u0131 -<\/strong> Ekip koordinasyonu i\u00e7in \u00e7ok tarafl\u0131 \u015fifreli aramalar.<br><br><strong>Dosya aktar\u0131m\u0131 -<\/strong> Belgeleri ve dosyalar\u0131 aramalar\u0131n\u0131zla ayn\u0131 \u015fifrelemeyle g\u00f6nderin.\n\t\t\t\t\t<\/p>\n\t\t\t\t\t\t\t<h2 \n\t\tdata-interaction-id=\"73c6aa41\" \n\t\tclass=\"text-balance e-73c6aa41-793f411 e-heading-base\" \n\t\t \n\t\tdata-e-type=\"widget\" data-id=\"73c6aa41\"\n\t>\n\t\n\t\t\tSilent Circle vs Sinyal\n\t\t<\/h2>\n\t\t\t\t\t\t\t\t<p class=\"e-1292be29-d0324e0 paragraph-small text-balance e-paragraph-base\" data-interaction-id=\"1292be29\"  data-e-type=\"widget\" data-id=\"1292be29\">\n\t\t\t\t\t\t\t\tSignal m\u00fckemmel - ve \u00fccretsiz. Peki Silent Circle i\u00e7in neden para \u00f6deyelim? \n\t\t\t\t\t<\/p>\n\t\t\t\t\t\t\t\t<p class=\"e-7e173325-cc481ab paragraph-small text-balance e-paragraph-base\" data-interaction-id=\"7e173325\"  data-e-type=\"widget\" data-id=\"7e173325\">\n\t\t\t\t\t\t\t\t<strong>- Kurumsal y\u00f6netim<\/strong> - Y\u00f6netici kontrolleri, kullan\u0131c\u0131 sa\u011flama, uyumluluk \u00f6zellikleri<br><strong>- \u00d6zel<\/strong> altyap\u0131 - Silent Circle <strong>kendi sunucular\u0131n\u0131<\/strong> \u00e7al\u0131\u015ft\u0131r\u0131r<br><strong> - \u0130svi\u00e7re yarg\u0131 yetkisi - ABD merkezli hizmetlerden daha g\u00fc\u00e7l\u00fc yasal <strong>koruma<\/strong><br>- <strong>Destek -<\/strong> Topluluk forumlar\u0131 de\u011fil, <strong>ger\u00e7ek<\/strong> destek ekibi<br>- Konferans aramalar\u0131 - Yerel \u015fifreli grup aramalar\u0131<\/strong>\n\t\t\t\t\t<\/p>\n\t\t\t\t\t\t\t\t<p class=\"e-7fb61e3b-fac6f7b paragraph-small text-balance e-paragraph-base\" data-interaction-id=\"7fb61e3b\"  data-e-type=\"widget\" data-id=\"7fb61e3b\">\n\t\t\t\t\t\t\t\tKi\u015fisel kullan\u0131m i\u00e7in Signal genellikle yeterlidir. \u0130leti\u015fimin mahkeme celbine konu olabilece\u011fi veya dinlenebilece\u011fi profesyonel kullan\u0131m i\u00e7in Silent Circle standartt\u0131r. \n\t\t\t\t\t<\/p>\n\t\t\t\t\t\t\t<h2 \n\t\tdata-interaction-id=\"2c538c3d\" \n\t\tclass=\"text-balance e-2c538c3d-cd568ff e-heading-base\" \n\t\t \n\t\tdata-e-type=\"widget\" data-id=\"2c538c3d\"\n\t>\n\t\n\t\t\tNas\u0131l \u00e7al\u0131\u015f\u0131r\n\t\t<\/h2>\n\t\t\t\t\t\t\t\t<p class=\"e-115c02a0-f1adb71 paragraph-small text-balance e-paragraph-base\" data-interaction-id=\"115c02a0\"  data-e-type=\"widget\" data-id=\"115c02a0\">\n\t\t\t\t\t\t\t\t<strong>1. Plan\u0131n\u0131z\u0131 se\u00e7in -<\/strong> 3, 6 veya 12 ay se\u00e7in.<br><br><strong>2. Lisans\u0131n\u0131z\u0131 teslim ediyoruz -<\/strong> Tercih etti\u011finiz mesajla\u015fma program\u0131 (E-posta, WhatsApp, Signal veya Telegram) arac\u0131l\u0131\u011f\u0131yla g\u00f6nderilen kupon kodu.<br><br><strong>3. Kurun ve etkinle\u015ftirin -<\/strong> Silent Phone'u indirin, kodunuzu girin. Android, iOS, Silent OS ve CryptPhone \u00fczerinde \u00e7al\u0131\u015f\u0131r. <br><br><strong>4. G\u00fcvenli ileti\u015fim kurun -<\/strong> Tam \u015fifreleme ile aray\u0131n ve mesaj g\u00f6nderin.\n\t\t\t\t\t<\/p>\n\t\t\t\t\t\t\t<h2 \n\t\tdata-interaction-id=\"df6e15f\" \n\t\tclass=\"text-balance e-df6e15f-2952d09 e-heading-base\" \n\t\t \n\t\tdata-e-type=\"widget\" data-id=\"df6e15f\"\n\t>\n\t\n\t\t\tCryptPhones ile m\u00fckemmel \u00e7al\u0131\u015f\u0131r\n\t\t<\/h2>\n\t\t\t\t\t\t\t\t<p class=\"e-34ef8747-e87d15a paragraph-small text-balance e-paragraph-base\" data-interaction-id=\"34ef8747\"  data-e-type=\"widget\" data-id=\"34ef8747\">\n\t\t\t\t\t\t\t\tSilent Circle, GrapheneOS cihazlar\u0131m\u0131z i\u00e7in \u00f6nceden onaylanm\u0131\u015ft\u0131r. Bir CryptPhone \u00fczerinde Sessiz Telefon \u00e7al\u0131\u015ft\u0131rmak size iki katmanl\u0131 koruma sa\u011flar: sizi g\u00f6zetlemeyen bir i\u015fletim sistemi ve dinlenemeyen ileti\u015fimler. \n\t\t\t\t\t<\/p>\n\t\t\t\t\t\t\t\t<p class=\"e-14e149da-32566e8 paragraph-small text-balance e-paragraph-base\" data-interaction-id=\"14e149da\"  data-e-type=\"widget\" data-id=\"14e149da\">\n\t\t\t\t\t\t\t\tSilent Circle'\u0131 g\u00f6ndermeden \u00f6nce CryptPhone'unuza \u00f6nceden y\u00fckleyebilir ve yap\u0131land\u0131rabiliriz - sadece isteyin.\n\t\t\t\t\t<\/p>\n\t\t\t\t\t\t\t<h2 \n\t\tdata-interaction-id=\"4293c14b\" \n\t\tclass=\"text-balance e-4293c14b-aec1424 e-heading-base\" \n\t\t \n\t\tdata-e-type=\"widget\" data-id=\"4293c14b\"\n\t>\n\t\n\t\t\tS\u0131k\u00e7a sorulan sorular\n\t\t<\/h2>\n\t\t\t\t<div class=\"elementor-element elementor-element-2b4b5b9b elementor-widget elementor-widget-n-accordion\" data-id=\"2b4b5b9b\" data-element_type=\"widget\" data-e-type=\"widget\" data-settings=\"{&quot;default_state&quot;:&quot;expanded&quot;,&quot;max_items_expended&quot;:&quot;one&quot;,&quot;n_accordion_animation_duration&quot;:{&quot;unit&quot;:&quot;ms&quot;,&quot;size&quot;:400,&quot;sizes&quot;:[]}}\" data-widget_type=\"nested-accordion.default\">\n\t\t\t\t\t\t\t<div class=\"e-n-accordion\" aria-label=\"Accordion. Open links with Enter or Space, close with Escape, and navigate with Arrow Keys\">\n\t\t\t\t\t\t<details id=\"e-n-accordion-item-7260\" class=\"e-n-accordion-item\" open>\n\t\t\t\t<summary class=\"e-n-accordion-item-title\" data-accordion-index=\"1\" tabindex=\"0\" aria-expanded=\"true\" aria-controls=\"e-n-accordion-item-7260\" >\n\t\t\t\t\t<span class='e-n-accordion-item-title-header'><div class=\"e-n-accordion-item-title-text\"> Lisans\u0131m\u0131 nas\u0131l alabilirim? <\/div><\/span>\n\t\t\t\t\t\t\t<span class='e-n-accordion-item-title-icon'>\n\t\t\t<span class='e-opened' ><svg aria-hidden=\"true\" class=\"e-font-icon-svg e-fas-minus\" viewBox=\"0 0 448 512\" xmlns=\"http:\/\/www.w3.org\/2000\/svg\"><path d=\"M416 208H32c-17.67 0-32 14.33-32 32v32c0 17.67 14.33 32 32 32h384c17.67 0 32-14.33 32-32v-32c0-17.67-14.33-32-32-32z\"><\/path><\/svg><\/span>\n\t\t\t<span class='e-closed'><svg aria-hidden=\"true\" class=\"e-font-icon-svg e-fas-plus\" viewBox=\"0 0 448 512\" xmlns=\"http:\/\/www.w3.org\/2000\/svg\"><path d=\"M416 208H272V64c0-17.67-14.33-32-32-32h-32c-17.67 0-32 14.33-32 32v144H32c-17.67 0-32 14.33-32 32v32c0 17.67 14.33 32 32 32h144v144c0 17.67 14.33 32 32 32h32c17.67 0 32-14.33 32-32V304h144c17.67 0 32-14.33 32-32v-32c0-17.67-14.33-32-32-32z\"><\/path><\/svg><\/span>\n\t\t<\/span>\n\n\t\t\t\t\t\t<\/summary>\n\t\t\t\t<div role=\"region\" aria-labelledby=\"e-n-accordion-item-7260\" class=\"elementor-element elementor-element-56c6432c e-con-full e-flex e-con e-child\" data-id=\"56c6432c\" data-element_type=\"container\" data-e-type=\"container\">\n\t\t\t\t\t\t\t\t<p class=\"paragraph-small e-paragraph-base\" data-interaction-id=\"223bc60d\"  data-e-type=\"widget\" data-id=\"223bc60d\">\n\t\t\t\t\t\t\t\tSat\u0131n ald\u0131ktan sonra, Silent Circle kupon kodunuzu se\u00e7ti\u011finiz mesajla\u015fma program\u0131 arac\u0131l\u0131\u011f\u0131yla g\u00f6nderiyoruz - E-posta, WhatsApp, Signal veya Telegram. Kod, aktivasyon i\u00e7in veya mevcut hesab\u0131n\u0131za y\u00fckleme yapmak i\u00e7in kullan\u0131labilir. Cryptvice ile hesap ba\u011flant\u0131s\u0131 yok, ka\u011f\u0131t izi yok.  \n\t\t\t\t\t<\/p>\n\t\t\t\t<\/div>\n\t\t\t\t\t<\/details>\n\t\t\t\t\t\t<details id=\"e-n-accordion-item-7261\" class=\"e-n-accordion-item\" >\n\t\t\t\t<summary class=\"e-n-accordion-item-title\" data-accordion-index=\"2\" tabindex=\"-1\" aria-expanded=\"false\" aria-controls=\"e-n-accordion-item-7261\" >\n\t\t\t\t\t<span class='e-n-accordion-item-title-header'><div class=\"e-n-accordion-item-title-text\"> Silent Circle'a sahip olmayan ki\u015fileri arayabilir miyim? <\/div><\/span>\n\t\t\t\t\t\t\t<span class='e-n-accordion-item-title-icon'>\n\t\t\t<span class='e-opened' ><svg aria-hidden=\"true\" class=\"e-font-icon-svg e-fas-minus\" viewBox=\"0 0 448 512\" xmlns=\"http:\/\/www.w3.org\/2000\/svg\"><path d=\"M416 208H32c-17.67 0-32 14.33-32 32v32c0 17.67 14.33 32 32 32h384c17.67 0 32-14.33 32-32v-32c0-17.67-14.33-32-32-32z\"><\/path><\/svg><\/span>\n\t\t\t<span class='e-closed'><svg aria-hidden=\"true\" class=\"e-font-icon-svg e-fas-plus\" viewBox=\"0 0 448 512\" xmlns=\"http:\/\/www.w3.org\/2000\/svg\"><path d=\"M416 208H272V64c0-17.67-14.33-32-32-32h-32c-17.67 0-32 14.33-32 32v144H32c-17.67 0-32 14.33-32 32v32c0 17.67 14.33 32 32 32h144v144c0 17.67 14.33 32 32 32h32c17.67 0 32-14.33 32-32V304h144c17.67 0 32-14.33 32-32v-32c0-17.67-14.33-32-32-32z\"><\/path><\/svg><\/span>\n\t\t<\/span>\n\n\t\t\t\t\t\t<\/summary>\n\t\t\t\t<div role=\"region\" aria-labelledby=\"e-n-accordion-item-7261\" class=\"elementor-element elementor-element-409138f e-con-full e-flex e-con e-child\" data-id=\"409138f\" data-element_type=\"container\" data-e-type=\"container\">\n\t\t\t\t\t\t\t\t<p class=\"paragraph-small e-paragraph-base\" data-interaction-id=\"303a50bb\"  data-e-type=\"widget\" data-id=\"303a50bb\">\n\t\t\t\t\t\t\t\tEvet. Silent Circle, g\u00fcvenli SRTP arac\u0131l\u0131\u011f\u0131yla normal telefon numaralar\u0131na giden aramalar\u0131 destekler. Ancak, yaln\u0131zca Silent Circle kullan\u0131c\u0131lar\u0131 aras\u0131ndaki aramalar tamamen u\u00e7tan uca \u015fifrelenir.  \n\t\t\t\t\t<\/p>\n\t\t\t\t<\/div>\n\t\t\t\t\t<\/details>\n\t\t\t\t\t\t<details id=\"e-n-accordion-item-7262\" class=\"e-n-accordion-item\" >\n\t\t\t\t<summary class=\"e-n-accordion-item-title\" data-accordion-index=\"3\" tabindex=\"-1\" aria-expanded=\"false\" aria-controls=\"e-n-accordion-item-7262\" >\n\t\t\t\t\t<span class='e-n-accordion-item-title-header'><div class=\"e-n-accordion-item-title-text\"> Silent Circle iPhone'da \u00e7al\u0131\u015f\u0131yor mu? <\/div><\/span>\n\t\t\t\t\t\t\t<span class='e-n-accordion-item-title-icon'>\n\t\t\t<span class='e-opened' ><svg aria-hidden=\"true\" class=\"e-font-icon-svg e-fas-minus\" viewBox=\"0 0 448 512\" xmlns=\"http:\/\/www.w3.org\/2000\/svg\"><path d=\"M416 208H32c-17.67 0-32 14.33-32 32v32c0 17.67 14.33 32 32 32h384c17.67 0 32-14.33 32-32v-32c0-17.67-14.33-32-32-32z\"><\/path><\/svg><\/span>\n\t\t\t<span class='e-closed'><svg aria-hidden=\"true\" class=\"e-font-icon-svg e-fas-plus\" viewBox=\"0 0 448 512\" xmlns=\"http:\/\/www.w3.org\/2000\/svg\"><path d=\"M416 208H272V64c0-17.67-14.33-32-32-32h-32c-17.67 0-32 14.33-32 32v144H32c-17.67 0-32 14.33-32 32v32c0 17.67 14.33 32 32 32h144v144c0 17.67 14.33 32 32 32h32c17.67 0 32-14.33 32-32V304h144c17.67 0 32-14.33 32-32v-32c0-17.67-14.33-32-32-32z\"><\/path><\/svg><\/span>\n\t\t<\/span>\n\n\t\t\t\t\t\t<\/summary>\n\t\t\t\t<div role=\"region\" aria-labelledby=\"e-n-accordion-item-7262\" class=\"elementor-element elementor-element-35741c83 e-con-full e-flex e-con e-child\" data-id=\"35741c83\" data-element_type=\"container\" data-e-type=\"container\">\n\t\t\t\t\t\t\t\t<p class=\"paragraph-small e-paragraph-base\" data-interaction-id=\"f44aa2f\"  data-e-type=\"widget\" data-id=\"f44aa2f\">\n\t\t\t\t\t\t\t\tEvet. Silent Phone iOS, Android ve Silent OS i\u00e7in kullan\u0131labilir. Maksimum gizlilik i\u00e7in, i\u015fletim sisteminin kendisinin sizi izlemedi\u011fi bir CryptPhone'da kullanman\u0131z\u0131 \u00f6neririz.  \n\t\t\t\t\t<\/p>\n\t\t\t\t<\/div>\n\t\t\t\t\t<\/details>\n\t\t\t\t\t\t<details id=\"e-n-accordion-item-7263\" class=\"e-n-accordion-item\" >\n\t\t\t\t<summary class=\"e-n-accordion-item-title\" data-accordion-index=\"4\" tabindex=\"-1\" aria-expanded=\"false\" aria-controls=\"e-n-accordion-item-7263\" >\n\t\t\t\t\t<span class='e-n-accordion-item-title-header'><div class=\"e-n-accordion-item-title-text\"> Lisans\u0131m\u0131n s\u00fcresi doldu\u011funda ne olur? <\/div><\/span>\n\t\t\t\t\t\t\t<span class='e-n-accordion-item-title-icon'>\n\t\t\t<span class='e-opened' ><svg aria-hidden=\"true\" class=\"e-font-icon-svg e-fas-minus\" viewBox=\"0 0 448 512\" xmlns=\"http:\/\/www.w3.org\/2000\/svg\"><path d=\"M416 208H32c-17.67 0-32 14.33-32 32v32c0 17.67 14.33 32 32 32h384c17.67 0 32-14.33 32-32v-32c0-17.67-14.33-32-32-32z\"><\/path><\/svg><\/span>\n\t\t\t<span class='e-closed'><svg aria-hidden=\"true\" class=\"e-font-icon-svg e-fas-plus\" viewBox=\"0 0 448 512\" xmlns=\"http:\/\/www.w3.org\/2000\/svg\"><path d=\"M416 208H272V64c0-17.67-14.33-32-32-32h-32c-17.67 0-32 14.33-32 32v144H32c-17.67 0-32 14.33-32 32v32c0 17.67 14.33 32 32 32h144v144c0 17.67 14.33 32 32 32h32c17.67 0 32-14.33 32-32V304h144c17.67 0 32-14.33 32-32v-32c0-17.67-14.33-32-32-32z\"><\/path><\/svg><\/span>\n\t\t<\/span>\n\n\t\t\t\t\t\t<\/summary>\n\t\t\t\t<div role=\"region\" aria-labelledby=\"e-n-accordion-item-7263\" class=\"elementor-element elementor-element-17c51616 e-con-full e-flex e-con e-child\" data-id=\"17c51616\" data-element_type=\"container\" data-e-type=\"container\">\n\t\t\t\t\t\t\t\t<p class=\"paragraph-small e-paragraph-base\" data-interaction-id=\"23b5c44b\"  data-e-type=\"widget\" data-id=\"23b5c44b\">\n\t\t\t\t\t\t\t\tUygulaman\u0131z arama ve mesaj almak i\u00e7in \u00e7al\u0131\u015fmaya devam eder, ancak siz yenileyene kadar yeni ileti\u015fim ba\u015flatamazs\u0131n\u0131z. Mesaj ge\u00e7mi\u015fi cihaz\u0131n\u0131zda \u015fifrelenmi\u015f olarak kal\u0131r. \n\t\t\t\t\t<\/p>\n\t\t\t\t<\/div>\n\t\t\t\t\t<\/details>\n\t\t\t\t\t\t<details id=\"e-n-accordion-item-7264\" class=\"e-n-accordion-item\" >\n\t\t\t\t<summary class=\"e-n-accordion-item-title\" data-accordion-index=\"5\" tabindex=\"-1\" aria-expanded=\"false\" aria-controls=\"e-n-accordion-item-7264\" >\n\t\t\t\t\t<span class='e-n-accordion-item-title-header'><div class=\"e-n-accordion-item-title-text\"> Silent Circle anonim mi? <\/div><\/span>\n\t\t\t\t\t\t\t<span class='e-n-accordion-item-title-icon'>\n\t\t\t<span class='e-opened' ><svg aria-hidden=\"true\" class=\"e-font-icon-svg e-fas-minus\" viewBox=\"0 0 448 512\" xmlns=\"http:\/\/www.w3.org\/2000\/svg\"><path d=\"M416 208H32c-17.67 0-32 14.33-32 32v32c0 17.67 14.33 32 32 32h384c17.67 0 32-14.33 32-32v-32c0-17.67-14.33-32-32-32z\"><\/path><\/svg><\/span>\n\t\t\t<span class='e-closed'><svg aria-hidden=\"true\" class=\"e-font-icon-svg e-fas-plus\" viewBox=\"0 0 448 512\" xmlns=\"http:\/\/www.w3.org\/2000\/svg\"><path d=\"M416 208H272V64c0-17.67-14.33-32-32-32h-32c-17.67 0-32 14.33-32 32v144H32c-17.67 0-32 14.33-32 32v32c0 17.67 14.33 32 32 32h144v144c0 17.67 14.33 32 32 32h32c17.67 0 32-14.33 32-32V304h144c17.67 0 32-14.33 32-32v-32c0-17.67-14.33-32-32-32z\"><\/path><\/svg><\/span>\n\t\t<\/span>\n\n\t\t\t\t\t\t<\/summary>\n\t\t\t\t<div role=\"region\" aria-labelledby=\"e-n-accordion-item-7264\" class=\"elementor-element elementor-element-4787f53f e-con-full e-flex e-con e-child\" data-id=\"4787f53f\" data-element_type=\"container\" data-e-type=\"container\">\n\t\t\t\t\t\t\t\t<p class=\"paragraph-small e-paragraph-base\" data-interaction-id=\"4c64be07\"  data-e-type=\"widget\" data-id=\"4c64be07\">\n\t\t\t\t\t\t\t\tSilent Circle etkinle\u015ftirmek i\u00e7in ki\u015fisel bilgi gerektirmez. Cryptvice (kripto kabul edilir) \u00fczerinden sat\u0131n alma ile birlikte, minimum kimlik if\u015fas\u0131 ile kullanabilirsiniz. \n\t\t\t\t\t<\/p>\n\t\t\t\t<\/div>\n\t\t\t\t\t<\/details>\n\t\t\t\t\t\t<details id=\"e-n-accordion-item-7265\" class=\"e-n-accordion-item\" >\n\t\t\t\t<summary class=\"e-n-accordion-item-title\" data-accordion-index=\"6\" tabindex=\"-1\" aria-expanded=\"false\" aria-controls=\"e-n-accordion-item-7265\" >\n\t\t\t\t\t<span class='e-n-accordion-item-title-header'><div class=\"e-n-accordion-item-title-text\"> Burn i\u015flevi nedir? <\/div><\/span>\n\t\t\t\t\t\t\t<span class='e-n-accordion-item-title-icon'>\n\t\t\t<span class='e-opened' ><svg aria-hidden=\"true\" class=\"e-font-icon-svg e-fas-minus\" viewBox=\"0 0 448 512\" xmlns=\"http:\/\/www.w3.org\/2000\/svg\"><path d=\"M416 208H32c-17.67 0-32 14.33-32 32v32c0 17.67 14.33 32 32 32h384c17.67 0 32-14.33 32-32v-32c0-17.67-14.33-32-32-32z\"><\/path><\/svg><\/span>\n\t\t\t<span class='e-closed'><svg aria-hidden=\"true\" class=\"e-font-icon-svg e-fas-plus\" viewBox=\"0 0 448 512\" xmlns=\"http:\/\/www.w3.org\/2000\/svg\"><path d=\"M416 208H272V64c0-17.67-14.33-32-32-32h-32c-17.67 0-32 14.33-32 32v144H32c-17.67 0-32 14.33-32 32v32c0 17.67 14.33 32 32 32h144v144c0 17.67 14.33 32 32 32h32c17.67 0 32-14.33 32-32V304h144c17.67 0 32-14.33 32-32v-32c0-17.67-14.33-32-32-32z\"><\/path><\/svg><\/span>\n\t\t<\/span>\n\n\t\t\t\t\t\t<\/summary>\n\t\t\t\t<div role=\"region\" aria-labelledby=\"e-n-accordion-item-7265\" class=\"elementor-element elementor-element-5b943559 e-con-full e-flex e-con e-child\" data-id=\"5b943559\" data-element_type=\"container\" data-e-type=\"container\">\n\t\t\t\t\t\t\t\t<p class=\"paragraph-small e-paragraph-base\" data-interaction-id=\"5c5bbe71\"  data-e-type=\"widget\" data-id=\"5c5bbe71\">\n\t\t\t\t\t\t\t\tBurn, mesajlar\u0131 ve dosyalar\u0131 saniyelerden g\u00fcnlere kadar belirli bir s\u00fcre sonra otomatik olarak silinecek \u015fekilde ayarlaman\u0131za olanak tan\u0131r. Yak\u0131ld\u0131ktan sonra i\u00e7erik her iki cihazdan da kal\u0131c\u0131 olarak silinir. \n\t\t\t\t\t<\/p>\n\t\t\t\t<\/div>\n\t\t\t\t\t<\/details>\n\t\t\t\t\t<\/div>\n\t\t\t\t\t\t<\/div>\n\t\t\t\t\t<\/div>\n\t\t\t\t<\/div>\n\t\t\t\t<\/div>\n\t\t","protected":false},"excerpt":{"rendered":"<p>Sinyal iyidir. Silent Circle, iyi yeterli olmad\u0131\u011f\u0131nda h\u00fck\u00fcmetlerin ve Fortune 500 \u015firketlerinin kulland\u0131\u011f\u0131 \u015feydir. <\/p>\n<p>Silent Circle kurumsal d\u00fczeyde \u015fifreli ileti\u015fim sa\u011flar - sesli aramalar, g\u00f6r\u00fcnt\u00fcl\u00fc aramalar, mesajla\u015fma, dosya payla\u015f\u0131m\u0131 ve konferans g\u00f6r\u00fc\u015fmeleri. Her iletim u\u00e7tan uca \u015fifrelenir ve hi\u00e7bir meta veri saklanmaz. Konu\u015fmalar\u0131n\u0131z sadece kaybolmaz - hi\u00e7bir sunucuda asla var olmazlar.  <\/p>\n<p>\u2713 S\u0131n\u0131rs\u0131z \u015fifreli sesli ve g\u00f6r\u00fcnt\u00fcl\u00fc arama<br \/>\n\u2713 G\u00fcvenli mesajla\u015fma ve dosya transferi<br \/>\n\u2713 Tam \u015fifrelemeli konferans g\u00f6r\u00fc\u015fmeleri<br \/>\n\u2713 S\u0131f\u0131r meta veri saklama<br \/>\n\u2713 CryptPhones (GrapheneOS) \u00fczerinde \u00e7al\u0131\u015f\u0131r<br \/>\n\u2713 Tercih etti\u011finiz messenger \u00fczerinden lisans teslimat\u0131<\/p>\n<p>3, 6 veya 12 ay se\u00e7in. Aktivasyon kodunuzu do\u011frudan g\u00f6nderiyoruz - hesap ba\u011flant\u0131s\u0131 yok, ka\u011f\u0131t izi yok. <\/p>\n","protected":false},"featured_media":45963,"comment_status":"open","ping_status":"closed","template":"","meta":[],"product_brand":[],"product_cat":[6584],"product_tag":[],"class_list":{"0":"post-64374","1":"product","2":"type-product","3":"status-publish","4":"has-post-thumbnail","6":"product_cat-uncategorized-tr","7":"product_shipping_class-dijital","8":"pa_accessory-type-software-license","9":"pa_accessory-type-yazilim-lisansi","10":"pa_brand-silent-circle","12":"pa_supported-os-android","14":"pa_supported-os-ios","17":"first","18":"outofstock","19":"taxable","20":"shipping-taxable","21":"purchasable","22":"product-type-variable","23":"has-default-attributes"},"_links":{"self":[{"href":"https:\/\/www.cryptvice.com\/tr\/wp-json\/wp\/v2\/product\/64374","targetHints":{"allow":["GET"]}}],"collection":[{"href":"https:\/\/www.cryptvice.com\/tr\/wp-json\/wp\/v2\/product"}],"about":[{"href":"https:\/\/www.cryptvice.com\/tr\/wp-json\/wp\/v2\/types\/product"}],"replies":[{"embeddable":true,"href":"https:\/\/www.cryptvice.com\/tr\/wp-json\/wp\/v2\/comments?post=64374"}],"version-history":[{"count":0,"href":"https:\/\/www.cryptvice.com\/tr\/wp-json\/wp\/v2\/product\/64374\/revisions"}],"wp:featuredmedia":[{"embeddable":true,"href":"https:\/\/www.cryptvice.com\/tr\/wp-json\/wp\/v2\/media\/45963"}],"wp:attachment":[{"href":"https:\/\/www.cryptvice.com\/tr\/wp-json\/wp\/v2\/media?parent=64374"}],"wp:term":[{"taxonomy":"product_brand","embeddable":true,"href":"https:\/\/www.cryptvice.com\/tr\/wp-json\/wp\/v2\/product_brand?post=64374"},{"taxonomy":"product_cat","embeddable":true,"href":"https:\/\/www.cryptvice.com\/tr\/wp-json\/wp\/v2\/product_cat?post=64374"},{"taxonomy":"product_tag","embeddable":true,"href":"https:\/\/www.cryptvice.com\/tr\/wp-json\/wp\/v2\/product_tag?post=64374"}],"curies":[{"name":"wp","href":"https:\/\/api.w.org\/{rel}","templated":true}]}}