{"id":64906,"date":"2025-06-13T11:30:17","date_gmt":"2025-06-13T09:30:17","guid":{"rendered":"https:\/\/www.cryptvice.com\/shop\/iphone-14-plus-privacy-screen-protector\/"},"modified":"2026-03-13T10:44:25","modified_gmt":"2026-03-13T08:44:25","slug":"iphone-14-plus-privacy-screen-protector","status":"publish","type":"product","link":"https:\/\/www.cryptvice.com\/tr\/shop\/iphone-14-plus-privacy-screen-protector\/","title":{"rendered":"iPhone 14 Plus - Gizlilik Ekran Koruyucu"},"content":{"rendered":"\t\t<div data-elementor-type=\"product-post\" data-elementor-id=\"64906\" class=\"elementor elementor-64906 elementor-43608\" data-elementor-post-type=\"product\">\n\t\t\t\t<div class=\"wd-negative-gap elementor-element elementor-element-761e2ec7 e-flex e-con-boxed e-con e-parent\" data-id=\"761e2ec7\" data-element_type=\"container\" data-e-type=\"container\">\n\t\t\t\t\t<div class=\"e-con-inner\">\n\t\t\t\t\t<\/div>\n\t\t\t\t<\/div>\n\t\t\t\t<\/div>\n\t\t","protected":false},"excerpt":{"rendered":"<p>iPhone 14 Plus - Casusluk \u00f6nleyici filtreli ve kayar \u00f6n kamera kapakl\u0131 Gizlilik Ekran Koruyucu. Geni\u015f 6,7 in\u00e7 ekran\u0131n geni\u015f a\u00e7\u0131lardan okunmas\u0131 kolayd\u0131r - bu cam bunu d\u00fczeltir. Kamera s\u00fcrg\u00fcs\u00fc \u00f6n lensi fiziksel olarak engeller. Face ID normal \u015fekilde \u00e7al\u0131\u015f\u0131r.   <\/p>\n<p>Mikro panjurlu gizlilik katman\u0131na sahip 9H temperli cam<br \/>\n\u2713 Cam\u0131n i\u00e7ine yerle\u015ftirilmi\u015f \u00f6n kamera kayd\u0131r\u0131c\u0131s\u0131<br \/>\n\u2713 Face ID tan\u0131ma \u00f6zelli\u011fi etkilenmez<br \/>\n\u2713 Parmak izine dayan\u0131kl\u0131 oleofobik y\u00fczey<br \/>\n\u2713 iPhone 14 Plus i\u00e7in hassas uyum<\/p>\n","protected":false},"featured_media":45916,"comment_status":"closed","ping_status":"closed","template":"","meta":[],"product_brand":[],"product_cat":[2413],"product_tag":[],"class_list":{"0":"post-64906","1":"product","2":"type-product","3":"status-publish","4":"has-post-thumbnail","6":"product_cat-ekran-koruyucular","7":"product_shipping_class-posta-kutusu-paketi-gizlilik-araclari","9":"first","10":"instock","11":"taxable","12":"shipping-taxable","13":"purchasable","14":"product-type-simple"},"_links":{"self":[{"href":"https:\/\/www.cryptvice.com\/tr\/wp-json\/wp\/v2\/product\/64906","targetHints":{"allow":["GET"]}}],"collection":[{"href":"https:\/\/www.cryptvice.com\/tr\/wp-json\/wp\/v2\/product"}],"about":[{"href":"https:\/\/www.cryptvice.com\/tr\/wp-json\/wp\/v2\/types\/product"}],"replies":[{"embeddable":true,"href":"https:\/\/www.cryptvice.com\/tr\/wp-json\/wp\/v2\/comments?post=64906"}],"version-history":[{"count":0,"href":"https:\/\/www.cryptvice.com\/tr\/wp-json\/wp\/v2\/product\/64906\/revisions"}],"wp:featuredmedia":[{"embeddable":true,"href":"https:\/\/www.cryptvice.com\/tr\/wp-json\/wp\/v2\/media\/45916"}],"wp:attachment":[{"href":"https:\/\/www.cryptvice.com\/tr\/wp-json\/wp\/v2\/media?parent=64906"}],"wp:term":[{"taxonomy":"product_brand","embeddable":true,"href":"https:\/\/www.cryptvice.com\/tr\/wp-json\/wp\/v2\/product_brand?post=64906"},{"taxonomy":"product_cat","embeddable":true,"href":"https:\/\/www.cryptvice.com\/tr\/wp-json\/wp\/v2\/product_cat?post=64906"},{"taxonomy":"product_tag","embeddable":true,"href":"https:\/\/www.cryptvice.com\/tr\/wp-json\/wp\/v2\/product_tag?post=64906"}],"curies":[{"name":"wp","href":"https:\/\/api.w.org\/{rel}","templated":true}]}}