{"id":64988,"date":"2025-03-25T11:15:56","date_gmt":"2025-03-25T09:15:56","guid":{"rendered":"https:\/\/www.cryptvice.com\/shop\/pixel-9-privacy-screen-protector\/"},"modified":"2026-03-13T10:44:50","modified_gmt":"2026-03-13T08:44:50","slug":"pixel-9-privacy-screen-protector","status":"publish","type":"product","link":"https:\/\/www.cryptvice.com\/tr\/shop\/pixel-9-privacy-screen-protector\/","title":{"rendered":"Pixel 9 &#8211; Gizlilik Ekran Koruyucu"},"content":{"rendered":"\t\t<div data-elementor-type=\"product-post\" data-elementor-id=\"64988\" class=\"elementor elementor-64988 elementor-42253\" data-elementor-post-type=\"product\">\n\t\t\t\t<div class=\"wd-negative-gap elementor-element elementor-element-405438c1 e-flex e-con-boxed e-con e-parent\" data-id=\"405438c1\" data-element_type=\"container\" data-e-type=\"container\">\n\t\t\t\t\t<div class=\"e-con-inner\">\n\t\t\t\t\t<\/div>\n\t\t\t\t<\/div>\n\t\t\t\t<\/div>\n\t\t","protected":false},"excerpt":{"rendered":"<p>Google Pixel 9 gizlilik ekran koruyucusu, ekran g\u00f6r\u00fcn\u00fcrl\u00fc\u011f\u00fcn\u00fc yakla\u015f\u0131k 28 derece ile s\u0131n\u0131rlar. Ekran\u0131n\u0131z \u00f6nden normal g\u00f6r\u00fcn\u00fcr ve yanlardan karanl\u0131k olur. Ultrasonik parmak izi sens\u00f6r\u00fc ve Y\u00fcz Tan\u0131ma Kilidi ile \u00e7al\u0131\u015f\u0131r &#8211; biyometri ile etkile\u015fime girmez.  <\/p>\n<p>Mikro panjurlu gizlilik filtreli 9H temperli cam<br \/>\n\u2713 Ultrasonik parmak izi ve Y\u00fcz Tan\u0131ma Kilidi destekli<br \/>\n\u2713 Bula\u015fma \u00f6nleyici oleofobik kaplama<br \/>\n\u2713 Kabarc\u0131ks\u0131z temiz kurulum<br \/>\n\u2713 Google Pixel 9 i\u00e7in hassas uyum<\/p>\n","protected":false},"featured_media":45908,"comment_status":"open","ping_status":"closed","template":"","meta":[],"product_brand":[],"product_cat":[2413],"product_tag":[],"class_list":{"0":"post-64988","1":"product","2":"type-product","3":"status-publish","4":"has-post-thumbnail","6":"product_cat-ekran-koruyucular","7":"product_shipping_class-posta-kutusu-paketi-gizlilik-araclari","9":"first","10":"onbackorder","11":"taxable","12":"shipping-taxable","13":"purchasable","14":"product-type-simple"},"_links":{"self":[{"href":"https:\/\/www.cryptvice.com\/tr\/wp-json\/wp\/v2\/product\/64988","targetHints":{"allow":["GET"]}}],"collection":[{"href":"https:\/\/www.cryptvice.com\/tr\/wp-json\/wp\/v2\/product"}],"about":[{"href":"https:\/\/www.cryptvice.com\/tr\/wp-json\/wp\/v2\/types\/product"}],"replies":[{"embeddable":true,"href":"https:\/\/www.cryptvice.com\/tr\/wp-json\/wp\/v2\/comments?post=64988"}],"version-history":[{"count":0,"href":"https:\/\/www.cryptvice.com\/tr\/wp-json\/wp\/v2\/product\/64988\/revisions"}],"wp:featuredmedia":[{"embeddable":true,"href":"https:\/\/www.cryptvice.com\/tr\/wp-json\/wp\/v2\/media\/45908"}],"wp:attachment":[{"href":"https:\/\/www.cryptvice.com\/tr\/wp-json\/wp\/v2\/media?parent=64988"}],"wp:term":[{"taxonomy":"product_brand","embeddable":true,"href":"https:\/\/www.cryptvice.com\/tr\/wp-json\/wp\/v2\/product_brand?post=64988"},{"taxonomy":"product_cat","embeddable":true,"href":"https:\/\/www.cryptvice.com\/tr\/wp-json\/wp\/v2\/product_cat?post=64988"},{"taxonomy":"product_tag","embeddable":true,"href":"https:\/\/www.cryptvice.com\/tr\/wp-json\/wp\/v2\/product_tag?post=64988"}],"curies":[{"name":"wp","href":"https:\/\/api.w.org\/{rel}","templated":true}]}}