{"id":65048,"date":"2025-03-25T11:13:08","date_gmt":"2025-03-25T09:13:08","guid":{"rendered":"https:\/\/www.cryptvice.com\/shop\/pixel-9a-privacy-screen-protector\/"},"modified":"2026-03-13T10:45:15","modified_gmt":"2026-03-13T08:45:15","slug":"pixel-9a-privacy-screen-protector","status":"publish","type":"product","link":"https:\/\/www.cryptvice.com\/tr\/shop\/pixel-9a-privacy-screen-protector\/","title":{"rendered":"Pixel 9a &#8211; Gizlilik Ekran Koruyucu"},"content":{"rendered":"\t\t<div data-elementor-type=\"product-post\" data-elementor-id=\"65048\" class=\"elementor elementor-65048 elementor-42246\" data-elementor-post-type=\"product\">\n\t\t\t\t<div class=\"wd-negative-gap elementor-element elementor-element-2dda6ce e-flex e-con-boxed e-con e-parent\" data-id=\"2dda6ce\" data-element_type=\"container\" data-e-type=\"container\">\n\t\t\t\t\t<div class=\"e-con-inner\">\n\t\t\t\t\t<\/div>\n\t\t\t\t<\/div>\n\t\t\t\t<\/div>\n\t\t","protected":false},"excerpt":{"rendered":"<p>Google Pixel 9a gizlilik ekran koruyucusu, mikro panjur teknolojisini kullanarak ekran\u0131n\u0131z\u0131 yanlardan okunamaz hale getirir. Ba\u015ftan sona netlik tamamen korunur. Parmak izi okuyucu ve Y\u00fcz Tan\u0131ma Kilidi dahil olmak \u00fczere t\u00fcm biyometrik \u00f6zellikler cam sayesinde gecikme olmadan \u00e7al\u0131\u015f\u0131r.  <\/p>\n<p>28\u00b0 casusluk \u00f6nleyici filtreye sahip 9H temperli cam<br \/>\n\u2713 Parmak izi sens\u00f6r\u00fc ve Y\u00fcz Tan\u0131ma Kilidi tam uyumlu<br \/>\n\u2713 Parmak izine dayan\u0131kl\u0131 oleofobik y\u00fczey<br \/>\n\u2713 Kabarc\u0131ks\u0131z kutudan \u00e7\u0131kar \u00e7\u0131kmaz kurulum<br \/>\n\u2713 Google Pixel 9a i\u00e7in tasarlanm\u0131\u015ft\u0131r<\/p>\n","protected":false},"featured_media":45882,"comment_status":"open","ping_status":"closed","template":"","meta":[],"product_brand":[],"product_cat":[2413],"product_tag":[],"class_list":{"0":"post-65048","1":"product","2":"type-product","3":"status-publish","4":"has-post-thumbnail","6":"product_cat-ekran-koruyucular","7":"product_shipping_class-posta-kutusu-paketi-gizlilik-araclari","9":"first","10":"onbackorder","11":"taxable","12":"shipping-taxable","13":"purchasable","14":"product-type-simple"},"_links":{"self":[{"href":"https:\/\/www.cryptvice.com\/tr\/wp-json\/wp\/v2\/product\/65048","targetHints":{"allow":["GET"]}}],"collection":[{"href":"https:\/\/www.cryptvice.com\/tr\/wp-json\/wp\/v2\/product"}],"about":[{"href":"https:\/\/www.cryptvice.com\/tr\/wp-json\/wp\/v2\/types\/product"}],"replies":[{"embeddable":true,"href":"https:\/\/www.cryptvice.com\/tr\/wp-json\/wp\/v2\/comments?post=65048"}],"version-history":[{"count":0,"href":"https:\/\/www.cryptvice.com\/tr\/wp-json\/wp\/v2\/product\/65048\/revisions"}],"wp:featuredmedia":[{"embeddable":true,"href":"https:\/\/www.cryptvice.com\/tr\/wp-json\/wp\/v2\/media\/45882"}],"wp:attachment":[{"href":"https:\/\/www.cryptvice.com\/tr\/wp-json\/wp\/v2\/media?parent=65048"}],"wp:term":[{"taxonomy":"product_brand","embeddable":true,"href":"https:\/\/www.cryptvice.com\/tr\/wp-json\/wp\/v2\/product_brand?post=65048"},{"taxonomy":"product_cat","embeddable":true,"href":"https:\/\/www.cryptvice.com\/tr\/wp-json\/wp\/v2\/product_cat?post=65048"},{"taxonomy":"product_tag","embeddable":true,"href":"https:\/\/www.cryptvice.com\/tr\/wp-json\/wp\/v2\/product_tag?post=65048"}],"curies":[{"name":"wp","href":"https:\/\/api.w.org\/{rel}","templated":true}]}}