{"id":65108,"date":"2024-08-05T23:11:27","date_gmt":"2024-08-05T21:11:27","guid":{"rendered":"https:\/\/www.cryptvice.com\/shop\/google-pixel-8-pro-grapheneos-vpn-encrypted\/"},"modified":"2026-03-13T10:46:23","modified_gmt":"2026-03-13T08:46:23","slug":"google-pixel-8-pro-grapheneos-vpn-encrypted","status":"publish","type":"product","link":"https:\/\/www.cryptvice.com\/tr\/shop\/google-pixel-8-pro-grapheneos-vpn-encrypted\/","title":{"rendered":"Google Pixel 8 Pro GrapheneOS VPN \u015eifreli"},"content":{"rendered":"\t\t<div data-elementor-type=\"product-post\" data-elementor-id=\"65108\" class=\"elementor elementor-65108 elementor-20936\" data-elementor-post-type=\"product\">\n\t\t\t\t<div class=\"wd-negative-gap elementor-element elementor-element-3ce95c01 e-flex e-con-boxed e-con e-parent\" data-id=\"3ce95c01\" data-element_type=\"container\" data-e-type=\"container\">\n\t\t\t\t\t<div class=\"e-con-inner\">\n\t\t\t\t\t<\/div>\n\t\t\t\t<\/div>\n\t\t\t\t<\/div>\n\t\t","protected":false},"excerpt":{"rendered":"<p><em>Profesyonelce yap\u0131land\u0131r\u0131lm\u0131\u015f gizlilik ak\u0131ll\u0131 telefonu<\/em><\/p>\n<p>GrapheneOS \u00f6zellikli Google Pixel 8 Pro, gizlili\u011fi g\u00fc\u00e7lendirilmi\u015f bir i\u015fletim sistemiyle birlikte amiral gemisi performans\u0131 sunuyordu. Mevcut serimizde bu modelin yerini Pixel 9 Pro alm\u0131\u015ft\u0131r. <\/p>\n<p>Google Pixel 8 Pro donan\u0131m\u0131<br \/>\n\u2713 GrapheneOS \u00f6nceden y\u00fcklenmi\u015f ve yap\u0131land\u0131r\u0131lm\u0131\u015f<br \/>\n\u2713 VPN aboneli\u011fi etkinle\u015ftirildi ve haz\u0131r<br \/>\n\u2713 G\u00fcvenlik g\u00fc\u00e7lendirmesi uyguland\u0131<br \/>\n\u2713 2030&#8217;a kadar g\u00fcvenlik g\u00fcncellemeleri<\/p>\n<p><a href=\"https:\/\/www.cryptvice.com\/tr\/shop\/google-pixel-9-pro-grapheneos-vpn-encrypted\/\"><button>Google Pixel 9 Pro  <i class=\"fa-sharp fa-regular fa-arrow-right-long\"><\/i><\/button><\/a><\/p>\n<p>Ekonomik bir se\u00e7enek mi ar\u0131yorsunuz? Pixel 9a, daha d\u00fc\u015f\u00fck bir fiyata ayn\u0131 g\u00fcvenli\u011fi sunar. <\/p>\n<p><a href=\"https:\/\/www.cryptvice.com\/shop\/google-pixel-9-a-grapheneos-vpn-encrypted\/\"><button>Google Pixel 9a  <i class=\"fa-sharp fa-regular fa-arrow-right-long\"><\/i><\/button><\/a><\/p>\n","protected":false},"featured_media":43918,"comment_status":"closed","ping_status":"closed","template":"","meta":[],"product_brand":[],"product_cat":[1071],"product_tag":[],"class_list":{"0":"post-65108","1":"product","2":"type-product","3":"status-publish","4":"has-post-thumbnail","6":"product_cat-cryptphones","7":"product_shipping_class-kucuk-paket-telefon-yonlendirici","9":"first","10":"outofstock","11":"taxable","12":"shipping-taxable","13":"purchasable","14":"product-type-variable","15":"has-default-attributes"},"_links":{"self":[{"href":"https:\/\/www.cryptvice.com\/tr\/wp-json\/wp\/v2\/product\/65108","targetHints":{"allow":["GET"]}}],"collection":[{"href":"https:\/\/www.cryptvice.com\/tr\/wp-json\/wp\/v2\/product"}],"about":[{"href":"https:\/\/www.cryptvice.com\/tr\/wp-json\/wp\/v2\/types\/product"}],"replies":[{"embeddable":true,"href":"https:\/\/www.cryptvice.com\/tr\/wp-json\/wp\/v2\/comments?post=65108"}],"version-history":[{"count":0,"href":"https:\/\/www.cryptvice.com\/tr\/wp-json\/wp\/v2\/product\/65108\/revisions"}],"wp:featuredmedia":[{"embeddable":true,"href":"https:\/\/www.cryptvice.com\/tr\/wp-json\/wp\/v2\/media\/43918"}],"wp:attachment":[{"href":"https:\/\/www.cryptvice.com\/tr\/wp-json\/wp\/v2\/media?parent=65108"}],"wp:term":[{"taxonomy":"product_brand","embeddable":true,"href":"https:\/\/www.cryptvice.com\/tr\/wp-json\/wp\/v2\/product_brand?post=65108"},{"taxonomy":"product_cat","embeddable":true,"href":"https:\/\/www.cryptvice.com\/tr\/wp-json\/wp\/v2\/product_cat?post=65108"},{"taxonomy":"product_tag","embeddable":true,"href":"https:\/\/www.cryptvice.com\/tr\/wp-json\/wp\/v2\/product_tag?post=65108"}],"curies":[{"name":"wp","href":"https:\/\/api.w.org\/{rel}","templated":true}]}}