{"id":65604,"date":"2024-06-25T17:59:23","date_gmt":"2024-06-25T15:59:23","guid":{"rendered":"https:\/\/www.cryptvice.com\/shop\/pixel-8-pro-case-nillkin-camshield-camera-slider\/"},"modified":"2026-03-13T12:39:45","modified_gmt":"2026-03-13T10:39:45","slug":"pixel-8-pro-case-nillkin-camshield-camera-slider","status":"publish","type":"product","link":"https:\/\/www.cryptvice.com\/tr\/shop\/pixel-8-pro-case-nillkin-camshield-camera-slider\/","title":{"rendered":"Pixel 8 Pro K\u0131l\u0131f - Nillkin CamShield Kamera Kayd\u0131r\u0131c\u0131"},"content":{"rendered":"\t\t<div data-elementor-type=\"product-post\" data-elementor-id=\"65604\" class=\"elementor elementor-65604 elementor-15868\" data-elementor-post-type=\"product\">\n\t\t\t\t<div class=\"wd-negative-gap elementor-element elementor-element-62c2d23b e-flex e-con-boxed e-con e-parent\" data-id=\"62c2d23b\" data-element_type=\"container\" data-e-type=\"container\">\n\t\t\t\t\t<div class=\"e-con-inner\">\n\t\t\t\t\t<\/div>\n\t\t\t\t<\/div>\n\t\t\t\t<\/div>\n\t\t","protected":false},"excerpt":{"rendered":"<p>Google Pixel 8 Pro i\u00e7in \u00fc\u00e7l\u00fc kamera sistemi i\u00e7in kayar kapakl\u0131 Nillkin CamShield k\u0131l\u0131f. Sert PC arka k\u0131s\u0131m y\u00fczey a\u015f\u0131nmas\u0131n\u0131 emerken TPU \u00e7er\u00e7eve darbeleri yast\u0131klar. Bir s\u00fcrg\u00fc \u00fc\u00e7 arka lensi de kapsar.  <\/p>\n<p>\u2713 Kayar kapak \u00fc\u00e7l\u00fc kamera kurulumunun tamam\u0131n\u0131 korur<br \/>\n\u2713 Esnek TPU kenar korumal\u0131 sert PC arka k\u0131s\u0131m<br \/>\n\u2713 Y\u00fckseltilmi\u015f \u00e7er\u00e7eveler kamera sens\u00f6rlerini ve ekran\u0131 g\u00fcvende tutar<br \/>\n\u2713 Rahat tutu\u015flu parmak izi b\u0131rakmayan mat y\u00fczey<br \/>\n\u2713 Google Pixel 8 Pro i\u00e7in \u00f6zel kesikler<\/p>\n","protected":false},"featured_media":21478,"comment_status":"closed","ping_status":"closed","template":"","meta":[],"product_brand":[],"product_cat":[1814],"product_tag":[],"class_list":{"0":"post-65604","1":"product","2":"type-product","3":"status-publish","4":"has-post-thumbnail","6":"product_cat-dava","7":"product_shipping_class-posta-kutusu-paketi-gizlilik-araclari","9":"first","10":"onbackorder","11":"taxable","12":"shipping-taxable","13":"purchasable","14":"product-type-simple"},"_links":{"self":[{"href":"https:\/\/www.cryptvice.com\/tr\/wp-json\/wp\/v2\/product\/65604","targetHints":{"allow":["GET"]}}],"collection":[{"href":"https:\/\/www.cryptvice.com\/tr\/wp-json\/wp\/v2\/product"}],"about":[{"href":"https:\/\/www.cryptvice.com\/tr\/wp-json\/wp\/v2\/types\/product"}],"replies":[{"embeddable":true,"href":"https:\/\/www.cryptvice.com\/tr\/wp-json\/wp\/v2\/comments?post=65604"}],"version-history":[{"count":0,"href":"https:\/\/www.cryptvice.com\/tr\/wp-json\/wp\/v2\/product\/65604\/revisions"}],"wp:featuredmedia":[{"embeddable":true,"href":"https:\/\/www.cryptvice.com\/tr\/wp-json\/wp\/v2\/media\/21478"}],"wp:attachment":[{"href":"https:\/\/www.cryptvice.com\/tr\/wp-json\/wp\/v2\/media?parent=65604"}],"wp:term":[{"taxonomy":"product_brand","embeddable":true,"href":"https:\/\/www.cryptvice.com\/tr\/wp-json\/wp\/v2\/product_brand?post=65604"},{"taxonomy":"product_cat","embeddable":true,"href":"https:\/\/www.cryptvice.com\/tr\/wp-json\/wp\/v2\/product_cat?post=65604"},{"taxonomy":"product_tag","embeddable":true,"href":"https:\/\/www.cryptvice.com\/tr\/wp-json\/wp\/v2\/product_tag?post=65604"}],"curies":[{"name":"wp","href":"https:\/\/api.w.org\/{rel}","templated":true}]}}