{"id":65831,"date":"2024-06-25T17:56:00","date_gmt":"2024-06-25T15:56:00","guid":{"rendered":"https:\/\/www.cryptvice.com\/shop\/pixel-8a-case-nillkin-camshield-camera-slider\/"},"modified":"2026-03-13T12:40:47","modified_gmt":"2026-03-13T10:40:47","slug":"pixel-8a-case-nillkin-camshield-camera-slider","status":"publish","type":"product","link":"https:\/\/www.cryptvice.com\/tr\/shop\/pixel-8a-case-nillkin-camshield-camera-slider\/","title":{"rendered":"Pixel 8a K\u0131l\u0131f - Nillkin CamShield Kamera Kayd\u0131r\u0131c\u0131"},"content":{"rendered":"\t\t<div data-elementor-type=\"product-post\" data-elementor-id=\"65831\" class=\"elementor elementor-65831 elementor-15855\" data-elementor-post-type=\"product\">\n\t\t\t\t<div class=\"wd-negative-gap elementor-element elementor-element-7c2e7037 e-flex e-con-boxed e-con e-parent\" data-id=\"7c2e7037\" data-element_type=\"container\" data-e-type=\"container\">\n\t\t\t\t\t<div class=\"e-con-inner\">\n\t\t\t\t\t<\/div>\n\t\t\t\t<\/div>\n\t\t\t\t<\/div>\n\t\t","protected":false},"excerpt":{"rendered":"<p>Google Pixel 8a i\u00e7in entegre kayar kamera kapa\u011f\u0131na sahip Nillkin CamShield k\u0131l\u0131f. PC ve TPU yap\u0131s\u0131 g\u00fcnl\u00fck d\u00fc\u015fmelere ve a\u015f\u0131nmaya kar\u015f\u0131 korur. Arka kameray\u0131 tek bir hareketle engellemek veya ortaya \u00e7\u0131karmak i\u00e7in kapa\u011f\u0131 kayd\u0131r\u0131n.  <\/p>\n<p>\u2713 Fiziksel lens korumas\u0131 i\u00e7in kayar kamera kapa\u011f\u0131<br \/>\n\u2713 TPU tampon kenarlarla e\u015fle\u015ftirilmi\u015f sert PC arka<br \/>\n\u2713 Kamera ve ekran y\u00fckseltilmi\u015f kenarlar\u0131 y\u00fczey temas\u0131n\u0131 \u00f6nler<br \/>\n\u2713 P\u00fcr\u00fczs\u00fcz mat kaplama - ya\u011flara ve parmak izlerine kar\u015f\u0131 dayan\u0131kl\u0131d\u0131r<br \/>\n\u2713 Google Pixel 8a i\u00e7in \u00f6zel olarak \u00fcretilmi\u015ftir<\/p>\n","protected":false},"featured_media":21486,"comment_status":"closed","ping_status":"closed","template":"","meta":[],"product_brand":[],"product_cat":[1814],"product_tag":[],"class_list":{"0":"post-65831","1":"product","2":"type-product","3":"status-publish","4":"has-post-thumbnail","6":"product_cat-dava","7":"product_shipping_class-posta-kutusu-paketi-gizlilik-araclari","9":"first","10":"onbackorder","11":"taxable","12":"shipping-taxable","13":"purchasable","14":"product-type-simple"},"_links":{"self":[{"href":"https:\/\/www.cryptvice.com\/tr\/wp-json\/wp\/v2\/product\/65831","targetHints":{"allow":["GET"]}}],"collection":[{"href":"https:\/\/www.cryptvice.com\/tr\/wp-json\/wp\/v2\/product"}],"about":[{"href":"https:\/\/www.cryptvice.com\/tr\/wp-json\/wp\/v2\/types\/product"}],"replies":[{"embeddable":true,"href":"https:\/\/www.cryptvice.com\/tr\/wp-json\/wp\/v2\/comments?post=65831"}],"version-history":[{"count":0,"href":"https:\/\/www.cryptvice.com\/tr\/wp-json\/wp\/v2\/product\/65831\/revisions"}],"wp:featuredmedia":[{"embeddable":true,"href":"https:\/\/www.cryptvice.com\/tr\/wp-json\/wp\/v2\/media\/21486"}],"wp:attachment":[{"href":"https:\/\/www.cryptvice.com\/tr\/wp-json\/wp\/v2\/media?parent=65831"}],"wp:term":[{"taxonomy":"product_brand","embeddable":true,"href":"https:\/\/www.cryptvice.com\/tr\/wp-json\/wp\/v2\/product_brand?post=65831"},{"taxonomy":"product_cat","embeddable":true,"href":"https:\/\/www.cryptvice.com\/tr\/wp-json\/wp\/v2\/product_cat?post=65831"},{"taxonomy":"product_tag","embeddable":true,"href":"https:\/\/www.cryptvice.com\/tr\/wp-json\/wp\/v2\/product_tag?post=65831"}],"curies":[{"name":"wp","href":"https:\/\/api.w.org\/{rel}","templated":true}]}}