{"id":65891,"date":"2024-06-25T17:55:23","date_gmt":"2024-06-25T15:55:23","guid":{"rendered":"https:\/\/www.cryptvice.com\/shop\/pixel-8-case-nillkin-camshield-camera-slider\/"},"modified":"2026-03-13T12:41:11","modified_gmt":"2026-03-13T10:41:11","slug":"pixel-8-case-nillkin-camshield-camera-slider","status":"publish","type":"product","link":"https:\/\/www.cryptvice.com\/tr\/shop\/pixel-8-case-nillkin-camshield-camera-slider\/","title":{"rendered":"Pixel 8 K\u0131l\u0131f\u0131 - Nillkin CamShield Kamera Kayd\u0131r\u0131c\u0131"},"content":{"rendered":"\t\t<div data-elementor-type=\"product-post\" data-elementor-id=\"65891\" class=\"elementor elementor-65891 elementor-15852\" data-elementor-post-type=\"product\">\n\t\t\t\t<div class=\"wd-negative-gap elementor-element elementor-element-34eca94a e-flex e-con-boxed e-con e-parent\" data-id=\"34eca94a\" data-element_type=\"container\" data-e-type=\"container\">\n\t\t\t\t\t<div class=\"e-con-inner\">\n\t\t\t\t\t<\/div>\n\t\t\t\t<\/div>\n\t\t\t\t<\/div>\n\t\t","protected":false},"excerpt":{"rendered":"<p>Nillkin CamShield k\u0131l\u0131f, Google Pixel 8 i\u00e7in dahili kayar kamera kapa\u011f\u0131na sahiptir. Sert polikarbonat arka k\u0131s\u0131m ve TPU \u015fok \u00e7er\u00e7evesi d\u00fc\u015fmelere ve \u00e7izilmelere kar\u015f\u0131 koruma sa\u011flar. Arka kameralar\u0131 fiziksel olarak engellemek i\u00e7in kayd\u0131r\u0131c\u0131y\u0131 kapat\u0131n.  <\/p>\n<p>\u2713 Kamera kayd\u0131r\u0131c\u0131s\u0131 her iki arka lensi ayn\u0131 anda kapsar<br \/>\n\u2713 Darbe emici TPU kenarlara sahip PC arka panel<br \/>\n\u2713 Y\u00fckseltilmi\u015f dudak, ekran\u0131 ve kameray\u0131 d\u00fcz d\u00fc\u015fmelere kar\u015f\u0131 korur<br \/>\n\u2713 Mat kaplama - ya\u011f tutmaz, parmak izi b\u0131rakmaz y\u00fczey<br \/>\n\u2713 Google Pixel 8 i\u00e7in hassas kal\u0131plama<\/p>\n","protected":false},"featured_media":21428,"comment_status":"closed","ping_status":"closed","template":"","meta":[],"product_brand":[],"product_cat":[1814],"product_tag":[],"class_list":{"0":"post-65891","1":"product","2":"type-product","3":"status-publish","4":"has-post-thumbnail","6":"product_cat-dava","7":"product_shipping_class-posta-kutusu-paketi-gizlilik-araclari","9":"first","10":"onbackorder","11":"taxable","12":"shipping-taxable","13":"purchasable","14":"product-type-simple"},"_links":{"self":[{"href":"https:\/\/www.cryptvice.com\/tr\/wp-json\/wp\/v2\/product\/65891","targetHints":{"allow":["GET"]}}],"collection":[{"href":"https:\/\/www.cryptvice.com\/tr\/wp-json\/wp\/v2\/product"}],"about":[{"href":"https:\/\/www.cryptvice.com\/tr\/wp-json\/wp\/v2\/types\/product"}],"replies":[{"embeddable":true,"href":"https:\/\/www.cryptvice.com\/tr\/wp-json\/wp\/v2\/comments?post=65891"}],"version-history":[{"count":0,"href":"https:\/\/www.cryptvice.com\/tr\/wp-json\/wp\/v2\/product\/65891\/revisions"}],"wp:featuredmedia":[{"embeddable":true,"href":"https:\/\/www.cryptvice.com\/tr\/wp-json\/wp\/v2\/media\/21428"}],"wp:attachment":[{"href":"https:\/\/www.cryptvice.com\/tr\/wp-json\/wp\/v2\/media?parent=65891"}],"wp:term":[{"taxonomy":"product_brand","embeddable":true,"href":"https:\/\/www.cryptvice.com\/tr\/wp-json\/wp\/v2\/product_brand?post=65891"},{"taxonomy":"product_cat","embeddable":true,"href":"https:\/\/www.cryptvice.com\/tr\/wp-json\/wp\/v2\/product_cat?post=65891"},{"taxonomy":"product_tag","embeddable":true,"href":"https:\/\/www.cryptvice.com\/tr\/wp-json\/wp\/v2\/product_tag?post=65891"}],"curies":[{"name":"wp","href":"https:\/\/api.w.org\/{rel}","templated":true}]}}