{"id":66013,"date":"2024-06-23T15:35:36","date_gmt":"2024-06-23T13:35:36","guid":{"rendered":"https:\/\/www.cryptvice.com\/shop\/google-pixel-8a-grapheneos-vpn-encrypted\/"},"modified":"2026-04-02T10:43:28","modified_gmt":"2026-04-02T08:43:28","slug":"google-pixel-8a-grapheneos-vpn-encrypted","status":"publish","type":"product","link":"https:\/\/www.cryptvice.com\/tr\/shop\/google-pixel-8a-grapheneos-vpn-encrypted\/","title":{"rendered":"Google Pixel 8a GrapheneOS VPN \u015eifreli"},"content":{"rendered":"\t\t<div data-elementor-type=\"product-post\" data-elementor-id=\"66013\" class=\"elementor elementor-66013 elementor-15498\" data-elementor-post-type=\"product\">\n\t\t\t\t<div class=\"wd-negative-gap elementor-element elementor-element-29d8395f e-flex e-con-boxed e-con e-parent\" data-id=\"29d8395f\" data-element_type=\"container\" data-e-type=\"container\">\n\t\t\t\t\t<div class=\"e-con-inner\">\n\t\t\t\t\t\t\t<h2 \n\t\tdata-interaction-id=\"7b7cb306\" \n\t\tclass=\"e-7b7cb306-9ef19fc e-heading-base\" \n\t\t \n\t\tdata-e-type=\"widget\" data-id=\"7b7cb306\"\n\t>\n\t\n\t\t\tGoogle Pixel 8a GrapheneOS'e genel bak\u0131\u015f\n\t\t<\/h2>\n\t\t\t\t\t\t\t\t<p class=\"paragraph-small e-paragraph-base\" data-interaction-id=\"56d48f24\"  data-e-type=\"widget\" data-id=\"56d48f24\">\n\t\t\t\t\t\t\t\tGoogle Pixel 8a GrapheneOS VPN Encrypted, eri\u015filebilir bir fiyata g\u00fcncel nesil g\u00fcvenlik sunar. \u0130\u00e7in yap\u0131land\u0131r\u0131ld\u0131: <br><br>- Ger\u00e7ek gizlilik korumas\u0131na ihtiya\u00e7 duyan b\u00fct\u00e7e bilincine sahip kullan\u0131c\u0131lar<br>- Birden fazla g\u00fcvenli cihaz kullanan kurulu\u015flar<br>- \u00d6zel alternatifleri ilk kez ke\u015ffeden GrapheneOS kullan\u0131c\u0131lar\u0131<br>- Hassas verileri i\u015fleyen \u00f6\u011frenciler ve ara\u015ft\u0131rmac\u0131lar<br>- \u00d6zel g\u00fcvenli ileti\u015fime ihtiya\u00e7 duyan ikincil cihaz kullan\u0131c\u0131lar\u0131<br><br>Pixel 8a, amiral gemisi modellerinde bulunan Titan M2 g\u00fcvenlik \u00e7ipinin ayn\u0131s\u0131na sahip ve deste\u011fi 2031 y\u0131l\u0131na kadar uzan\u0131yor.\n\t\t\t\t\t<\/p>\n\t\t\t\t\t\t\t<h2 \n\t\tdata-interaction-id=\"2f6eb22c\" \n\t\tclass=\"e-2f6eb22c-a765c05 e-heading-base\" \n\t\t \n\t\tdata-e-type=\"widget\" data-id=\"2f6eb22c\"\n\t>\n\t\n\t\t\tGrapheneOS'u Pixel 8a \u00fczerinde \u00e7al\u0131\u015ft\u0131rma\n\t\t<\/h2>\n\t\t\t\t\t\t\t\t<p class=\"paragraph-small e-paragraph-base\" data-interaction-id=\"20b6359b\"  data-e-type=\"widget\" data-id=\"20b6359b\">\n\t\t\t\t\t\t\t\tHer Pixel 8a, do\u011frulanm\u0131\u015f bir GrapheneOS kurulumuyla haz\u0131rlanm\u0131\u015ft\u0131r:<br><br>- B\u00fct\u00fcnl\u00fck do\u011frulamal\u0131 yeni sistem kurulumu<br>- Do\u011frulanm\u0131\u015f \u00f6ny\u00fckleme korumas\u0131 i\u00e7in kilitli \u00f6ny\u00fckleyici<br>- Google telemetri ve hizmetleri tamamen kald\u0131r\u0131lm\u0131\u015ft\u0131r<br>- G\u00fcnl\u00fck g\u00fcvenilirlik i\u00e7in yap\u0131land\u0131r\u0131lm\u0131\u015f sistem sertle\u015ftirme<br>- G\u00fcvenlik gereksinimleriyle dengelenmi\u015f pil optimizasyonu<br><br>GrapheneOS g\u00fcncellemeleri, amiral gemisi destek zaman \u00e7izelgelerine uygun olarak 2031 y\u0131l\u0131na kadar devam eder.\n\t\t\t\t\t<\/p>\n\t\t\t\t\t\t\t<h2 \n\t\tdata-interaction-id=\"a6d0ed\" \n\t\tclass=\"e-a6d0ed-e5d2193 e-heading-base\" \n\t\t \n\t\tdata-e-type=\"widget\" data-id=\"a6d0ed\"\n\t>\n\t\n\t\t\tPixel 8a'da uygulama izinleri\n\t\t<\/h2>\n\t\t\t\t\t\t\t\t<p class=\"paragraph-small e-paragraph-base\" data-interaction-id=\"174a2f6f\"  data-e-type=\"widget\" data-id=\"174a2f6f\">\n\t\t\t\t\t\t\t\tGizlilik uygulamalar\u0131 her cihazda ayr\u0131 ayr\u0131 yap\u0131land\u0131r\u0131l\u0131r:<br><br>- \u0130zinler analiz edilir ve minimum gereksinimlerle s\u0131n\u0131rland\u0131r\u0131l\u0131r<br>- Sessiz veri toplamay\u0131 \u00f6nlemek i\u00e7in arka plan i\u015flemleri kontrol edilir<br>- A\u011f eri\u015fimi uygulama ba\u015f\u0131na s\u0131n\u0131rland\u0131r\u0131l\u0131r<br>- Veri payla\u015f\u0131m\u0131n\u0131 \u00f6nlemek i\u00e7in uygulama sanal alan\u0131 zorunlu k\u0131l\u0131n\u0131r<br>- Hassas bilgiler i\u00e7in izole edilmi\u015f depolama izinleri<br><br>Bu cihaz baz\u0131nda yakla\u015f\u0131m tutarl\u0131 koruma standartlar\u0131 sa\u011flar.\n\t\t\t\t\t<\/p>\n\t\t\t\t\t\t\t<h2 \n\t\tdata-interaction-id=\"276b4aef\" \n\t\tclass=\"e-276b4aef-e492a06 e-heading-base\" \n\t\t \n\t\tdata-e-type=\"widget\" data-id=\"276b4aef\"\n\t>\n\t\n\t\t\tPixel 8a'da VPN yap\u0131land\u0131rmas\u0131\n\t\t<\/h2>\n\t\t\t\t\t\t\t\t<p class=\"paragraph-small e-paragraph-base\" data-interaction-id=\"47f7feef\"  data-e-type=\"widget\" data-id=\"47f7feef\">\n\t\t\t\t\t\t\t\t\u00d6deme s\u0131ras\u0131nda sa\u011flay\u0131c\u0131n\u0131z\u0131 se\u00e7in:<br><br>- Mullvad - anonim kay\u0131t, e-posta gerekmez, \u0130sve\u00e7 yarg\u0131 yetkisi<br>- iVPN - \u00e7ok atlamal\u0131 kullan\u0131labilir, denetlenmi\u015f a\u00e7\u0131k kaynakl\u0131 istemci, Cebelitar\u0131k tabanl\u0131<br>- ProtonVPN - \u0130svi\u00e7re gizlilik korumas\u0131, Secure Core sunucular\u0131<br><br>VPN'iniz g\u00f6nderilmeden \u00f6nce kurulur, yap\u0131land\u0131r\u0131l\u0131r ve test edilir. \u015eifreleme ba\u015flang\u0131\u00e7ta otomatik olarak etkinle\u015fir. \n\t\t\t\t\t<\/p>\n\t\t\t\t\t\t\t<h2 \n\t\tdata-interaction-id=\"4260d906\" \n\t\tclass=\"e-4260d906-18fcfc2 e-heading-base\" \n\t\t \n\t\tdata-e-type=\"widget\" data-id=\"4260d906\"\n\t>\n\t\n\t\t\tGoogle Pixel 8a'da gizlilik uygulamalar\u0131\n\t\t<\/h2>\n\t\t\t\t\t\t\t\t<p class=\"paragraph-small e-paragraph-base\" data-interaction-id=\"2c30fb55\"  data-e-type=\"widget\" data-id=\"2c30fb55\">\n\t\t\t\t\t\t\t\tG\u00fcvenli a\u011f<br>- Orbot - anonimlik gerekti\u011finde trafi\u011fi Tor \u00fczerinden y\u00f6nlendirir<br>- Premium VPN - sa\u011flay\u0131c\u0131n\u0131z yap\u0131land\u0131r\u0131lm\u0131\u015f ve do\u011frulanm\u0131\u015ft\u0131r<br><br>\u00d6zel tarama<br>- Firefox Focus - izleyicileri engeller, verileri otomatik olarak temizler<br><br>Uygulama eri\u015fimi<br>- Aurora Store - Google hesab\u0131 olmadan uygulama indirme<br>- F-Droid - a\u00e7\u0131k kaynakl\u0131 gizlilik uygulama deposu<br><br>G\u00fcvenli ileti\u015fim<br>- Molly - geli\u015fmi\u015f koruma ile g\u00fc\u00e7lendirilmi\u015f Signal \u00e7atal\u0131<br>- Threema - \u0130svi\u00e7re'de geli\u015ftirilmi\u015f, GDPR uyumlu mesajla\u015fma<br>- SimpleX - telefon numaras\u0131 veya tan\u0131mlay\u0131c\u0131 gerekmez<br><br>\u00dcretkenlik<br>- Standard Notes - u\u00e7tan uca \u015fifrelenmi\u015f notlar<br>- eM \u0130stemcisi - platform takibi olmadan e-posta\n\t\t\t\t\t<\/p>\n\t\t\t\t\t\t\t<h2 \n\t\tdata-interaction-id=\"2c830d78\" \n\t\tclass=\"e-2c830d78-7c2828d e-heading-base\" \n\t\t \n\t\tdata-e-type=\"widget\" data-id=\"2c830d78\"\n\t>\n\t\n\t\t\tCryptvice yap\u0131land\u0131rma hizmeti\n\t\t<\/h2>\n\t\t\t\t\t\t\t\t<p class=\"paragraph-small e-paragraph-base\" data-interaction-id=\"5c4b5287\"  data-e-type=\"widget\" data-id=\"5c4b5287\">\n\t\t\t\t\t\t\t\t- Her cihaz elle yap\u0131land\u0131r\u0131l\u0131r<br>- G\u00f6nderilmeden \u00f6nce g\u00fcvenlik testi yap\u0131l\u0131r<br>- Markas\u0131z gizli ambalaj<br>- Kripto para \u00f6demeleri kabul edilir<br>- \u0130spanya'dan takipli olarak g\u00f6nderilir<br>- GrapheneOS kullan\u0131c\u0131lar\u0131ndan 30 g\u00fcn destek\n\t\t\t\t\t<\/p>\n\t\t\t\t\t\t\t<h2 \n\t\tdata-interaction-id=\"46c9fb0a\" \n\t\tclass=\"e-46c9fb0a-52371a9 e-heading-base\" \n\t\t \n\t\tdata-e-type=\"widget\" data-id=\"46c9fb0a\"\n\t>\n\t\n\t\t\tSipari\u015fler ve garanti\n\t\t<\/h2>\n\t\t\t\t\t\t\t\t<p class=\"paragraph-small e-paragraph-base\" data-interaction-id=\"11067dd9\"  data-e-type=\"widget\" data-id=\"11067dd9\">\n\t\t\t\t\t\t\t\t1 i\u015f g\u00fcn\u00fc i\u00e7inde g\u00f6nderilir. Takip e-posta yoluyla sa\u011flan\u0131r. <br><br>Ar\u0131zal\u0131 cihazlar i\u00e7in iadeler \u0130spanya i\u00e7inde kabul edilir. \u0130ade nakliyesi ar\u0131zal\u0131 olmayan \u00fcr\u00fcnler i\u00e7in ge\u00e7erlidir. Google donan\u0131m garantisi dahildir. Yap\u0131land\u0131rma profesyonel hizmet olarak sa\u011flan\u0131r.   \n\t\t\t\t\t<\/p>\n\t\t\t\t\t\t\t\t<p class=\"paragraph-small button-dark-icon e-1c7a008e-43c6eff e-paragraph-base\" data-interaction-id=\"1c7a008e\"  data-e-type=\"widget\" data-id=\"1c7a008e\">\n\t\t\t\t\t\t\t<a\n\t\t\t\t\thref=\"https:\/\/www.cryptvice.com\/tr\/help-and-support\/\" target=\"_self\"\n\t\t\t\t\tclass=\"e-paragraph-link-base\"\n\t\t\t\t>\n\t\t\t\t\t\tSorular\u0131n\u0131z m\u0131 var? Yard\u0131m ve Destek SSS b\u00f6l\u00fcm\u00fcm\u00fcze bak\u0131n \n\t\t\t\t<\/a>\n\t\t\t\t\t<\/p>\n\t\t\t\t\t<\/div>\n\t\t\t\t<\/div>\n\t\t\t\t<\/div>\n\t\t","protected":false},"excerpt":{"rendered":"<p>Google Pixel 8a GrapheneOS, Pixel 9 serisi ile ayn\u0131 donan\u0131m g\u00fcvenli\u011fi temeli olan Titan M2 g\u00fcvenlik \u00e7ipli Tensor G3 i\u015flemci \u00fczerinde \u00e7al\u0131\u015f\u0131yor. Ana i\u015flemcide bir nesil geride, ancak gizlilik i\u00e7in \u00f6nemli olan konularda ayn\u0131: do\u011frulanm\u0131\u015f \u00f6ny\u00fckleme, g\u00fcvenli enklav, tam GrapheneOS deste\u011fi. <\/p>\n<p>\u2713 GrapheneOS ile \u00f6nceden y\u00fcklenmi\u015ftir &#8211; Google yok, izleme yok<br \/>\n\u2713 Signal, Molly ve Threema sanal numara ile etkinle\u015ftirildi<br \/>\n\u2713 Premium VPN + tam sertle\u015ftirme ile \u00e7ift profil<br \/>\n\u2713 USB veri engelleyici ve duress silme etkin<\/p>\n","protected":false},"featured_media":66024,"comment_status":"closed","ping_status":"closed","template":"","meta":[],"product_brand":[],"product_cat":[6651,6567],"product_tag":[],"class_list":{"0":"post-66013","1":"product","2":"type-product","3":"status-publish","4":"has-post-thumbnail","6":"product_cat-cryptphones-2","7":"product_cat-accessoires","8":"pa_audio-connection-usb-c","9":"pa_battery-capacity-4492-mah","10":"pa_bluetooth-5-3-2","11":"pa_brand-google-2","12":"pa_camera-back-13-mp-f-22-120-ultra-genis","13":"pa_camera-back-64-mp-f-1-9-26mm-wide-pdaf-ois","14":"pa_camera-front-13-mp-f-22-20-mm-ultra-genis","15":"pa_color-siyah-2","16":"pa_graphics-series-immortalis-g715s-mc10","17":"pa_guaranteed-security-updates-01-may-2031","18":"pa_manufacturer-guarantee-24-months","19":"pa_model-pixel-8a","20":"pa_operating-system-grapheneos-2","21":"pa_processor-4x-2-15ghz-cortex-a510","22":"pa_processor-4x-2-45ghz-cortex-a715","23":"pa_processor-nona-core-1x-3-0ghz-cortex-x3","24":"pa_ram-size-8-gb-2","25":"pa_ram-type-lpddr5x","26":"pa_release-years-14-may-2024","27":"pa_resolution-1080-x-2400-pixels","28":"pa_screen-diagonal-6-1","29":"pa_screen-ppi-430-ppi","30":"pa_screen-ratio-209-oran-2","31":"pa_screen-refresh-rate-120hz-2","32":"pa_screen-type-oled","33":"pa_security-features-oem-kilit-acma-2","34":"pa_security-features-vpn-sifreli-2","35":"pa_storage-128-gb-2","36":"pa_system-chip-google-tensor-g3-4-nm","37":"pa_vpn-cover-ivpn-12m-2","38":"pa_vpn-cover-ivpn-6m-2","39":"pa_vpn-cover-mullvad-12m","40":"pa_vpn-cover-mullvad-6m","41":"pa_vpn-cover-protonvpn-12m","43":"first","44":"instock","45":"taxable","46":"shipping-taxable","47":"purchasable","48":"product-type-variable"},"_links":{"self":[{"href":"https:\/\/www.cryptvice.com\/tr\/wp-json\/wp\/v2\/product\/66013","targetHints":{"allow":["GET"]}}],"collection":[{"href":"https:\/\/www.cryptvice.com\/tr\/wp-json\/wp\/v2\/product"}],"about":[{"href":"https:\/\/www.cryptvice.com\/tr\/wp-json\/wp\/v2\/types\/product"}],"replies":[{"embeddable":true,"href":"https:\/\/www.cryptvice.com\/tr\/wp-json\/wp\/v2\/comments?post=66013"}],"version-history":[{"count":2,"href":"https:\/\/www.cryptvice.com\/tr\/wp-json\/wp\/v2\/product\/66013\/revisions"}],"predecessor-version":[{"id":71366,"href":"https:\/\/www.cryptvice.com\/tr\/wp-json\/wp\/v2\/product\/66013\/revisions\/71366"}],"wp:featuredmedia":[{"embeddable":true,"href":"https:\/\/www.cryptvice.com\/tr\/wp-json\/wp\/v2\/media\/66024"}],"wp:attachment":[{"href":"https:\/\/www.cryptvice.com\/tr\/wp-json\/wp\/v2\/media?parent=66013"}],"wp:term":[{"taxonomy":"product_brand","embeddable":true,"href":"https:\/\/www.cryptvice.com\/tr\/wp-json\/wp\/v2\/product_brand?post=66013"},{"taxonomy":"product_cat","embeddable":true,"href":"https:\/\/www.cryptvice.com\/tr\/wp-json\/wp\/v2\/product_cat?post=66013"},{"taxonomy":"product_tag","embeddable":true,"href":"https:\/\/www.cryptvice.com\/tr\/wp-json\/wp\/v2\/product_tag?post=66013"}],"curies":[{"name":"wp","href":"https:\/\/api.w.org\/{rel}","templated":true}]}}