{"id":66356,"date":"2024-05-15T20:55:49","date_gmt":"2024-05-15T18:55:49","guid":{"rendered":"https:\/\/www.cryptvice.com\/shop\/google-pixel-7a-grapheneos-vpn-encrypted\/"},"modified":"2026-04-02T10:42:42","modified_gmt":"2026-04-02T08:42:42","slug":"google-pixel-7a-grapheneos-vpn-encrypted","status":"publish","type":"product","link":"https:\/\/www.cryptvice.com\/tr\/shop\/google-pixel-7a-grapheneos-vpn-encrypted\/","title":{"rendered":"Google Pixel 7a GrapheneOS VPN \u015eifreli"},"content":{"rendered":"\t\t<div data-elementor-type=\"product-post\" data-elementor-id=\"66356\" class=\"elementor elementor-66356 elementor-11253\" data-elementor-post-type=\"product\">\n\t\t\t\t<div class=\"wd-negative-gap elementor-element elementor-element-7ec8d3af e-flex e-con-boxed e-con e-parent\" data-id=\"7ec8d3af\" data-element_type=\"container\" data-e-type=\"container\">\n\t\t\t\t\t<div class=\"e-con-inner\">\n\t\t\t\t\t<\/div>\n\t\t\t\t<\/div>\n\t\t\t\t<\/div>\n\t\t","protected":false},"excerpt":{"rendered":"<p>Google Pixel 7a GrapheneOS, Titan M2 g\u00fcvenlik \u00e7ipli Tensor G2&#8217;yi \u00e7al\u0131\u015ft\u0131r\u0131r - verilerinizi daha yeni Pixel modelleriyle koruyan ayn\u0131 g\u00fcvenli b\u00f6lge. \u0130\u015flem g\u00fcc\u00fcnde iki nesil geride, donan\u0131m destekli g\u00fcvenlikte ayn\u0131. B\u00fct\u00e7e \u00f6ncelikliyse ve performans \u00f6ncelikli de\u011filse sa\u011flam bir se\u00e7im.  <\/p>\n<p>\u2713 GrapheneOS ile \u00f6nceden y\u00fcklenmi\u015ftir - Google yok, izleme yok<br \/>\n\u2713 Signal, Molly ve Threema sanal numara ile etkinle\u015ftirildi<br \/>\n\u2713 Premium VPN + tam sertle\u015ftirme ile \u00e7ift profil<br \/>\n\u2713 USB veri engelleyici ve duress silme etkin<\/p>\n","protected":false},"featured_media":66359,"comment_status":"open","ping_status":"closed","template":"","meta":[],"product_brand":[],"product_cat":[108],"product_tag":[],"class_list":{"0":"post-66356","1":"product","2":"type-product","3":"status-publish","4":"has-post-thumbnail","6":"product_cat-accessoires","8":"first","9":"instock","10":"taxable","11":"shipping-taxable","12":"purchasable","13":"product-type-variable"},"_links":{"self":[{"href":"https:\/\/www.cryptvice.com\/tr\/wp-json\/wp\/v2\/product\/66356","targetHints":{"allow":["GET"]}}],"collection":[{"href":"https:\/\/www.cryptvice.com\/tr\/wp-json\/wp\/v2\/product"}],"about":[{"href":"https:\/\/www.cryptvice.com\/tr\/wp-json\/wp\/v2\/types\/product"}],"replies":[{"embeddable":true,"href":"https:\/\/www.cryptvice.com\/tr\/wp-json\/wp\/v2\/comments?post=66356"}],"version-history":[{"count":2,"href":"https:\/\/www.cryptvice.com\/tr\/wp-json\/wp\/v2\/product\/66356\/revisions"}],"predecessor-version":[{"id":71330,"href":"https:\/\/www.cryptvice.com\/tr\/wp-json\/wp\/v2\/product\/66356\/revisions\/71330"}],"wp:featuredmedia":[{"embeddable":true,"href":"https:\/\/www.cryptvice.com\/tr\/wp-json\/wp\/v2\/media\/66359"}],"wp:attachment":[{"href":"https:\/\/www.cryptvice.com\/tr\/wp-json\/wp\/v2\/media?parent=66356"}],"wp:term":[{"taxonomy":"product_brand","embeddable":true,"href":"https:\/\/www.cryptvice.com\/tr\/wp-json\/wp\/v2\/product_brand?post=66356"},{"taxonomy":"product_cat","embeddable":true,"href":"https:\/\/www.cryptvice.com\/tr\/wp-json\/wp\/v2\/product_cat?post=66356"},{"taxonomy":"product_tag","embeddable":true,"href":"https:\/\/www.cryptvice.com\/tr\/wp-json\/wp\/v2\/product_tag?post=66356"}],"curies":[{"name":"wp","href":"https:\/\/api.w.org\/{rel}","templated":true}]}}