{"id":66461,"date":"2024-06-25T18:08:24","date_gmt":"2024-06-25T16:08:24","guid":{"rendered":"https:\/\/www.cryptvice.com\/shop\/pixel-6-privacy-screen-protector\/"},"modified":"2026-03-13T13:00:51","modified_gmt":"2026-03-13T11:00:51","slug":"pixel-6-privacy-screen-protector","status":"publish","type":"product","link":"https:\/\/www.cryptvice.com\/tr\/shop\/pixel-6-privacy-screen-protector\/","title":{"rendered":"Pixel 6 &#8211; Gizlilik Ekran Koruyucu"},"content":{"rendered":"\t\t<div data-elementor-type=\"product-post\" data-elementor-id=\"66461\" class=\"elementor elementor-66461 elementor-15880\" data-elementor-post-type=\"product\">\n\t\t\t\t<div class=\"wd-negative-gap elementor-element elementor-element-53e0e41a e-flex e-con-boxed e-con e-parent\" data-id=\"53e0e41a\" data-element_type=\"container\" data-e-type=\"container\">\n\t\t\t\t\t<div class=\"e-con-inner\">\n\t\t\t\t\t<\/div>\n\t\t\t\t<\/div>\n\t\t\t\t<\/div>\n\t\t","protected":false},"excerpt":{"rendered":"<p>Google Pixel 6 gizlilik ekran koruyucusu, bir mikro panjur filtresi ile yan a\u00e7\u0131l\u0131 g\u00f6r\u00fcnt\u00fclemeyi k\u0131s\u0131tlar. Ba\u015ftan net, yanlardan karanl\u0131k ekran. Parmak izi okuyucu ve Y\u00fcz Tan\u0131ma Kilidi cam\u0131n i\u00e7inden parazitsiz \u00e7al\u0131\u015f\u0131r.  <\/p>\n<p>28\u00b0 casusluk \u00f6nleyici g\u00f6r\u00fc\u015f a\u00e7\u0131s\u0131na sahip 9H temperli cam<br \/>\n\u2713 Ekran alt\u0131 parmak izi okuyucu tam uyumlu<br \/>\n\u2713 Y\u00fcz Tan\u0131ma Kilidi camdan normal \u015fekilde \u00e7al\u0131\u015f\u0131r<br \/>\n\u2713 Oleofobik parmak izi \u00f6nleyici kaplama<br \/>\n\u2713 Google Pixel 6 i\u00e7in hassas kesim<\/p>\n","protected":false},"featured_media":45912,"comment_status":"closed","ping_status":"closed","template":"","meta":[],"product_brand":[],"product_cat":[2413],"product_tag":[],"class_list":{"0":"post-66461","1":"product","2":"type-product","3":"status-publish","4":"has-post-thumbnail","6":"product_cat-ekran-koruyucular","7":"product_shipping_class-posta-kutusu-paketi-gizlilik-araclari","9":"first","10":"instock","11":"taxable","12":"shipping-taxable","13":"purchasable","14":"product-type-simple"},"_links":{"self":[{"href":"https:\/\/www.cryptvice.com\/tr\/wp-json\/wp\/v2\/product\/66461","targetHints":{"allow":["GET"]}}],"collection":[{"href":"https:\/\/www.cryptvice.com\/tr\/wp-json\/wp\/v2\/product"}],"about":[{"href":"https:\/\/www.cryptvice.com\/tr\/wp-json\/wp\/v2\/types\/product"}],"replies":[{"embeddable":true,"href":"https:\/\/www.cryptvice.com\/tr\/wp-json\/wp\/v2\/comments?post=66461"}],"version-history":[{"count":0,"href":"https:\/\/www.cryptvice.com\/tr\/wp-json\/wp\/v2\/product\/66461\/revisions"}],"wp:featuredmedia":[{"embeddable":true,"href":"https:\/\/www.cryptvice.com\/tr\/wp-json\/wp\/v2\/media\/45912"}],"wp:attachment":[{"href":"https:\/\/www.cryptvice.com\/tr\/wp-json\/wp\/v2\/media?parent=66461"}],"wp:term":[{"taxonomy":"product_brand","embeddable":true,"href":"https:\/\/www.cryptvice.com\/tr\/wp-json\/wp\/v2\/product_brand?post=66461"},{"taxonomy":"product_cat","embeddable":true,"href":"https:\/\/www.cryptvice.com\/tr\/wp-json\/wp\/v2\/product_cat?post=66461"},{"taxonomy":"product_tag","embeddable":true,"href":"https:\/\/www.cryptvice.com\/tr\/wp-json\/wp\/v2\/product_tag?post=66461"}],"curies":[{"name":"wp","href":"https:\/\/api.w.org\/{rel}","templated":true}]}}