{"id":66834,"date":"2024-07-09T11:34:26","date_gmt":"2024-07-09T09:34:26","guid":{"rendered":"https:\/\/www.cryptvice.com\/shop\/crypthub-v3-portable-4g-vpn-encrypted-router\/"},"modified":"2026-03-13T13:06:42","modified_gmt":"2026-03-13T11:06:42","slug":"crypthub-v3-portable-4g-vpn-encrypted-router","status":"publish","type":"product","link":"https:\/\/www.cryptvice.com\/tr\/shop\/crypthub-v3-portable-4g-vpn-encrypted-router\/","title":{"rendered":"CryptHub V3 Ta\u015f\u0131nabilir 4G VPN \u015eifreli Y\u00f6nlendirici"},"content":{"rendered":"\t\t<div data-elementor-type=\"product-post\" data-elementor-id=\"66834\" class=\"elementor elementor-66834 elementor-17118\" data-elementor-post-type=\"product\">\n\t\t\t\t<div class=\"wd-negative-gap elementor-element elementor-element-5098dcc9 e-flex e-con-boxed e-con e-parent\" data-id=\"5098dcc9\" data-element_type=\"container\" data-e-type=\"container\">\n\t\t\t\t\t<div class=\"e-con-inner\">\n\t\t\t\t\t<\/div>\n\t\t\t\t<\/div>\n\t\t<div class=\"wd-negative-gap elementor-element elementor-element-79573244 elementor-hidden-widescreen elementor-hidden-desktop elementor-hidden-laptop elementor-hidden-tablet elementor-hidden-mobile e-flex e-con-boxed e-con e-parent\" data-id=\"79573244\" data-element_type=\"container\" data-e-type=\"container\">\n\t\t\t\t\t<div class=\"e-con-inner\">\n\t\t\t\t\t<\/div>\n\t\t\t\t<\/div>\n\t\t\t\t<\/div>\n\t\t","protected":false},"excerpt":{"rendered":"<p><em>Uzman deste\u011fi ile profesyonelce yap\u0131land\u0131r\u0131lm\u0131\u015f ta\u015f\u0131nabilir 4G y\u00f6nlendirici<\/em><\/p>\n<p>G\u00fcvenli mobil ba\u011flant\u0131 &#8211; ev, seyahat ve profesyonel ortamlar i\u00e7in kompakt gizlilik.<\/p>\n<p>OpenWRT, \u015fifreli VPN ve geli\u015fmi\u015f gizlilik \u00f6zellikleriyle \u00f6nceden yap\u0131land\u0131r\u0131lm\u0131\u015f, g\u00fcvenilir 4G LTE donan\u0131m\u0131 \u00fczerine in\u015fa edilmi\u015ftir. Nereye ba\u011flan\u0131rsan\u0131z ba\u011flan\u0131n kendi \u00f6zel a\u011f\u0131n\u0131z. <\/p>\n<p>\u2713 OpenWRT \u00f6nceden y\u00fcklenmi\u015f 4G LTE ba\u011flant\u0131s\u0131<br \/>\n\u2713 VPN etkinle\u015ftirildi ve yap\u0131land\u0131r\u0131ld\u0131<br \/>\n\u2713 MAC klonlama ve randomizasyon etkinle\u015ftirildi<br \/>\n\u2713 DNS \u015fifreleme yap\u0131land\u0131r\u0131ld\u0131<br \/>\n\u2713 VPN istemcisi ve sunucu i\u015flevselli\u011fi<br \/>\n\u2713 Gizlili\u011fe duyarl\u0131 cihaz tan\u0131mlay\u0131c\u0131 yap\u0131land\u0131rmas\u0131<br \/>\n\u2713 Resmi Cryptvice da\u011f\u0131t\u0131m\u0131<\/p>\n","protected":false},"featured_media":17124,"comment_status":"closed","ping_status":"closed","template":"","meta":[],"product_brand":[],"product_cat":[1649],"product_tag":[],"class_list":{"0":"post-66834","1":"product","2":"type-product","3":"status-publish","4":"has-post-thumbnail","6":"product_cat-crypthub","7":"product_shipping_class-kucuk-paket-telefon-yonlendirici","9":"first","10":"instock","11":"taxable","12":"shipping-taxable","13":"purchasable","14":"product-type-variable","15":"has-default-attributes"},"_links":{"self":[{"href":"https:\/\/www.cryptvice.com\/tr\/wp-json\/wp\/v2\/product\/66834","targetHints":{"allow":["GET"]}}],"collection":[{"href":"https:\/\/www.cryptvice.com\/tr\/wp-json\/wp\/v2\/product"}],"about":[{"href":"https:\/\/www.cryptvice.com\/tr\/wp-json\/wp\/v2\/types\/product"}],"replies":[{"embeddable":true,"href":"https:\/\/www.cryptvice.com\/tr\/wp-json\/wp\/v2\/comments?post=66834"}],"version-history":[{"count":0,"href":"https:\/\/www.cryptvice.com\/tr\/wp-json\/wp\/v2\/product\/66834\/revisions"}],"wp:featuredmedia":[{"embeddable":true,"href":"https:\/\/www.cryptvice.com\/tr\/wp-json\/wp\/v2\/media\/17124"}],"wp:attachment":[{"href":"https:\/\/www.cryptvice.com\/tr\/wp-json\/wp\/v2\/media?parent=66834"}],"wp:term":[{"taxonomy":"product_brand","embeddable":true,"href":"https:\/\/www.cryptvice.com\/tr\/wp-json\/wp\/v2\/product_brand?post=66834"},{"taxonomy":"product_cat","embeddable":true,"href":"https:\/\/www.cryptvice.com\/tr\/wp-json\/wp\/v2\/product_cat?post=66834"},{"taxonomy":"product_tag","embeddable":true,"href":"https:\/\/www.cryptvice.com\/tr\/wp-json\/wp\/v2\/product_tag?post=66834"}],"curies":[{"name":"wp","href":"https:\/\/api.w.org\/{rel}","templated":true}]}}