{"id":66913,"date":"2024-06-25T18:14:47","date_gmt":"2024-06-25T16:14:47","guid":{"rendered":"https:\/\/www.cryptvice.com\/shop\/pixel-7-pro-privacy-screen-protector\/"},"modified":"2026-03-13T13:07:06","modified_gmt":"2026-03-13T11:07:06","slug":"pixel-7-pro-privacy-screen-protector","status":"publish","type":"product","link":"https:\/\/www.cryptvice.com\/tr\/shop\/pixel-7-pro-privacy-screen-protector\/","title":{"rendered":"Pixel 7 Pro &#8211; Gizlilik Ekran Koruyucu"},"content":{"rendered":"\t\t<div data-elementor-type=\"product-post\" data-elementor-id=\"66913\" class=\"elementor elementor-66913 elementor-15900\" data-elementor-post-type=\"product\">\n\t\t\t\t<div class=\"wd-negative-gap elementor-element elementor-element-22e8e4e2 e-flex e-con-boxed e-con e-parent\" data-id=\"22e8e4e2\" data-element_type=\"container\" data-e-type=\"container\">\n\t\t\t\t\t<div class=\"e-con-inner\">\n\t\t\t\t\t<\/div>\n\t\t\t\t<\/div>\n\t\t\t\t<\/div>\n\t\t","protected":false},"excerpt":{"rendered":"<p>Google Pixel 7 Pro gizlilik ekran koruyucusu, ekran g\u00f6r\u00fcn\u00fcrl\u00fc\u011f\u00fcn\u00fc yakla\u015f\u0131k 28 derece ile s\u0131n\u0131rland\u0131r\u0131r. Ba\u015ftan net, yanlardan karanl\u0131k. Tam biyometrik destekli 6,7 in\u00e7 QHD+ ekran i\u00e7in tasarlanm\u0131\u015ft\u0131r &#8211; parmak izi ve Y\u00fczle Kilit A\u00e7ma normal \u015fekilde \u00e7al\u0131\u015f\u0131r.  <\/p>\n<p>Entegre casus \u00f6nleyici filtreye sahip 9H temperli cam<br \/>\n\u2713 Optik parmak izi okuyucu ve Face Unlock uyumlu<br \/>\n\u2713 Oleofobik kaplama lekeleri ve parmak izlerini azalt\u0131r<br \/>\n\u2713 Hava kabarc\u0131\u011f\u0131 olmadan sorunsuz kurulum<br \/>\n\u2713 Google Pixel 7 Pro i\u00e7in \u00f6zel olarak \u00fcretilmi\u015ftir<\/p>\n","protected":false},"featured_media":45896,"comment_status":"closed","ping_status":"closed","template":"","meta":[],"product_brand":[],"product_cat":[2413],"product_tag":[],"class_list":{"0":"post-66913","1":"product","2":"type-product","3":"status-publish","4":"has-post-thumbnail","6":"product_cat-ekran-koruyucular","7":"product_shipping_class-posta-kutusu-paketi-gizlilik-araclari","9":"first","10":"instock","11":"taxable","12":"shipping-taxable","13":"purchasable","14":"product-type-simple"},"_links":{"self":[{"href":"https:\/\/www.cryptvice.com\/tr\/wp-json\/wp\/v2\/product\/66913","targetHints":{"allow":["GET"]}}],"collection":[{"href":"https:\/\/www.cryptvice.com\/tr\/wp-json\/wp\/v2\/product"}],"about":[{"href":"https:\/\/www.cryptvice.com\/tr\/wp-json\/wp\/v2\/types\/product"}],"replies":[{"embeddable":true,"href":"https:\/\/www.cryptvice.com\/tr\/wp-json\/wp\/v2\/comments?post=66913"}],"version-history":[{"count":0,"href":"https:\/\/www.cryptvice.com\/tr\/wp-json\/wp\/v2\/product\/66913\/revisions"}],"wp:featuredmedia":[{"embeddable":true,"href":"https:\/\/www.cryptvice.com\/tr\/wp-json\/wp\/v2\/media\/45896"}],"wp:attachment":[{"href":"https:\/\/www.cryptvice.com\/tr\/wp-json\/wp\/v2\/media?parent=66913"}],"wp:term":[{"taxonomy":"product_brand","embeddable":true,"href":"https:\/\/www.cryptvice.com\/tr\/wp-json\/wp\/v2\/product_brand?post=66913"},{"taxonomy":"product_cat","embeddable":true,"href":"https:\/\/www.cryptvice.com\/tr\/wp-json\/wp\/v2\/product_cat?post=66913"},{"taxonomy":"product_tag","embeddable":true,"href":"https:\/\/www.cryptvice.com\/tr\/wp-json\/wp\/v2\/product_tag?post=66913"}],"curies":[{"name":"wp","href":"https:\/\/api.w.org\/{rel}","templated":true}]}}