{"id":67023,"date":"2024-06-25T18:13:53","date_gmt":"2024-06-25T16:13:53","guid":{"rendered":"https:\/\/www.cryptvice.com\/shop\/pixel-8a-privacy-screen-protector\/"},"modified":"2026-03-13T13:08:32","modified_gmt":"2026-03-13T11:08:32","slug":"pixel-8a-privacy-screen-protector","status":"publish","type":"product","link":"https:\/\/www.cryptvice.com\/tr\/shop\/pixel-8a-privacy-screen-protector\/","title":{"rendered":"Pixel 8a &#8211; Gizlilik Ekran Koruyucu"},"content":{"rendered":"\t\t<div data-elementor-type=\"product-post\" data-elementor-id=\"67023\" class=\"elementor elementor-67023 elementor-15896\" data-elementor-post-type=\"product\">\n\t\t\t\t<div class=\"wd-negative-gap elementor-element elementor-element-24367ace e-flex e-con-boxed e-con e-parent\" data-id=\"24367ace\" data-element_type=\"container\" data-e-type=\"container\">\n\t\t\t\t\t<div class=\"e-con-inner\">\n\t\t\t\t\t<\/div>\n\t\t\t\t<\/div>\n\t\t\t\t<\/div>\n\t\t","protected":false},"excerpt":{"rendered":"<p>Google Pixel 8a gizlilik ekran koruyucusu, ekran\u0131n\u0131z\u0131 yan a\u00e7\u0131lardan karart\u0131r, b\u00f6ylece yaln\u0131zca siz okuyabilirsiniz. Mikro panjur filtresi pasif olarak \u00e7al\u0131\u015f\u0131r &#8211; pil t\u00fcketimi ve ayar gerektirmez. Parmak izi okuyucu ve Y\u00fcz Tan\u0131ma Kilidi cam\u0131n i\u00e7inden normal \u015fekilde \u00e7al\u0131\u015f\u0131r.  <\/p>\n<p>Casusluk \u00f6nleyici filtreye sahip 9H temperli cam (~28\u00b0 a\u00e7\u0131)<br \/>\n\u2713 Parmak izi okuyucu ve Y\u00fcz Tan\u0131ma Kilidi cam\u0131n i\u00e7inden \u00e7al\u0131\u015f\u0131r<br \/>\n\u2713 Oleofobik parmak izine dayan\u0131kl\u0131 kaplama<br \/>\n\u2713 K\u0131l\u0131f dostu, kabarc\u0131ks\u0131z kurulum<br \/>\n\u2713 Google Pixel 8a&#8217;ya uyacak \u015fekilde kesilmi\u015ftir<\/p>\n","protected":false},"featured_media":45877,"comment_status":"closed","ping_status":"closed","template":"","meta":[],"product_brand":[],"product_cat":[2413],"product_tag":[],"class_list":{"0":"post-67023","1":"product","2":"type-product","3":"status-publish","4":"has-post-thumbnail","6":"product_cat-ekran-koruyucular","7":"product_shipping_class-posta-kutusu-paketi-gizlilik-araclari","9":"first","10":"onbackorder","11":"taxable","12":"shipping-taxable","13":"purchasable","14":"product-type-simple"},"_links":{"self":[{"href":"https:\/\/www.cryptvice.com\/tr\/wp-json\/wp\/v2\/product\/67023","targetHints":{"allow":["GET"]}}],"collection":[{"href":"https:\/\/www.cryptvice.com\/tr\/wp-json\/wp\/v2\/product"}],"about":[{"href":"https:\/\/www.cryptvice.com\/tr\/wp-json\/wp\/v2\/types\/product"}],"replies":[{"embeddable":true,"href":"https:\/\/www.cryptvice.com\/tr\/wp-json\/wp\/v2\/comments?post=67023"}],"version-history":[{"count":0,"href":"https:\/\/www.cryptvice.com\/tr\/wp-json\/wp\/v2\/product\/67023\/revisions"}],"wp:featuredmedia":[{"embeddable":true,"href":"https:\/\/www.cryptvice.com\/tr\/wp-json\/wp\/v2\/media\/45877"}],"wp:attachment":[{"href":"https:\/\/www.cryptvice.com\/tr\/wp-json\/wp\/v2\/media?parent=67023"}],"wp:term":[{"taxonomy":"product_brand","embeddable":true,"href":"https:\/\/www.cryptvice.com\/tr\/wp-json\/wp\/v2\/product_brand?post=67023"},{"taxonomy":"product_cat","embeddable":true,"href":"https:\/\/www.cryptvice.com\/tr\/wp-json\/wp\/v2\/product_cat?post=67023"},{"taxonomy":"product_tag","embeddable":true,"href":"https:\/\/www.cryptvice.com\/tr\/wp-json\/wp\/v2\/product_tag?post=67023"}],"curies":[{"name":"wp","href":"https:\/\/api.w.org\/{rel}","templated":true}]}}