{"id":67202,"date":"2024-06-25T18:09:21","date_gmt":"2024-06-25T16:09:21","guid":{"rendered":"https:\/\/www.cryptvice.com\/shop\/pixel-7-privacy-screen-protector\/"},"modified":"2026-03-13T13:09:39","modified_gmt":"2026-03-13T11:09:39","slug":"pixel-7-privacy-screen-protector","status":"publish","type":"product","link":"https:\/\/www.cryptvice.com\/tr\/shop\/pixel-7-privacy-screen-protector\/","title":{"rendered":"Pixel 7 &#8211; Gizlilik Ekran Koruyucu"},"content":{"rendered":"\t\t<div data-elementor-type=\"product-post\" data-elementor-id=\"67202\" class=\"elementor elementor-67202 elementor-15884\" data-elementor-post-type=\"product\">\n\t\t\t\t<div class=\"wd-negative-gap elementor-element elementor-element-38fca0ba e-flex e-con-boxed e-con e-parent\" data-id=\"38fca0ba\" data-element_type=\"container\" data-e-type=\"container\">\n\t\t\t\t\t<div class=\"e-con-inner\">\n\t\t\t\t\t<\/div>\n\t\t\t\t<\/div>\n\t\t\t\t<\/div>\n\t\t","protected":false},"excerpt":{"rendered":"<p>Google Pixel 7 gizlilik ekran koruyucusu, ekran\u0131n\u0131z\u0131n yan a\u00e7\u0131lardan g\u00f6r\u00fcnmez olmas\u0131n\u0131 sa\u011flar. Mikro panjur filtresi, do\u011frudan \u00f6n\u00fcnde olmayan herkes i\u00e7in ekran\u0131 karart\u0131r. Pixel 7 parmak izi sens\u00f6r\u00fc ve t\u00fcm biyometrik \u00f6zelliklerle tam uyumludur.  <\/p>\n<p>Mikro panjurlu gizlilik katman\u0131na sahip 9H temperli cam<br \/>\n\u2713 Ekran alt\u0131 parmak izi okuyucu sorunsuz \u00e7al\u0131\u015f\u0131r<br \/>\n\u2713 Parmak izi b\u0131rakmayan oleofobik y\u00fczey<br \/>\n\u2713 Kolay uygulama &#8211; hava kabarc\u0131\u011f\u0131 yok<br \/>\n\u2713 Google Pixel 7&#8217;ye uyacak \u015fekilde \u00fcretilmi\u015ftir<\/p>\n","protected":false},"featured_media":45900,"comment_status":"closed","ping_status":"closed","template":"","meta":[],"product_brand":[],"product_cat":[2413],"product_tag":[],"class_list":{"0":"post-67202","1":"product","2":"type-product","3":"status-publish","4":"has-post-thumbnail","6":"product_cat-ekran-koruyucular","7":"product_shipping_class-posta-kutusu-paketi-gizlilik-araclari","9":"first","10":"instock","11":"taxable","12":"shipping-taxable","13":"purchasable","14":"product-type-simple"},"_links":{"self":[{"href":"https:\/\/www.cryptvice.com\/tr\/wp-json\/wp\/v2\/product\/67202","targetHints":{"allow":["GET"]}}],"collection":[{"href":"https:\/\/www.cryptvice.com\/tr\/wp-json\/wp\/v2\/product"}],"about":[{"href":"https:\/\/www.cryptvice.com\/tr\/wp-json\/wp\/v2\/types\/product"}],"replies":[{"embeddable":true,"href":"https:\/\/www.cryptvice.com\/tr\/wp-json\/wp\/v2\/comments?post=67202"}],"version-history":[{"count":0,"href":"https:\/\/www.cryptvice.com\/tr\/wp-json\/wp\/v2\/product\/67202\/revisions"}],"wp:featuredmedia":[{"embeddable":true,"href":"https:\/\/www.cryptvice.com\/tr\/wp-json\/wp\/v2\/media\/45900"}],"wp:attachment":[{"href":"https:\/\/www.cryptvice.com\/tr\/wp-json\/wp\/v2\/media?parent=67202"}],"wp:term":[{"taxonomy":"product_brand","embeddable":true,"href":"https:\/\/www.cryptvice.com\/tr\/wp-json\/wp\/v2\/product_brand?post=67202"},{"taxonomy":"product_cat","embeddable":true,"href":"https:\/\/www.cryptvice.com\/tr\/wp-json\/wp\/v2\/product_cat?post=67202"},{"taxonomy":"product_tag","embeddable":true,"href":"https:\/\/www.cryptvice.com\/tr\/wp-json\/wp\/v2\/product_tag?post=67202"}],"curies":[{"name":"wp","href":"https:\/\/api.w.org\/{rel}","templated":true}]}}