{"id":68362,"date":"2026-03-16T13:32:15","date_gmt":"2026-03-16T11:32:15","guid":{"rendered":"https:\/\/www.cryptvice.com\/?post_type=product&#038;p=68362"},"modified":"2026-04-24T20:59:24","modified_gmt":"2026-04-24T18:59:24","slug":"google-pixel-9a-grapheneos-vpn-sifreli","status":"publish","type":"product","link":"https:\/\/www.cryptvice.com\/tr\/shop\/google-pixel-9a-grapheneos-vpn-sifreli\/","title":{"rendered":"Google Pixel 10a GrapheneOS VPN \u015eifreli"},"content":{"rendered":"\t\t<div data-elementor-type=\"product-post\" data-elementor-id=\"68362\" class=\"elementor elementor-68362 elementor-68302\" data-elementor-post-type=\"product\">\n\t\t\t\t<div class=\"wd-negative-gap elementor-element elementor-element-3cda95f6 e-flex e-con-boxed e-con e-parent\" data-id=\"3cda95f6\" data-element_type=\"container\" data-e-type=\"container\">\n\t\t\t\t\t<div class=\"e-con-inner\">\n\t\t\t\t\t\t\t<h2 \n\t\tdata-interaction-id=\"65471633\" \n\t\tclass=\"text-balance e-65471633-a1dbfa1 e-heading-base\" \n\t\t \n\t\tdata-e-type=\"widget\" data-id=\"65471633\"\n\t>\n\t\n\t\t\tGoogle Pixel 10a GrapheneOS kimler i\u00e7in\n\t\t<\/h2>\n\t\t\t\t\t\t\t\t<p class=\"paragraph-small e-paragraph-base\" data-interaction-id=\"f7f7851\"  data-e-type=\"widget\" data-id=\"f7f7851\">\n\t\t\t\t\t\t\t\tGoogle Pixel 10a GrapheneOS VPN Encrypted, amiral gemisi fiyat etiketi olmadan ciddi gizlilik isteyen kullan\u0131c\u0131lar i\u00e7in \u00fcretilmi\u015ftir:<br><br>- Stok Android'den ge\u00e7i\u015f yapan ilk GrapheneOS kullan\u0131c\u0131lar\u0131<br>- \u00d6\u011frenciler, serbest \u00e7al\u0131\u015fanlar ve hassas i\u015flerle u\u011fra\u015fan ba\u011f\u0131ms\u0131z profesyoneller<br>- \u00dcst d\u00fczey cihazlar\u0131m\u0131zla ayn\u0131 i\u015fletim sistemi ve g\u00fcvenlik y\u0131\u011f\u0131n\u0131n\u0131 isteyen gizlilik bilincine sahip bireyler<br>- Donan\u0131m katman\u0131n\u0131n GrapheneOS'un korudu\u011fu \u015feyi de\u011fi\u015ftirmedi\u011fini anlayan herkes<br><br>Pixel 10a, Pixel 10 ile ayn\u0131 Tensor G5 i\u015flemciyi ve Titan M2 g\u00fcvenlik \u00e7ipini ta\u015f\u0131yor. Uygulad\u0131\u011f\u0131m\u0131z sertle\u015ftirme ayn\u0131. Kamera sistemi daha basit oldu\u011fu i\u00e7in fiyat daha d\u00fc\u015f\u00fck - g\u00fcvenlik daha basit oldu\u011fu i\u00e7in de\u011fil.  \n\t\t\t\t\t<\/p>\n\t\t\t\t\t\t\t<h2 \n\t\tdata-interaction-id=\"67c46f93\" \n\t\tclass=\"text-balance e-67c46f93-1bdd616 e-heading-base\" \n\t\t \n\t\tdata-e-type=\"widget\" data-id=\"67c46f93\"\n\t>\n\t\n\t\t\tPixel 10a \u00fczerinde GrapheneOS\n\t\t<\/h2>\n\t\t\t\t\t\t\t\t<p class=\"paragraph-small e-paragraph-base\" data-interaction-id=\"3169cfd2\"  data-e-type=\"widget\" data-id=\"3169cfd2\">\n\t\t\t\t\t\t\t\tKurulum, serimizdeki di\u011fer t\u00fcm cihazlarla ayn\u0131d\u0131r:<br><br>- Resmi kriptografik olarak imzalanm\u0131\u015f kaynaklardan do\u011frulanm\u0131\u015f GrapheneOS derlemesi<br>- Donan\u0131m zorlamal\u0131 do\u011frulanm\u0131\u015f \u00f6ny\u00fckleme i\u00e7in kurulumdan sonra \u00f6ny\u00fckleyici kilitlendi<br>- T\u00fcm Google hizmetleri kald\u0131r\u0131ld\u0131 - Play Hizmetleri yok, telemetri yok, istisna yok<br>- Sistem, belgelenmi\u015f mobil sald\u0131r\u0131 vekt\u00f6rlerine kar\u015f\u0131 g\u00fc\u00e7lendirildi<br>- Tensor G5 donan\u0131m\u0131nda istikrarl\u0131, verimli performans i\u00e7in yap\u0131land\u0131r\u0131ld\u0131<br><br>Pixel 10a, 2032 y\u0131l\u0131na kadar g\u00fcvenlik g\u00fcncellemeleriyle desteklenmektedir.\n\t\t\t\t\t<\/p>\n\t\t\t\t\t\t\t<h2 \n\t\tdata-interaction-id=\"7596d27f\" \n\t\tclass=\"text-balance e-7596d27f-841ab4e e-heading-base\" \n\t\t \n\t\tdata-e-type=\"widget\" data-id=\"7596d27f\"\n\t>\n\t\n\t\t\tPixel 10a \u00fczerinde uygulama sertle\u015ftirme\n\t\t<\/h2>\n\t\t\t\t\t\t\t\t<p class=\"paragraph-small e-paragraph-base\" data-interaction-id=\"29655ed6\"  data-e-type=\"widget\" data-id=\"29655ed6\">\n\t\t\t\t\t\t\t\tHer uygulama ayr\u0131 ayr\u0131 yap\u0131land\u0131r\u0131l\u0131r - ayn\u0131 standart en pahal\u0131 cihaz\u0131m\u0131za da uygulan\u0131r:<br><br>- Uygulama ba\u015f\u0131na i\u015flevsel minimuma indirilmi\u015f izinler<br>- Sessiz veri iletimini \u00f6nlemek i\u00e7in arka plan i\u015flemleri k\u0131s\u0131tlanm\u0131\u015ft\u0131r<br>- A\u011f eri\u015fimi uygulama ba\u015f\u0131na kapsaml\u0131d\u0131r - genel olarak verilmez<br>- GrapheneOS sandboxing t\u00fcm y\u00fckl\u00fc uygulamalar aras\u0131nda zorunludur<br>- Uygulamalar aras\u0131 veri maruziyetini \u00f6nlemek i\u00e7in izole edilmi\u015f depolama eri\u015fimi\n\t\t\t\t\t<\/p>\n\t\t\t\t\t\t\t<h2 \n\t\tdata-interaction-id=\"724c0e34\" \n\t\tclass=\"text-balance e-724c0e34-b526a74 e-heading-base\" \n\t\t \n\t\tdata-e-type=\"widget\" data-id=\"724c0e34\"\n\t>\n\t\n\t\t\t\u015eifrelenmi\u015f VPN ba\u011flant\u0131s\u0131\n\t\t<\/h2>\n\t\t\t\t\t\t\t\t<p class=\"paragraph-small e-paragraph-base\" data-interaction-id=\"3f3ebf6\"  data-e-type=\"widget\" data-id=\"3f3ebf6\">\n\t\t\t\t\t\t\t\t\u00d6deme s\u0131ras\u0131nda sa\u011flay\u0131c\u0131n\u0131z\u0131 se\u00e7in - sevkiyattan \u00f6nce kurulur, yap\u0131land\u0131r\u0131l\u0131r ve test edilir:<br><br>- Mullvad - hesap gerekmez, anonim \u00f6deme, \u0130sve\u00e7 yarg\u0131 yetkisi<br>- iVPN - a\u00e7\u0131k kaynak denetimli istemci, \u00e7ok atlamal\u0131 y\u00f6nlendirme, Cebelitar\u0131k tabanl\u0131<br>- ProtonVPN - \u0130svi\u00e7re yasal korumas\u0131, Secure Core sunucu y\u00f6nlendirmesi<br><br>VPN, a\u00e7t\u0131\u011f\u0131n\u0131z andan itibaren etkindir. Kurulum gerekmez. \n\t\t\t\t\t<\/p>\n\t\t\t\t\t\t\t<h2 \n\t\tdata-interaction-id=\"11f53c5f\" \n\t\tclass=\"text-balance e-11f53c5f-af4afa2 e-heading-base\" \n\t\t \n\t\tdata-e-type=\"widget\" data-id=\"11f53c5f\"\n\t>\n\t\n\t\t\tGoogle Pixel 10a'da \u00f6nceden y\u00fcklenmi\u015f gizlilik ara\u00e7lar\u0131\n\t\t<\/h2>\n\t\t\t\t\t\t\t\t<p class=\"paragraph-small e-paragraph-base\" data-interaction-id=\"43be036f\"  data-e-type=\"widget\" data-id=\"43be036f\">\n\t\t\t\t\t\t\t\tG\u00fcvenli a\u011f<br>- Orbot - Y\u00fcksek anonimlik kullan\u0131m durumlar\u0131 i\u00e7in Tor a\u011f y\u00f6nlendirmesi<br>- Premium VPN - se\u00e7ti\u011finiz sa\u011flay\u0131c\u0131, \u00f6nceden yap\u0131land\u0131r\u0131lm\u0131\u015f ve test edilmi\u015f<br><br>\u00d6zel tarama<br>- Firefox Focus - izleyici yok, kal\u0131c\u0131 oturum ge\u00e7mi\u015fi yok<br><br>Uygulama eri\u015fimi<br>- Aurora Store - Google hesab\u0131 olmadan Play Store uygulamalar\u0131<br>- F-Droid - a\u00e7\u0131k kaynakl\u0131 uygulama deposu<br><br>G\u00fcvenli ileti\u015fim<br>- Molly - g\u00fc\u00e7lendirilmi\u015f g\u00fcvenlik mimarisine sahip sertle\u015ftirilmi\u015f Signal \u00e7atal\u0131<br>- Threema - \u0130svi\u00e7re'de geli\u015ftirilmi\u015f u\u00e7tan uca \u015fifreli mesajla\u015fma, GDPR uyumlu<br>- SimpleX - merkezi olmayan, telefon numaras\u0131 yok, kullan\u0131c\u0131 kimli\u011fi yok<br><br>\u00dcretkenlik<br>- Standard Notes - u\u00e7tan uca \u015fifrelenmi\u015f, bulut gerektirmez<br>- eM \u0130stemcisi - izleme veya veri parasalla\u015ft\u0131rma olmadan e-posta\n\t\t\t\t\t<\/p>\n\t\t\t\t\t\t\t<h2 \n\t\tdata-interaction-id=\"474c4def\" \n\t\tclass=\"text-balance e-474c4def-b0b5a73 e-heading-base\" \n\t\t \n\t\tdata-e-type=\"widget\" data-id=\"474c4def\"\n\t>\n\t\n\t\t\tCryptvice'\u0131 farkl\u0131 k\u0131lan nedir\n\t\t<\/h2>\n\t\t\t\t\t\t\t\t<p class=\"paragraph-small e-paragraph-base\" data-interaction-id=\"529eb46\"  data-e-type=\"widget\" data-id=\"529eb46\">\n\t\t\t\t\t\t\t\t- Bireysel yap\u0131land\u0131rma - her cihaz sevkiyattan \u00f6nce elle haz\u0131rlan\u0131r<br>- Sevkiyat \u00f6ncesi do\u011frulama - her sipari\u015fte g\u00fcvenlik kontrol\u00fc<br>- Gizli paketleme - n\u00f6tr, teslimatta marka g\u00f6r\u00fcnmez<br>- Kripto para \u00f6demeleri - anonim sat\u0131n alma se\u00e7enekleri mevcuttur<br>- AB merkezli operasyonlar - Marbella, \u0130spanya'dan tam takip ile g\u00f6nderilir<br>- Uzman deste\u011fi - g\u00fcnl\u00fck GrapheneOS kullan\u0131c\u0131lar\u0131ndan 30 g\u00fcn\n\t\t\t\t\t<\/p>\n\t\t\t\t\t\t\t<h2 \n\t\tdata-interaction-id=\"5f61cf8a\" \n\t\tclass=\"text-balance e-5f61cf8a-28a75e6 e-heading-base\" \n\t\t \n\t\tdata-e-type=\"widget\" data-id=\"5f61cf8a\"\n\t>\n\t\n\t\t\tNakliye ve garanti\n\t\t<\/h2>\n\t\t\t\t\t\t\t\t<p class=\"paragraph-small e-paragraph-base\" data-interaction-id=\"79aa73cf\"  data-e-type=\"widget\" data-id=\"79aa73cf\">\n\t\t\t\t\t\t\t\tSipari\u015fler 1 i\u015f g\u00fcn\u00fc i\u00e7inde g\u00f6nderilir. Takip detaylar\u0131 sevkiyatta sa\u011flan\u0131r. <br><br>\u0130spanya i\u00e7inde ar\u0131zal\u0131 cihazlar i\u00e7in iade kabul edilir. Hatal\u0131 olmayan iadeler, iade nakliye masraflar\u0131na tabidir. Standart Google donan\u0131m garantisi ge\u00e7erlidir. Yaz\u0131l\u0131m yap\u0131land\u0131rmas\u0131 profesyonel hizmet olarak dahildir.   \n\t\t\t\t\t<\/p>\n\t\t\t\t\t\t\t\t<p class=\"paragraph-small button-dark-icon e-12b64e54-10faba0 e-paragraph-base\" data-interaction-id=\"12b64e54\"  data-e-type=\"widget\" data-id=\"12b64e54\">\n\t\t\t\t\t\t\t<a\n\t\t\t\t\thref=\"https:\/\/www.cryptvice.com\/tr\/help-and-support\/\" target=\"_self\"\n\t\t\t\t\tclass=\"e-paragraph-link-base\"\n\t\t\t\t>\n\t\t\t\t\t\tSorular\u0131n\u0131z m\u0131 var? Yard\u0131m ve Destek SSS b\u00f6l\u00fcm\u00fcm\u00fcze bak\u0131n \n\t\t\t\t<\/a>\n\t\t\t\t\t<\/p>\n\t\t\t\t\t<\/div>\n\t\t\t\t<\/div>\n\t\t\t\t<\/div>\n\t\t","protected":false},"excerpt":{"rendered":"<p>Google Pixel 10a GrapheneOS, Pixel 10 ile ayn\u0131 Tensor G5 i\u015flemciyi ve Titan M2 g\u00fcvenlik \u00e7ipini, korumadan \u00f6d\u00fcn vermeden daha eri\u015filebilir bir fiyat noktas\u0131nda \u00e7al\u0131\u015ft\u0131r\u0131r.<\/p>\n<p>\u2713 GrapheneOS ile \u00f6nceden y\u00fcklenmi\u015ftir &#8211; Google yok, izleme yok<br \/>\n\u2713 Signal, Molly ve Threema sanal numara ile etkinle\u015ftirildi<br \/>\n\u2713 Premium VPN + tam sertle\u015ftirme ile \u00e7ift profil<br \/>\n\u2713 USB veri engelleyici ve duress silme etkin<\/p>\n","protected":false},"featured_media":73591,"comment_status":"closed","ping_status":"closed","template":"","meta":[],"product_brand":[],"product_cat":[6651],"product_tag":[],"class_list":{"0":"post-68362","1":"product","2":"type-product","3":"status-publish","4":"has-post-thumbnail","6":"product_cat-cryptphones-2","7":"pa_audio-connection-hayir-2","8":"pa_battery-capacity-5100-mah","9":"pa_bluetooth-5-3-2","10":"pa_brand-google-2","11":"pa_camera-back-13-mp-f-22-120-ultra-genis","12":"pa_camera-back-48-mp-f-17-25-mm-genis","13":"pa_camera-front-13-mp-f-22-20-mm-ultra-genis","14":"pa_color-siyah-2","15":"pa_graphics-series-arm-mali-g715-mp7","16":"pa_guaranteed-security-updates-01-nisan-2032","17":"pa_manufacturer-guarantee-12-ay-2","18":"pa_model-pixel-10a","19":"pa_operating-system-grapheneos-2","20":"pa_processor-sekiz-cekirdekli-31-ghz","21":"pa_ram-size-8-gb-2","22":"pa_release-years-10-nisan-2025","23":"pa_resolution-1080-x-2424-piksel","24":"pa_screen-diagonal-6-3-2","25":"pa_screen-ppi-422-ufe","26":"pa_screen-ratio-209-oran-2","27":"pa_screen-refresh-rate-120hz-2","28":"pa_screen-type-p-oled","29":"pa_security-features-oem-kilit-acma-2","30":"pa_security-features-vpn-sifreli-2","31":"pa_storage-128-gb-2","32":"pa_system-chip-google-tensor-g4","33":"pa_vpn-cover-ivpn-12m-2","34":"pa_vpn-cover-ivpn-6m-2","35":"pa_vpn-cover-mullvad-12m","36":"pa_vpn-cover-mullvad-6m","37":"pa_vpn-cover-protonvpn-12m","39":"first","40":"instock","41":"featured","42":"taxable","43":"shipping-taxable","44":"purchasable","45":"product-type-variable"},"_links":{"self":[{"href":"https:\/\/www.cryptvice.com\/tr\/wp-json\/wp\/v2\/product\/68362","targetHints":{"allow":["GET"]}}],"collection":[{"href":"https:\/\/www.cryptvice.com\/tr\/wp-json\/wp\/v2\/product"}],"about":[{"href":"https:\/\/www.cryptvice.com\/tr\/wp-json\/wp\/v2\/types\/product"}],"replies":[{"embeddable":true,"href":"https:\/\/www.cryptvice.com\/tr\/wp-json\/wp\/v2\/comments?post=68362"}],"version-history":[{"count":3,"href":"https:\/\/www.cryptvice.com\/tr\/wp-json\/wp\/v2\/product\/68362\/revisions"}],"predecessor-version":[{"id":73602,"href":"https:\/\/www.cryptvice.com\/tr\/wp-json\/wp\/v2\/product\/68362\/revisions\/73602"}],"wp:featuredmedia":[{"embeddable":true,"href":"https:\/\/www.cryptvice.com\/tr\/wp-json\/wp\/v2\/media\/73591"}],"wp:attachment":[{"href":"https:\/\/www.cryptvice.com\/tr\/wp-json\/wp\/v2\/media?parent=68362"}],"wp:term":[{"taxonomy":"product_brand","embeddable":true,"href":"https:\/\/www.cryptvice.com\/tr\/wp-json\/wp\/v2\/product_brand?post=68362"},{"taxonomy":"product_cat","embeddable":true,"href":"https:\/\/www.cryptvice.com\/tr\/wp-json\/wp\/v2\/product_cat?post=68362"},{"taxonomy":"product_tag","embeddable":true,"href":"https:\/\/www.cryptvice.com\/tr\/wp-json\/wp\/v2\/product_tag?post=68362"}],"curies":[{"name":"wp","href":"https:\/\/api.w.org\/{rel}","templated":true}]}}